{"id":2174,"date":"2024-09-23T18:12:03","date_gmt":"2024-09-23T16:12:03","guid":{"rendered":"https:\/\/cocat.c.wetopi.com\/pago-por-tarjeta-de-debito-o-credito\/"},"modified":"2026-01-22T19:47:13","modified_gmt":"2026-01-22T18:47:13","slug":"pago-por-tarjeta-de-debito-o-credito","status":"publish","type":"page","link":"https:\/\/cocat.org\/es\/inscripciones\/pago-por-tarjeta-de-debito-o-credito\/","title":{"rendered":"Pago por tarjeta de d\u00e9bito o cr\u00e9dito"},"content":{"rendered":"\t\t<div data-elementor-type=\"wp-page\" data-elementor-id=\"2174\" class=\"elementor elementor-2174 elementor-933\" data-elementor-post-type=\"page\">\n\t\t\t\t<div class=\"elementor-element elementor-element-7ed4bdca e-con-full e-flex e-con e-parent\" data-id=\"7ed4bdca\" data-element_type=\"container\" data-e-type=\"container\" data-settings=\"{&quot;jet_parallax_layout_list&quot;:[],&quot;background_background&quot;:&quot;classic&quot;}\">\n\t\t\t\t<\/div>\n\t\t<div class=\"elementor-element elementor-element-426b64c e-flex e-con-boxed e-con e-parent\" data-id=\"426b64c\" data-element_type=\"container\" data-e-type=\"container\" data-settings=\"{&quot;jet_parallax_layout_list&quot;:[]}\">\n\t\t\t\t\t<div class=\"e-con-inner\">\n\t\t\t\t<div class=\"elementor-element elementor-element-fef024f elementor-widget elementor-widget-heading\" data-id=\"fef024f\" data-element_type=\"widget\" data-e-type=\"widget\" data-widget_type=\"heading.default\">\n\t\t\t\t<div class=\"elementor-widget-container\">\n\t\t\t\t\t<h4 class=\"elementor-heading-title elementor-size-default\">Pago con tarjeta<\/h4>\t\t\t\t<\/div>\n\t\t\t\t<\/div>\n\t\t\t\t\t<\/div>\n\t\t\t\t<\/div>\n\t\t<div class=\"elementor-element elementor-element-dcd5355 e-flex e-con-boxed e-con e-parent\" data-id=\"dcd5355\" data-element_type=\"container\" data-e-type=\"container\" data-settings=\"{&quot;jet_parallax_layout_list&quot;:[]}\">\n\t\t\t\t\t<div class=\"e-con-inner\">\n\t\t<div class=\"elementor-element elementor-element-8e51525 e-con-full e-flex e-con e-child\" data-id=\"8e51525\" data-element_type=\"container\" data-e-type=\"container\" data-settings=\"{&quot;jet_parallax_layout_list&quot;:[]}\">\n\t\t\t\t<div class=\"elementor-element elementor-element-676ff50 elementor-view-default elementor-widget elementor-widget-icon\" data-id=\"676ff50\" data-element_type=\"widget\" data-e-type=\"widget\" data-widget_type=\"icon.default\">\n\t\t\t\t<div class=\"elementor-widget-container\">\n\t\t\t\t\t\t\t<div class=\"elementor-icon-wrapper\">\n\t\t\t<div class=\"elementor-icon\">\n\t\t\t<svg aria-hidden=\"true\" class=\"e-font-icon-svg e-fas-pencil-alt\" viewBox=\"0 0 512 512\" xmlns=\"http:\/\/www.w3.org\/2000\/svg\"><path d=\"M497.9 142.1l-46.1 46.1c-4.7 4.7-12.3 4.7-17 0l-111-111c-4.7-4.7-4.7-12.3 0-17l46.1-46.1c18.7-18.7 49.1-18.7 67.9 0l60.1 60.1c18.8 18.7 18.8 49.1 0 67.9zM284.2 99.8L21.6 362.4.4 483.9c-2.9 16.4 11.4 30.6 27.8 27.8l121.5-21.3 262.6-262.6c4.7-4.7 4.7-12.3 0-17l-111-111c-4.8-4.7-12.4-4.7-17.1 0zM124.1 339.9c-5.5-5.5-5.5-14.3 0-19.8l154-154c5.5-5.5 14.3-5.5 19.8 0s5.5 14.3 0 19.8l-154 154c-5.5 5.5-14.3 5.5-19.8 0zM88 424h48v36.3l-64.5 11.3-31.1-31.1L51.7 376H88v48z\"><\/path><\/svg>\t\t\t<\/div>\n\t\t<\/div>\n\t\t\t\t\t\t<\/div>\n\t\t\t\t<\/div>\n\t\t\t\t<div class=\"elementor-element elementor-element-5b8cd43 elementor-widget elementor-widget-text-editor\" data-id=\"5b8cd43\" data-element_type=\"widget\" data-e-type=\"widget\" data-widget_type=\"text-editor.default\">\n\t\t\t\t<div class=\"elementor-widget-container\">\n\t\t\t\t\t\t\t\t\t<p>Puedes realizar tu compra con total tranquilidad, desde COCAT garantizamos la seguridad de tus datos y de tus compras mediante un sistema de pago seguro.<\/p><p>Tus datos son confidenciales y se env\u00edan directamente a la entidad financiera correspondiente. Podr\u00e1s realizar tus compras con tarjetas Visa y Mastercard. <\/p><p>He le\u00eddo y acepto las condiciones de pago.<\/p>\t\t\t\t\t\t\t\t<\/div>\n\t\t\t\t<\/div>\n\t\t\t\t<\/div>\n\t\t\t\t\t<\/div>\n\t\t\t\t<\/div>\n\t\t<div class=\"elementor-element elementor-element-8a59435 e-flex e-con-boxed e-con e-parent\" data-id=\"8a59435\" data-element_type=\"container\" data-e-type=\"container\" data-settings=\"{&quot;jet_parallax_layout_list&quot;:[]}\">\n\t\t\t\t\t<div class=\"e-con-inner\">\n\t\t\t\t<div class=\"elementor-element elementor-element-ef57ecd elementor-grid-3 elementor-grid-mobile-1 elementor-product-loop-item--align-center elementor-grid-tablet-3 elementor-products-grid elementor-wc-products elementor-widget elementor-widget-woocommerce-products\" data-id=\"ef57ecd\" data-element_type=\"widget\" data-e-type=\"widget\" data-widget_type=\"woocommerce-products.default\">\n\t\t\t\t<div class=\"elementor-widget-container\">\n\t\t\t\t\t<div class=\"woocommerce columns-3 \"><ul class=\"products elementor-grid columns-3\">\n<li class=\"product type-product post-2244 status-publish first instock product_cat-productos has-post-thumbnail virtual purchasable product-type-simple\">\n\t<a href=\"https:\/\/cocat.org\/es\/producto\/mayores-18-anos\/\" class=\"woocommerce-LoopProduct-link woocommerce-loop-product__link\"><img fetchpriority=\"high\" decoding=\"async\" width=\"300\" height=\"300\" src=\"https:\/\/cocat.org\/wp-content\/uploads\/2025\/12\/logo-productos-300x300.png\" class=\"attachment-woocommerce_thumbnail size-woocommerce_thumbnail\" alt=\"Mayores 18 a\u00f1os\" srcset=\"https:\/\/cocat.org\/wp-content\/uploads\/2025\/12\/logo-productos-300x300.png 300w, https:\/\/cocat.org\/wp-content\/uploads\/2025\/12\/logo-productos-100x100.png 100w, https:\/\/cocat.org\/wp-content\/uploads\/2025\/12\/logo-productos-150x150.png 150w, https:\/\/cocat.org\/wp-content\/uploads\/2025\/12\/logo-productos.png 600w\" sizes=\"(max-width: 300px) 100vw, 300px\" \/><h2 class=\"woocommerce-loop-product__title\">Mayores 18 a\u00f1os<\/h2>\n\t<span class=\"price\"><span class=\"woocommerce-Price-amount amount\"><bdi>150,00&nbsp;<span class=\"woocommerce-Price-currencySymbol\">&euro;<\/span><\/bdi><\/span><\/span>\n<\/a><div class=\"woocommerce-loop-product__buttons\"><a href=\"\/es\/wp-json\/wp\/v2\/pages\/2174?add-to-cart=2244\" aria-describedby=\"woocommerce_loop_add_to_cart_link_describedby_2244\" data-quantity=\"1\" class=\"button product_type_simple add_to_cart_button ajax_add_to_cart\" data-product_id=\"2244\" data-product_sku=\"CAMPSTREBALL+18\" aria-label=\"A\u00f1adir al carrito: &ldquo;Mayores 18 a\u00f1os&rdquo;\" rel=\"nofollow\" data-success_message=\"\u00abMayores 18 a\u00f1os\u00bb se ha a\u00f1adido a tu carrito\" role=\"button\">A\u00f1adir al carrito<\/a><\/div>\t<span id=\"woocommerce_loop_add_to_cart_link_describedby_2244\" class=\"screen-reader-text\">\n\t\t\t<\/span>\n<\/li>\n<li class=\"product type-product post-2242 status-publish instock product_cat-productos has-post-thumbnail virtual purchasable product-type-simple\">\n\t<a href=\"https:\/\/cocat.org\/es\/producto\/menores-18-anos\/\" class=\"woocommerce-LoopProduct-link woocommerce-loop-product__link\"><img decoding=\"async\" width=\"300\" height=\"300\" src=\"https:\/\/cocat.org\/wp-content\/uploads\/2025\/12\/logo-productos-300x300.png\" class=\"attachment-woocommerce_thumbnail size-woocommerce_thumbnail\" alt=\"Menores 18 a\u00f1os\" srcset=\"https:\/\/cocat.org\/wp-content\/uploads\/2025\/12\/logo-productos-300x300.png 300w, https:\/\/cocat.org\/wp-content\/uploads\/2025\/12\/logo-productos-100x100.png 100w, https:\/\/cocat.org\/wp-content\/uploads\/2025\/12\/logo-productos-150x150.png 150w, https:\/\/cocat.org\/wp-content\/uploads\/2025\/12\/logo-productos.png 600w\" sizes=\"(max-width: 300px) 100vw, 300px\" \/><h2 class=\"woocommerce-loop-product__title\">Menores 18 a\u00f1os<\/h2>\n\t<span class=\"price\"><span class=\"woocommerce-Price-amount amount\"><bdi>200,00&nbsp;<span class=\"woocommerce-Price-currencySymbol\">&euro;<\/span><\/bdi><\/span><\/span>\n<\/a><div class=\"woocommerce-loop-product__buttons\"><a href=\"\/es\/wp-json\/wp\/v2\/pages\/2174?add-to-cart=2242\" aria-describedby=\"woocommerce_loop_add_to_cart_link_describedby_2242\" data-quantity=\"1\" class=\"button product_type_simple add_to_cart_button ajax_add_to_cart\" data-product_id=\"2242\" data-product_sku=\"CAMPSTREBALL-18\" aria-label=\"A\u00f1adir al carrito: &ldquo;Menores 18 a\u00f1os&rdquo;\" rel=\"nofollow\" data-success_message=\"\u00abMenores 18 a\u00f1os\u00bb se ha a\u00f1adido a tu carrito\" role=\"button\">A\u00f1adir al carrito<\/a><\/div>\t<span id=\"woocommerce_loop_add_to_cart_link_describedby_2242\" class=\"screen-reader-text\">\n\t\t\t<\/span>\n<\/li>\n<li class=\"product type-product post-2239 status-publish last instock product_cat-productos has-post-thumbnail virtual sold-individually purchasable product-type-simple\">\n\t<a href=\"https:\/\/cocat.org\/es\/producto\/otras-cantidades\/\" class=\"woocommerce-LoopProduct-link woocommerce-loop-product__link\"><img decoding=\"async\" width=\"300\" height=\"300\" src=\"https:\/\/cocat.org\/wp-content\/uploads\/2025\/12\/logo-productos-300x300.png\" class=\"attachment-woocommerce_thumbnail size-woocommerce_thumbnail\" alt=\"Otras cantidades\" srcset=\"https:\/\/cocat.org\/wp-content\/uploads\/2025\/12\/logo-productos-300x300.png 300w, https:\/\/cocat.org\/wp-content\/uploads\/2025\/12\/logo-productos-100x100.png 100w, https:\/\/cocat.org\/wp-content\/uploads\/2025\/12\/logo-productos-150x150.png 150w, https:\/\/cocat.org\/wp-content\/uploads\/2025\/12\/logo-productos.png 600w\" sizes=\"(max-width: 300px) 100vw, 300px\" \/><h2 class=\"woocommerce-loop-product__title\">Otras cantidades<\/h2>\n<\/a><div class=\"woocommerce-loop-product__buttons\"><a href=\"https:\/\/cocat.org\/es\/producto\/otras-cantidades\/\" aria-describedby=\"woocommerce_loop_add_to_cart_link_describedby_2239\" data-quantity=\"1\" class=\"button product_type_simple add_to_cart_button\" data-product_id=\"2239\" data-product_sku=\"ALTRES QUANTITATS\" aria-label=\"A\u00f1adir al carrito: &ldquo;Otras cantidades&rdquo;\" rel=\"nofollow\" data-success_message=\"\u00abOtras cantidades\u00bb se ha a\u00f1adido a tu carrito\">Clica aqu\u00ed per triar l&#039;import<\/a><\/div>\t<span id=\"woocommerce_loop_add_to_cart_link_describedby_2239\" class=\"screen-reader-text\">\n\t\t\t<\/span>\n<\/li>\n<\/ul>\n<\/div>\t\t\t\t<\/div>\n\t\t\t\t<\/div>\n\t\t\t\t\t<\/div>\n\t\t\t\t<\/div>\n\t\t\t\t<\/div>\n\t\t","protected":false},"excerpt":{"rendered":"<p>Pago con tarjeta Puedes realizar tu compra con total tranquilidad, desde COCAT garantizamos la seguridad de tus datos y de tus compras mediante un sistema de pago seguro. Tus datos son confidenciales y se env\u00edan directamente a la entidad financiera correspondiente. Podr\u00e1s realizar tus compras con tarjetas Visa y Mastercard. He le\u00eddo y acepto las &#8230; <a title=\"Pago por tarjeta de d\u00e9bito o cr\u00e9dito\" class=\"read-more\" href=\"https:\/\/cocat.org\/es\/inscripciones\/pago-por-tarjeta-de-debito-o-credito\/\" aria-label=\"Leer m\u00e1s sobre Pago por tarjeta de d\u00e9bito o cr\u00e9dito\">Leer m\u00e1s<\/a><\/p>\n","protected":false},"author":1,"featured_media":0,"parent":2285,"menu_order":0,"comment_status":"closed","ping_status":"closed","template":"elementor_header_footer","meta":{"footnotes":""},"class_list":["post-2174","page","type-page","status-publish"],"_links":{"self":[{"href":"https:\/\/cocat.org\/es\/wp-json\/wp\/v2\/pages\/2174","targetHints":{"allow":["GET"]}}],"collection":[{"href":"https:\/\/cocat.org\/es\/wp-json\/wp\/v2\/pages"}],"about":[{"href":"https:\/\/cocat.org\/es\/wp-json\/wp\/v2\/types\/page"}],"author":[{"embeddable":true,"href":"https:\/\/cocat.org\/es\/wp-json\/wp\/v2\/users\/1"}],"replies":[{"embeddable":true,"href":"https:\/\/cocat.org\/es\/wp-json\/wp\/v2\/comments?post=2174"}],"version-history":[{"count":1,"href":"https:\/\/cocat.org\/es\/wp-json\/wp\/v2\/pages\/2174\/revisions"}],"predecessor-version":[{"id":2175,"href":"https:\/\/cocat.org\/es\/wp-json\/wp\/v2\/pages\/2174\/revisions\/2175"}],"up":[{"embeddable":true,"href":"https:\/\/cocat.org\/es\/wp-json\/wp\/v2\/pages\/2285"}],"wp:attachment":[{"href":"https:\/\/cocat.org\/es\/wp-json\/wp\/v2\/media?parent=2174"}],"curies":[{"name":"wp","href":"https:\/\/api.w.org\/{rel}","templated":true}]}}