{"id":2186,"date":"2024-02-27T21:06:22","date_gmt":"2024-02-27T20:06:22","guid":{"rendered":"https:\/\/cocat.c.wetopi.com\/politica-de-privacidad\/"},"modified":"2026-01-22T19:44:29","modified_gmt":"2026-01-22T18:44:29","slug":"politica-de-privacidad","status":"publish","type":"page","link":"https:\/\/cocat.org\/es\/politica-de-privacidad\/","title":{"rendered":"Pol\u00edtica de privacidad"},"content":{"rendered":"\t\t<div data-elementor-type=\"wp-page\" data-elementor-id=\"2186\" class=\"elementor elementor-2186 elementor-3\" data-elementor-post-type=\"page\">\n\t\t\t\t<div class=\"elementor-element elementor-element-2a600dd8 e-flex e-con-boxed e-con e-parent\" data-id=\"2a600dd8\" data-element_type=\"container\" data-e-type=\"container\" data-settings=\"{&quot;jet_parallax_layout_list&quot;:[]}\">\n\t\t\t\t\t<div class=\"e-con-inner\">\n\t\t\t\t<div class=\"elementor-element elementor-element-56b43182 elementor-widget elementor-widget-text-editor\" data-id=\"56b43182\" data-element_type=\"widget\" data-e-type=\"widget\" data-widget_type=\"text-editor.default\">\n\t\t\t\t<div class=\"elementor-widget-container\">\n\t\t\t\t\t\t\t\t\t<p>Coordinadora de Organizadores de Campos de Trabajo Internacionales de Catalu\u00f1a (\u201cCOCAT\u201d), como responsable del tratamiento, a trav\u00e9s de su plataforma cocat.org, garantiza un nivel adecuado y coherente de protecci\u00f3n de las personas f\u00edsicas en cuanto a sus datos personales, objeto de tratamiento por la empresa, de acuerdo con el Reglamento General de Protecci\u00f3n de Datos (679\/306) y garant\u00eda de los derechos digitales. COCAT s\u00f3lo trata datos personales con plena responsabilidad y lealtad, y de acuerdo a bases jur\u00eddicas que permiten la licitud del tratamiento. Asimismo, han adoptado las oportunas y apropiadas medidas de seguridad para la protecci\u00f3n de los derechos y libertades de las personas interesadas. A continuaci\u00f3n, se ofrece una informaci\u00f3n adicional y ampliada respecto a actividades de tratamiento espec\u00edficas, realizadas a trav\u00e9s de su sitio web:   <\/p>\n<p><strong>Responsable del tratamiento<\/strong><\/p>\n<p><strong>Identidad:<\/strong> Coordinadora de Organizadores de Campos de Trabajo Internacionales de Catalu\u00f1a (COCAT)<\/p>\n<p><strong>CIF:<\/strong> G63890636<\/p>\n<p><strong>Direcci\u00f3n Postal:<\/strong> Calle Cal\u00e0bria 120, 08015 Barcelona<\/p>\n<p><strong>Correo electr\u00f3nico:<\/strong> cocat@cocat.org<\/p>\n<p><strong>Finalidad del tratamiento de sus datos, legitimaci\u00f3n del tratamiento y conservaci\u00f3n.<\/strong><\/p>\n<p>En COCAT trataremos sus datos con las siguientes finalidades:<\/p>\n<ul>\n<li>Atender sus solicitudes de informaci\u00f3n a trav\u00e9s de nuestro correo electr\u00f3nico de contacto y enviarle nuestro bolet\u00edn informativo legitimados por el consentimiento que nos presta al ponerse en contacto con nosotros y suscribirse a nuestro bolet\u00edn informativo. Art\u00edculo 6.1.a) RGPD 2016\/679. <\/li>\n<li>Gestionar su alta como Usuario de nuestra plataforma y prestarle nuestros servicios a trav\u00e9s de ella, legitimados por la relaci\u00f3n contractual para la prestaci\u00f3n de servicios. Art\u00edculo 6.1.b) RGPD 2016\/679. <\/li>\n<li>Enviar a los usuarios de nuestra plataforma nuestro bolet\u00edn informativo y comunicaciones comerciales relacionadas con nuestros servicios, legitimados por nuestro leg\u00edtimo inter\u00e9s. Art\u00edculo 6.1.f) RGPD 2016\/679. <\/li>\n<\/ul>\n<p>Una vez cumplida la finalidad por la que se llev\u00f3 a cabo el tratamiento de sus datos, \u00e9stos se destruir\u00e1n y s\u00f3lo se conservar\u00e1n los necesarios para realizar reclamaciones o cumplir con las normativas aplicables. En el caso de los datos necesarios para realizar comunicaciones comerciales, se mantendr\u00e1n hasta los plazos que determine la legislaci\u00f3n o hasta el momento en que el interesado se oponga al tratamiento. <\/p>\n<p><strong>Destinatarios de sus datos<\/strong><\/p>\n<p>Sus datos podr\u00e1n ser cedidos a terceras entidades colaboradoras de COCAT y la Generalitat de Catalunya, as\u00ed como a otras organizaciones y entidades con las que colabora el Responsable del tratamiento, para llevar a cabo su actividad. Por todo lo que resta, no se contempla ning\u00fan otro tipo de cesi\u00f3n de datos a terceros en ning\u00fan caso, salvo cuando exista una obligaci\u00f3n legal. <\/p>\n<p><strong>Transferencias internacionales<\/strong><\/p>\n<p>Para poder ofrecerle nuestros servicios, COCAT contrata recursos que realizan transferencias internacionales de datos a terceros pa\u00edses situados fuera de la Uni\u00f3n Europea. Estos pa\u00edses cuentan con un adecuado nivel de protecci\u00f3n de datos declarado por la Comisi\u00f3n Europea y tambi\u00e9n con la aportaci\u00f3n de garant\u00edas adecuadas como el convenio con EE.UU. llamado FECHA PRIVACY FRAMEWORK. Las actividades donde se realizan estas transferencias internacionales de datos son:  <\/p>\n<ul>\n<li>Cuando se env\u00edan los datos que nos ha facilitado para suscribirse a nuestro bolet\u00edn informativo, mediante la empresa Google Workspace, que realiza su actividad de tratamiento de sus datos personales en terceros pa\u00edses fuera de la Uni\u00f3n Europea. La versi\u00f3n completa de su Pol\u00edtica de Privacidad, puede consultarse en sus correspondientes pol\u00edticas sobre el tratamiento de los datos recogidos: <a href=\"https:\/\/business.safety.google\/compliance\/?hl=es\" target=\"_blank\" rel=\"noopener\">https:\/\/business.safety.google\/compliance\/?hl=es<\/a> . <\/li>\n<li>COCAT, el Responsable del tratamiento, contrata su infraestructura virtual seg\u00fan un modelo de \u201ccomputaci\u00f3n en la nube\u201d a trav\u00e9s de una empresa especializada, ubicada en territorio Europeo. Esta empresa realiza las copias de seguridad a trav\u00e9s de IDRIVE, cuya sede se encuentra en EEUU. Asimismo, COCAT realiza la copia de seguridad de sus bases de datos mediante Google Workspace. La informaci\u00f3n sobre el tratamiento de la informaci\u00f3n la tiene disponible en idrive.com\/privacy y <a href=\"https:\/\/business.safety.google\/compliance\/?hl=es\" target=\"_blank\" rel=\"noopener\">https:\/\/business.safety.google\/compliance\/?hl=es<\/a> respectivamente.   <\/li>\n<li>Los casos en los que tambi\u00e9n pueda haber transferencias internacionales de datos, ser\u00e1n a trav\u00e9s de las Cookies provenientes de terceros (Google, Google Analytics, WordPress y GDPR Cookie Consent Plugin). Puede informarse de las transferencias de datos a pa\u00edses terceros que, en su caso, realizan los terceros identificados en esta pol\u00edtica de cookies, en sus correspondientes pol\u00edticas sobre el tratamiento de los datos recogidos. <\/li>\n<\/ul>\n<p><strong>Decisiones automatizadas incluida la elaboraci\u00f3n de perfiles<\/strong><\/p>\n<p>COCAT, no realiza la toma de decisiones automatizadas y tampoco la elaboraci\u00f3n de perfiles.<\/p>\n<p><strong>Derechos del interesado<\/strong><\/p>\n<p>Como usuario de cocat.org, tiene derecho a:<\/p>\n<ul>\n<li>Acceso, rectificaci\u00f3n y supresi\u00f3n, a la limitaci\u00f3n del tratamiento, a la portabilidad de los datos y de oposici\u00f3n al tratamiento, en el momento en que crea que no son necesarios para la finalidad por la que fueron recogidos.<\/li>\n<li>A solicitar la limitaci\u00f3n del tratamiento, s\u00f3lo se conservar\u00e1n los datos estrictamente necesarios para realizar las reclamaciones.<\/li>\n<li>Retirar su consentimiento, en cualquier momento. Para proceder al ejercicio de derechos debe ponerse en contacto con nosotros en nuestra direcci\u00f3n de correo electr\u00f3nico cocat@cocat.org. Si considera que sus derechos de protecci\u00f3n de datos han sido vulnerados, tiene derecho a presentar una reclamaci\u00f3n ante la Agencia Espa\u00f1ola de Protecci\u00f3n de Datos a trav\u00e9s de su sitio web aepd.es.  <\/li>\n<\/ul>\t\t\t\t\t\t\t\t<\/div>\n\t\t\t\t<\/div>\n\t\t\t\t\t<\/div>\n\t\t\t\t<\/div>\n\t\t\t\t<\/div>\n\t\t","protected":false},"excerpt":{"rendered":"<p>Coordinadora de Organizadores de Campos de Trabajo Internacionales de Catalu\u00f1a (\u201cCOCAT\u201d), como responsable del tratamiento, a trav\u00e9s de su plataforma cocat.org, garantiza un nivel adecuado y coherente de protecci\u00f3n de las personas f\u00edsicas en cuanto a sus datos personales, objeto de tratamiento por la empresa, de acuerdo con el Reglamento General de Protecci\u00f3n de Datos &#8230; <a title=\"Pol\u00edtica de privacidad\" class=\"read-more\" href=\"https:\/\/cocat.org\/es\/politica-de-privacidad\/\" aria-label=\"Leer m\u00e1s sobre Pol\u00edtica de privacidad\">Leer m\u00e1s<\/a><\/p>\n","protected":false},"author":1,"featured_media":0,"parent":0,"menu_order":0,"comment_status":"closed","ping_status":"closed","template":"","meta":{"footnotes":""},"class_list":["post-2186","page","type-page","status-publish"],"_links":{"self":[{"href":"https:\/\/cocat.org\/es\/wp-json\/wp\/v2\/pages\/2186","targetHints":{"allow":["GET"]}}],"collection":[{"href":"https:\/\/cocat.org\/es\/wp-json\/wp\/v2\/pages"}],"about":[{"href":"https:\/\/cocat.org\/es\/wp-json\/wp\/v2\/types\/page"}],"author":[{"embeddable":true,"href":"https:\/\/cocat.org\/es\/wp-json\/wp\/v2\/users\/1"}],"replies":[{"embeddable":true,"href":"https:\/\/cocat.org\/es\/wp-json\/wp\/v2\/comments?post=2186"}],"version-history":[{"count":1,"href":"https:\/\/cocat.org\/es\/wp-json\/wp\/v2\/pages\/2186\/revisions"}],"predecessor-version":[{"id":2187,"href":"https:\/\/cocat.org\/es\/wp-json\/wp\/v2\/pages\/2186\/revisions\/2187"}],"wp:attachment":[{"href":"https:\/\/cocat.org\/es\/wp-json\/wp\/v2\/media?parent=2186"}],"curies":[{"name":"wp","href":"https:\/\/api.w.org\/{rel}","templated":true}]}}