{"id":2192,"date":"2024-07-02T12:05:04","date_gmt":"2024-07-02T10:05:04","guid":{"rendered":"https:\/\/cocat.c.wetopi.com\/consejos-para-el-viaje\/"},"modified":"2026-02-01T21:03:23","modified_gmt":"2026-02-01T20:03:23","slug":"consejos-para-el-viaje","status":"publish","type":"page","link":"https:\/\/cocat.org\/es\/campos-de-trabajo\/consejos-para-el-viaje\/","title":{"rendered":"Consejos para el viaje"},"content":{"rendered":"\t\t<div data-elementor-type=\"wp-page\" data-elementor-id=\"2192\" class=\"elementor elementor-2192 elementor-545\" data-elementor-post-type=\"page\">\n\t\t\t\t<div class=\"elementor-element elementor-element-7ed4bdca e-con-full e-flex e-con e-parent\" data-id=\"7ed4bdca\" data-element_type=\"container\" data-e-type=\"container\" data-settings=\"{&quot;jet_parallax_layout_list&quot;:[],&quot;background_background&quot;:&quot;classic&quot;}\">\n\t\t\t\t<\/div>\n\t\t<div class=\"elementor-element elementor-element-426b64c e-flex e-con-boxed e-con e-parent\" data-id=\"426b64c\" data-element_type=\"container\" data-e-type=\"container\" data-settings=\"{&quot;jet_parallax_layout_list&quot;:[]}\">\n\t\t\t\t\t<div class=\"e-con-inner\">\n\t\t\t\t<div class=\"elementor-element elementor-element-fef024f elementor-widget elementor-widget-heading\" data-id=\"fef024f\" data-element_type=\"widget\" data-e-type=\"widget\" data-widget_type=\"heading.default\">\n\t\t\t\t<div class=\"elementor-widget-container\">\n\t\t\t\t\t<h4 class=\"elementor-heading-title elementor-size-default\">Consejos para el viaje<\/h4>\t\t\t\t<\/div>\n\t\t\t\t<\/div>\n\t\t\t\t\t<\/div>\n\t\t\t\t<\/div>\n\t\t<div class=\"elementor-element elementor-element-53f2d77 e-flex e-con-boxed e-con e-parent\" data-id=\"53f2d77\" data-element_type=\"container\" data-e-type=\"container\" data-settings=\"{&quot;jet_parallax_layout_list&quot;:[]}\">\n\t\t\t\t\t<div class=\"e-con-inner\">\n\t\t\t\t<div class=\"elementor-element elementor-element-9fcce94 elementor-widget elementor-widget-text-editor\" data-id=\"9fcce94\" data-element_type=\"widget\" data-e-type=\"widget\" data-widget_type=\"text-editor.default\">\n\t\t\t\t<div class=\"elementor-widget-container\">\n\t\t\t\t\t\t\t\t\t<p>\u00a1Atenci\u00f3n! En esta p\u00e1gina le damos consejos para viajar, pero remarcamos que nosotros no nos responsabilizamos de su viaje; con esta p\u00e1gina queremos facilitarnos las condiciones, partiendo de nuestra experiencia y de las valoraciones que han hecho los participantes de a\u00f1os anteriores. Os recomendamos visitar la <a class=\"texto-azul-qui-som\" href=\"http:\/\/jovecat.gencat.cat\/ca\/temes\/vacances_i_estades\/viatgeteca\/\" target=\"_blank\" rel=\"noopener\">Viajeteca<\/a> digital de la Direcci\u00f3n General de Juventud, es un portal muy completo de informaci\u00f3n sobre viajes para j\u00f3venes.  <\/p>\t\t\t\t\t\t\t\t<\/div>\n\t\t\t\t<\/div>\n\t\t\t\t\t<\/div>\n\t\t\t\t<\/div>\n\t\t<div class=\"elementor-element elementor-element-c812350 e-flex e-con-boxed e-con e-parent\" data-id=\"c812350\" data-element_type=\"container\" data-e-type=\"container\" data-settings=\"{&quot;jet_parallax_layout_list&quot;:[]}\">\n\t\t\t\t\t<div class=\"e-con-inner\">\n\t\t\t\t<div class=\"elementor-element elementor-element-cb52bbf elementor-widget elementor-widget-jet-accordion\" data-id=\"cb52bbf\" data-element_type=\"widget\" data-e-type=\"widget\" data-widget_type=\"jet-accordion.default\">\n\t\t\t\t<div class=\"elementor-widget-container\">\n\t\t\t\t\t\t\t\t\t<div class=\"jet-accordion\" data-settings=\"{&quot;collapsible&quot;:false,&quot;ajaxTemplate&quot;:false,&quot;switchScrolling&quot;:false,&quot;switchScrollingTablet&quot;:false,&quot;switchScrollingMobile&quot;:false,&quot;switchScrollingOffset&quot;:{&quot;size&quot;:0,&quot;unit&quot;:&quot;px&quot;},&quot;switchScrollingOffsetTablet&quot;:{&quot;size&quot;:0,&quot;unit&quot;:&quot;px&quot;},&quot;switchScrollingOffsetMobile&quot;:{&quot;size&quot;:0,&quot;unit&quot;:&quot;px&quot;},&quot;switchScrollingDelay&quot;:500,&quot;switchScrollingDelayTablet&quot;:500,&quot;switchScrollingDelayMobile&quot;:500}\">\n\t\t\t<div class=\"jet-accordion__inner\">\n\t\t\t\t<div class=\" jet-accordion__item jet-toggle jet-toggle-move-up-effect \">\n\t\t\t\t\t\t\t<div id=\"jet-toggle-control-2131\" class=\"jet-toggle__control elementor-menu-anchor\" data-toggle=\"1\" role=\"button\" tabindex=\"0\" aria-controls=\"jet-toggle-content-2131\" aria-expanded=\"false\" data-template-id=\"false\">\n\t\t\t\t\t\t\t\t<div class=\"jet-toggle__label-icon jet-toggle-icon-position-left\"><span class=\"jet-toggle__icon icon-normal jet-tabs-icon\"><svg class=\"e-font-icon-svg e-fas-plus\" viewBox=\"0 0 448 512\" xmlns=\"http:\/\/www.w3.org\/2000\/svg\"><path d=\"M416 208H272V64c0-17.67-14.33-32-32-32h-32c-17.67 0-32 14.33-32 32v144H32c-17.67 0-32 14.33-32 32v32c0 17.67 14.33 32 32 32h144v144c0 17.67 14.33 32 32 32h32c17.67 0 32-14.33 32-32V304h144c17.67 0 32-14.33 32-32v-32c0-17.67-14.33-32-32-32z\"><\/path><\/svg><\/span><span class=\"jet-toggle__icon icon-active jet-tabs-icon\"><svg class=\"e-font-icon-svg e-fas-minus\" viewBox=\"0 0 448 512\" xmlns=\"http:\/\/www.w3.org\/2000\/svg\"><path d=\"M416 208H32c-17.67 0-32 14.33-32 32v32c0 17.67 14.33 32 32 32h384c17.67 0 32-14.33 32-32v-32c0-17.67-14.33-32-32-32z\"><\/path><\/svg><\/span><\/div><div class=\"jet-toggle__label-text\">Consejos generales<\/div>\t\t\t\t\t\t\t<\/div>\n\t\t\t\t\t\t\t<div id=\"jet-toggle-content-2131\" class=\"jet-toggle__content\" data-toggle=\"1\" role=\"region\" data-template-id=\"false\">\n\t\t\t\t\t\t\t\t<div class=\"jet-toggle__content-inner\"><p><strong>Inscripci\u00f3n<\/strong><br \/> T\u00f3mate tu tiempo para encontrar el proyecto. Aseg\u00farate de que las condiciones son las que te interesan y f\u00edjate bien si es necesario pagar una cuota extra o no. Si quieres viajar con un amigo\/a, especif\u00edcalo en el formulario de inscripci\u00f3n.  <\/p>\n<p><strong>Billete<\/strong><br \/> Sobre todo no compres el billete de transporte hasta que no te hayamos confirmado que te han aceptado en el proyecto. Cuando lo compres, \u00a1piensa en coger un transporte sostenible! <\/p>\n<p><strong>Tr\u00e1mites de visados \u200b\u200by seguros<\/strong><br \/> No lo dejes para el \u00faltimo momento, puedes encontrarte sin la documentaci\u00f3n necesaria en el momento de iniciar el viaje. Sobre todo en lo que se refiere a los visados, en algunos casos el proceso se alarga. Nosotros podemos facilitarte una carta o documento indicando que har\u00e1s un proyecto internacional, pero t\u00fa debes cuidar de realizar los tr\u00e1mites para conseguir el visado o permiso que sea necesario.  <\/p>\n<p><strong>Vacunaci\u00f3n<\/strong><br \/> Inf\u00f3rmate bien si necesitas vacunarte y pide cita a tiempo.<br \/> Si participas en un proyecto con nosotros p\u00eddenos la carta certificando que participar\u00e1s de un proyecto para conseguir la exenci\u00f3n (o parte correspondiente) de costes de vacunaci\u00f3n.<br \/> Sin embargo, pregunta a tu centro m\u00e9dico si este certificado es v\u00e1lido, ya que dependiendo del centro lo aceptan o no.<\/p>\n<p><strong>Informaci\u00f3n detallada del campo (infosheet)<\/strong><br \/> Puede que no la recibas hasta 15 d\u00edas antes del comienzo del proyecto. De todas formas, puedes comprar el billete de transporte desde el momento en que has sido aceptado\/a, y esperar con paciencia por el resto. <\/p>\n<\/div>\n\t\t\t\t\t\t\t<\/div>\n\t\t\t\t\t\t<\/div><div class=\" jet-accordion__item jet-toggle jet-toggle-move-up-effect \">\n\t\t\t\t\t\t\t<div id=\"jet-toggle-control-2132\" class=\"jet-toggle__control elementor-menu-anchor\" data-toggle=\"2\" role=\"button\" tabindex=\"0\" aria-controls=\"jet-toggle-content-2132\" aria-expanded=\"false\" data-template-id=\"false\">\n\t\t\t\t\t\t\t\t<div class=\"jet-toggle__label-icon jet-toggle-icon-position-left\"><span class=\"jet-toggle__icon icon-normal jet-tabs-icon\"><svg class=\"e-font-icon-svg e-fas-plus\" viewBox=\"0 0 448 512\" xmlns=\"http:\/\/www.w3.org\/2000\/svg\"><path d=\"M416 208H272V64c0-17.67-14.33-32-32-32h-32c-17.67 0-32 14.33-32 32v144H32c-17.67 0-32 14.33-32 32v32c0 17.67 14.33 32 32 32h144v144c0 17.67 14.33 32 32 32h32c17.67 0 32-14.33 32-32V304h144c17.67 0 32-14.33 32-32v-32c0-17.67-14.33-32-32-32z\"><\/path><\/svg><\/span><span class=\"jet-toggle__icon icon-active jet-tabs-icon\"><svg class=\"e-font-icon-svg e-fas-minus\" viewBox=\"0 0 448 512\" xmlns=\"http:\/\/www.w3.org\/2000\/svg\"><path d=\"M416 208H32c-17.67 0-32 14.33-32 32v32c0 17.67 14.33 32 32 32h384c17.67 0 32-14.33 32-32v-32c0-17.67-14.33-32-32-32z\"><\/path><\/svg><\/span><\/div><div class=\"jet-toggle__label-text\">Billetes y transporte<\/div>\t\t\t\t\t\t\t<\/div>\n\t\t\t\t\t\t\t<div id=\"jet-toggle-content-2132\" class=\"jet-toggle__content\" data-toggle=\"2\" role=\"region\" data-template-id=\"false\">\n\t\t\t\t\t\t\t\t<div class=\"jet-toggle__content-inner\"><p><strong>Por un voluntariado sostenible<\/strong><br \/> Dentro de la Campa\u00f1a <a class=\"texto-azul-qui-som\" href=\"http:\/\/www.alliance-network.eu\/our-campaigns\/environmental-sustainability-campaign\/\" target=\"_blank\" rel=\"noopener\">\u201cPor un Voluntariado Sostenible\u201d<\/a> queremos recomendarte que pienses cuidadosamente tu medio de transporte para llegar al campo de trabajo. El avi\u00f3n es el transporte m\u00e1s utilizado, pero tambi\u00e9n el m\u00e1s contaminante y no necesariamente el mejor.<br \/> \u00a1Encontrar\u00e1s otros consejos y herramientas como el <a class=\"texto-azul-qui-som\" href=\"http:\/\/www.alliance-network.eu\/wp-content\/uploads\/2014\/04\/Infosheet_sustainable-transport.pdf\" target=\"_blank\" rel=\"noopener\">infosheet de transporte sostenible<\/a> en el apartado de <a class=\"texto-azul-qui-som\" href=\"http:\/\/www.alliance-network.eu\/environmental-sustainability-tools\/\" target=\"_blank\" rel=\"noopener\">herramientas de la Campa\u00f1a!<\/a> . Te hacemos un resumen con algunos consejos:  <\/p>\n<p><strong>Tren<\/strong><br \/> Viaje rom\u00e1ntico como pocos, una oportunidad para conocer a gente, hace el viaje muy interesante y te da idea de toda la tierra que est\u00e1s atravesando para llegar al destino. Puede ser m\u00e1s cansado y, en ocasiones, m\u00e1s caro. Una opci\u00f3n es el Interra\u00edl, que te permite cruzar varios pa\u00edses cogiendo tantos trenes como quieras.  <\/p>\n<p><strong>Autob\u00fas<\/strong><br \/> Quiz\u00e1 sea la forma menos c\u00f3moda, pero a menudo es tambi\u00e9n la m\u00e1s barata, si no encuentras un chollo en avi\u00f3n. Hay compa\u00f1\u00edas que ofrecen un servicio similar al Interrail, cruzar varios pa\u00edses de Europa sin tener que comprar nuevos billetes. <\/p>\n<p><strong>Coche<\/strong><br \/> Existen varias redes informales internacionales de gente que viaja por carretera y que ofrece un sitio en su coche. A veces gratuito, a veces compartiendo gastos. Es una opci\u00f3n econ\u00f3mica, si te atreves. Conste que no lo recomendamos, s\u00f3lo informamos que existe.   <\/p>\n<p><strong>Barco<\/strong><br \/> Sobre todo para viajar a pa\u00edses del Mediterr\u00e1neo, tiene barcos y Ferrys que le traen. La m\u00e1s conocida es Grandi Navi Veloci. <\/p>\n<p><strong>Avi\u00f3n<\/strong><br \/> Es la forma m\u00e1s r\u00e1pida y, a menudo, con las compa\u00f1\u00edas de bajo coste, la m\u00e1s econ\u00f3mica. Ten claro, sin embargo, que es la forma de viajar m\u00e1s contaminante que existe. <\/p>\n<\/div>\n\t\t\t\t\t\t\t<\/div>\n\t\t\t\t\t\t<\/div><div class=\" jet-accordion__item jet-toggle jet-toggle-move-up-effect \">\n\t\t\t\t\t\t\t<div id=\"jet-toggle-control-2133\" class=\"jet-toggle__control elementor-menu-anchor\" data-toggle=\"3\" role=\"button\" tabindex=\"0\" aria-controls=\"jet-toggle-content-2133\" aria-expanded=\"false\" data-template-id=\"false\">\n\t\t\t\t\t\t\t\t<div class=\"jet-toggle__label-icon jet-toggle-icon-position-left\"><span class=\"jet-toggle__icon icon-normal jet-tabs-icon\"><svg class=\"e-font-icon-svg e-fas-plus\" viewBox=\"0 0 448 512\" xmlns=\"http:\/\/www.w3.org\/2000\/svg\"><path d=\"M416 208H272V64c0-17.67-14.33-32-32-32h-32c-17.67 0-32 14.33-32 32v144H32c-17.67 0-32 14.33-32 32v32c0 17.67 14.33 32 32 32h144v144c0 17.67 14.33 32 32 32h32c17.67 0 32-14.33 32-32V304h144c17.67 0 32-14.33 32-32v-32c0-17.67-14.33-32-32-32z\"><\/path><\/svg><\/span><span class=\"jet-toggle__icon icon-active jet-tabs-icon\"><svg class=\"e-font-icon-svg e-fas-minus\" viewBox=\"0 0 448 512\" xmlns=\"http:\/\/www.w3.org\/2000\/svg\"><path d=\"M416 208H32c-17.67 0-32 14.33-32 32v32c0 17.67 14.33 32 32 32h384c17.67 0 32-14.33 32-32v-32c0-17.67-14.33-32-32-32z\"><\/path><\/svg><\/span><\/div><div class=\"jet-toggle__label-text\">Documentaci\u00f3n y tr\u00e1mites<\/div>\t\t\t\t\t\t\t<\/div>\n\t\t\t\t\t\t\t<div id=\"jet-toggle-content-2133\" class=\"jet-toggle__content\" data-toggle=\"3\" role=\"region\" data-template-id=\"false\">\n\t\t\t\t\t\t\t\t<div class=\"jet-toggle__content-inner\"><p><strong>Vigencia<\/strong><br \/> \u00a1Aseg\u00farate de que tienes pasaporte (dentro de la UE, DNI) y no lo tienes caducado! Si es as\u00ed, gestiona la renovaci\u00f3n de documentos con tiempo. <\/p>\n<p><strong>Seguro<\/strong><br \/> Ir asegurado es fundamental y obligatorio. Para ello tienes varias opciones: <\/p>\n<p><em>Seguro m\u00e9dico:<\/em> Si viajas por Europa, puedes limitarte al seguro m\u00e9dico, tramitando la Tarjeta Sanitaria Europea (TSE) de forma gratuita. Inf\u00f3rmate tambi\u00e9n de sus limitaciones (cobertura individual, asistencia a familiares, etc.) para valorar si te conviene. <\/p>\n<p><em>Seguro completo:<\/em> es recomendable para que con esta modalidad quedes cubierto contra robos y otros imprevistos, adem\u00e1s de otras opciones a las que puedes optar con algunos seguros privados y que la Tarjeta Sanitaria Europea no ofrece (viajes de familiares, repatriaci\u00f3n, etc.). Inf\u00f3rmate de si tu tarjeta de cr\u00e9dito\/mutua te asegura en viajes internacionales (a veces es as\u00ed si la utilizas para comprar el billete de transporte), o consulta las condiciones del seguro de asistencia en viajes internacionales del <a href=\"https:\/\/www.carnetjove.cat\/ca\/informacio\/asseguranca\" target=\"_blank\" rel=\"noopener\">Carnet Jove<\/a> . <\/p>\n<p><strong>Visados<\/strong><br \/> Inf\u00f3rmate bien si en el pa\u00eds al que viajas necesitas visado. Puedes consultarlo visitando la p\u00e1gina del <a class=\"texto-azul-qui-som\" href=\"http:\/\/www.exteriores.gob.es\/Portal\/es\/Paginas\/inicio.aspx\" target=\"_blank\" rel=\"noopener\">Ministerio de Asuntos Exteriores de Espa\u00f1a<\/a> . Es necesario que te informes y tramites el visado con tiempo: seg\u00fan el pa\u00eds tardan en tramitarlo m\u00e1s de un mes. Nosotros podemos facilitarte una carta o documento indicando que har\u00e1s un proyecto internacional, pero t\u00fa debes cuidar de realizar los tr\u00e1mites para conseguir el visado o permiso que sea necesario.   <\/p>\n<p><strong>Certificado de buena conducta \/ Antecedentes penales<\/strong><br \/> Si te lo han pedido para realizar un campo, te recomendamos que te informes en el siguiente <a href=\"https:\/\/sede.mjusticia.gob.es\/es\/tramites\/certificado-antecedentes\" target=\"_blank\" rel=\"noopener\">enlace.<\/a><\/p>\n<\/div>\n\t\t\t\t\t\t\t<\/div>\n\t\t\t\t\t\t<\/div><div class=\" jet-accordion__item jet-toggle jet-toggle-move-up-effect \">\n\t\t\t\t\t\t\t<div id=\"jet-toggle-control-2134\" class=\"jet-toggle__control elementor-menu-anchor\" data-toggle=\"4\" role=\"button\" tabindex=\"0\" aria-controls=\"jet-toggle-content-2134\" aria-expanded=\"false\" data-template-id=\"false\">\n\t\t\t\t\t\t\t\t<div class=\"jet-toggle__label-icon jet-toggle-icon-position-left\"><span class=\"jet-toggle__icon icon-normal jet-tabs-icon\"><svg class=\"e-font-icon-svg e-fas-plus\" viewBox=\"0 0 448 512\" xmlns=\"http:\/\/www.w3.org\/2000\/svg\"><path d=\"M416 208H272V64c0-17.67-14.33-32-32-32h-32c-17.67 0-32 14.33-32 32v144H32c-17.67 0-32 14.33-32 32v32c0 17.67 14.33 32 32 32h144v144c0 17.67 14.33 32 32 32h32c17.67 0 32-14.33 32-32V304h144c17.67 0 32-14.33 32-32v-32c0-17.67-14.33-32-32-32z\"><\/path><\/svg><\/span><span class=\"jet-toggle__icon icon-active jet-tabs-icon\"><svg class=\"e-font-icon-svg e-fas-minus\" viewBox=\"0 0 448 512\" xmlns=\"http:\/\/www.w3.org\/2000\/svg\"><path d=\"M416 208H32c-17.67 0-32 14.33-32 32v32c0 17.67 14.33 32 32 32h384c17.67 0 32-14.33 32-32v-32c0-17.67-14.33-32-32-32z\"><\/path><\/svg><\/span><\/div><div class=\"jet-toggle__label-text\">Informaci\u00f3n sobre el pa\u00eds<\/div>\t\t\t\t\t\t\t<\/div>\n\t\t\t\t\t\t\t<div id=\"jet-toggle-content-2134\" class=\"jet-toggle__content\" data-toggle=\"4\" role=\"region\" data-template-id=\"false\">\n\t\t\t\t\t\t\t\t<div class=\"jet-toggle__content-inner\"><p>Todo viaje es una experiencia de interculturalidad y crecimiento. Esto implica, entre otras cosas, estar preparado y predispuesto a conocer lo que vamos a visitar. Cualquier hu\u00e9sped agradecer\u00e1 tu inter\u00e9s por su cultura y pa\u00eds, y t\u00fa tambi\u00e9n, porque te ahorrar\u00e1 posibles problemas. Por eso, te proponemos diferentes espacios donde te puedes informar:   <\/p>\n<p><strong>Instituciones p\u00fablicas<\/strong><br \/> <a class=\"texto-azul-qui-som\" href=\"http:\/\/www.exteriores.gob.es\/Portal\/es\/ServiciosAlCiudadano\/SiViajasAlExtranjero\/Paginas\/RecomendacionesDeViaje.aspx\" target=\"_blank\" rel=\"noopener\">Ministerio de Asuntos Exteriores de Espa\u00f1a<\/a> : da informaci\u00f3n para viajeros para pa\u00edses del mundo.<\/p>\n<p><a class=\"texto-azul-qui-som\" href=\"http:\/\/www14.gencat.cat\/sacgencat\/AppJava\/organigrama.jsp?codi=2000805&amp;jq=200017\" target=\"_blank\" rel=\"noopener\">Consulados en Catalu\u00f1a<\/a> : le servir\u00e1 para tramitar visados, por ejemplo.<\/p>\n<p><a class=\"texto-azul-qui-som\" href=\"http:\/\/www.exteriores.gob.es\/portal\/es\/serviciosalciudadano\/paginas\/embajadasconsulados.aspx\" target=\"_blank\" rel=\"noopener\">Embajadas de Espa\u00f1a en el extranjero:<\/a> es fundamental que tengas localizada la embajada espa\u00f1ola cuando llegues al pa\u00eds de destino. Si tienes alguna incidencia grave durante la estancia podr\u00e1s contactar con ella r\u00e1pidamente. Por ejemplo, si te robaran el visado o pasaporte, son documentos esenciales tanto para la entrada como para la salida del pa\u00eds.  <\/p>\n<p><strong>Publicaciones especializadas<\/strong><br \/><a class=\"texto-azul-qui-som\" href=\"http:\/\/biblioteques.gencat.cat\/ca\/\" target=\"_blank\" rel=\"noopener\">La biblioteca de tu barrio:<\/a> \u00a1claro! \u00a1Puedes encontrar gu\u00edas de viaje y literatura sobre el pa\u00eds de destino: su cultura y sociedad, pol\u00edtica, m\u00fasica, cocina\u2026! \u00a1Y adem\u00e1s gratis!.  <\/p>\n<p><a class=\"texto-azul-qui-som\" href=\"https:\/\/www.lonelyplanet.com\/thorntree\" target=\"_blank\" rel=\"noopener\">Thorntree-Lonely Planet:<\/a> adem\u00e1s de ser una revista especializada en viajes, cabe destacar el foro donde los usuarios intercambian experiencias.<br \/> Es el lugar ideal para preguntar todo lo que quieras saber sobre el lugar al que viajas.<\/p>\n<\/div>\n\t\t\t\t\t\t\t<\/div>\n\t\t\t\t\t\t<\/div>\t\t\t<\/div>\n\t\t<\/div>\n\t\t\t\t\t\t<\/div>\n\t\t\t\t<\/div>\n\t\t\t\t\t<\/div>\n\t\t\t\t<\/div>\n\t\t\t\t<\/div>\n\t\t","protected":false},"excerpt":{"rendered":"<p>Consejos para el viaje \u00a1Atenci\u00f3n! En esta p\u00e1gina le damos consejos para viajar, pero remarcamos que nosotros no nos responsabilizamos de su viaje; con esta p\u00e1gina queremos facilitarnos las condiciones, partiendo de nuestra experiencia y de las valoraciones que han hecho los participantes de a\u00f1os anteriores. Os recomendamos visitar la Viajeteca digital de la Direcci\u00f3n &#8230; <a title=\"Consejos para el viaje\" class=\"read-more\" href=\"https:\/\/cocat.org\/es\/campos-de-trabajo\/consejos-para-el-viaje\/\" aria-label=\"Leer m\u00e1s sobre Consejos para el viaje\">Leer m\u00e1s<\/a><\/p>\n","protected":false},"author":1,"featured_media":0,"parent":2276,"menu_order":0,"comment_status":"closed","ping_status":"closed","template":"elementor_header_footer","meta":{"footnotes":""},"class_list":["post-2192","page","type-page","status-publish"],"_links":{"self":[{"href":"https:\/\/cocat.org\/es\/wp-json\/wp\/v2\/pages\/2192","targetHints":{"allow":["GET"]}}],"collection":[{"href":"https:\/\/cocat.org\/es\/wp-json\/wp\/v2\/pages"}],"about":[{"href":"https:\/\/cocat.org\/es\/wp-json\/wp\/v2\/types\/page"}],"author":[{"embeddable":true,"href":"https:\/\/cocat.org\/es\/wp-json\/wp\/v2\/users\/1"}],"replies":[{"embeddable":true,"href":"https:\/\/cocat.org\/es\/wp-json\/wp\/v2\/comments?post=2192"}],"version-history":[{"count":3,"href":"https:\/\/cocat.org\/es\/wp-json\/wp\/v2\/pages\/2192\/revisions"}],"predecessor-version":[{"id":2812,"href":"https:\/\/cocat.org\/es\/wp-json\/wp\/v2\/pages\/2192\/revisions\/2812"}],"up":[{"embeddable":true,"href":"https:\/\/cocat.org\/es\/wp-json\/wp\/v2\/pages\/2276"}],"wp:attachment":[{"href":"https:\/\/cocat.org\/es\/wp-json\/wp\/v2\/media?parent=2192"}],"curies":[{"name":"wp","href":"https:\/\/api.w.org\/{rel}","templated":true}]}}