{"id":2219,"date":"2024-07-03T20:37:55","date_gmt":"2024-07-03T18:37:55","guid":{"rendered":"https:\/\/cocat.c.wetopi.com\/media-y-larga-duracion-mtv-y-ltv\/"},"modified":"2026-01-22T19:46:12","modified_gmt":"2026-01-22T18:46:12","slug":"media-y-larga-duracion-mtv-y-ltv","status":"publish","type":"page","link":"https:\/\/cocat.org\/es\/faq\/media-y-larga-duracion-mtv-y-ltv\/","title":{"rendered":"Media y Larga duraci\u00f3n (MTV y LTV)"},"content":{"rendered":"\t\t<div data-elementor-type=\"wp-page\" data-elementor-id=\"2219\" class=\"elementor elementor-2219 elementor-850\" data-elementor-post-type=\"page\">\n\t\t\t\t<div class=\"elementor-element elementor-element-426b64c e-flex e-con-boxed e-con e-parent\" data-id=\"426b64c\" data-element_type=\"container\" data-e-type=\"container\" data-settings=\"{&quot;jet_parallax_layout_list&quot;:[]}\">\n\t\t\t\t\t<div class=\"e-con-inner\">\n\t\t\t\t<div class=\"elementor-element elementor-element-fef024f elementor-widget elementor-widget-heading\" data-id=\"fef024f\" data-element_type=\"widget\" data-e-type=\"widget\" data-widget_type=\"heading.default\">\n\t\t\t\t<div class=\"elementor-widget-container\">\n\t\t\t\t\t<h4 class=\"elementor-heading-title elementor-size-default\">Preguntas frecuentes referentes a los proyectos de media y larga duraci\u00f3n<\/h4>\t\t\t\t<\/div>\n\t\t\t\t<\/div>\n\t\t\t\t\t<\/div>\n\t\t\t\t<\/div>\n\t\t<div class=\"elementor-element elementor-element-82c7296 e-flex e-con-boxed e-con e-parent\" data-id=\"82c7296\" data-element_type=\"container\" data-e-type=\"container\" data-settings=\"{&quot;jet_parallax_layout_list&quot;:[]}\">\n\t\t\t\t\t<div class=\"e-con-inner\">\n\t\t\t\t<div class=\"elementor-element elementor-element-0a80015 elementor-widget elementor-widget-text-editor\" data-id=\"0a80015\" data-element_type=\"widget\" data-e-type=\"widget\" data-widget_type=\"text-editor.default\">\n\t\t\t\t<div class=\"elementor-widget-container\">\n\t\t\t\t\t\t\t\t\t<p><strong>Si la edad m\u00ednima para participar en un proyecto de MTV y LTV en un pa\u00eds del sur son 20 a\u00f1os pero yo los hago despu\u00e9s de que comience el proyecto, \u00bfpuedo apuntarme?<\/strong><\/p><p>Aunque en el buscador de campos encontrar\u00e1s algunos proyectos donde pone que aceptan a j\u00f3venes de menor edad, desde COCAT no podemos gestionar inscripciones de menores de 14 a\u00f1os por los pa\u00edses del Norte y menores de 20 para proyectos en pa\u00edses del sur.<\/p><p>Concretamente, como ponemos en las condiciones de participaci\u00f3n, el primer d\u00eda del campo la persona participante debe tener los 14\/20 a\u00f1os cumplidos.<\/p><p><strong>No vivo en Catalu\u00f1a, \u00bfpuedo participar en un proyecto de MTV y LTV?<\/strong><\/p><p>No hay ning\u00fan problema, COCAT puede enviar a voluntarios residentes en todo el estado Espa\u00f1ol.<\/p><p><strong>\u00bfPuedo apuntarme a un proyecto de media o larga duraci\u00f3n sin haber asistido a una charla informativa antes?<\/strong><\/p><p>No, no consideraremos v\u00e1lida ninguna inscripci\u00f3n en proyectos de media y larga duraci\u00f3n si antes no se ha participado en el proceso informativo con la responsable del \u00e1rea de media y larga duraci\u00f3n de COCAT.<\/p><p><strong>El proyecto que me interesa es \u00abpermanente\u00bb. \u00bfQuiere decir que puedo ir cuando quiera? <\/strong><\/p><p>Los proyectos permanentes son proyectos que funcionan ininterrumpidamente, independientemente de la presencia de personas voluntarias internacionales. No tienen las fechas de participaci\u00f3n fijadas por el proyecto y, por tanto, son flexibles. Si quieres inscribirte, debes fijarte en si te pide un m\u00ednimo de semanas o de meses de participaci\u00f3n e indicar claramente en tu inscripci\u00f3n las fechas en las que quieres empezar y finalizar el proyecto.  <\/p><p><strong>\u00bfCon cu\u00e1nto tiempo de antelaci\u00f3n debo apuntarme a un proyecto de MTV o LTV?<\/strong><\/p><p>\u00a1Cuanto antes mejor! Tienes que contar con un margen de al menos dos meses entre la inscripci\u00f3n y la fecha de inicio del proyecto, para poder tener tiempo de realizar las gestiones administrativas de la plaza, vacunas, visados, y recibir el infosheet. <\/p><p><strong>En el proyecto que he elegido pone que es necesario pagar una cuota extra. \u00bfQu\u00e9 es y cu\u00e1ndo debo pagarlo? <\/strong><\/p><p>En algunos casos, la entidad extranjera establece un suplemento a pagar a la llegada al proyecto (extra fee). Lo encontrar\u00e1s especificado en la explicaci\u00f3n del proyecto. Hay organizaciones que no disponen de suficientes recursos para sacar adelante su proyecto, ya que, no disponen de subvenciones p\u00fablicas u otros tipos de ingresos para su actividad y para poder salir adelante con su proyecto necesitan una aportaci\u00f3n extra de los\/las voluntarios\/as internacionales que acogen a sus proyectos.  <\/p><p>En algunos casos se especifica que esta cuota extra sirve para sufragar costes del propio campo (por ejemplo, si se requiere para material espec\u00edfico o para desplazamientos concretos). En caso de que tu campo de trabajo requiera una cuota extra, una vez confirmado en el campo, la entidad de acogida te especificar\u00e1 c\u00f3mo realizar el pago de esta cuota extra.<\/p><p><strong>En la descripci\u00f3n del proyecto dice que la cuota de inscripci\u00f3n son 145 euros, mientras que en las condiciones de participaci\u00f3n para proyectos de media y larga duraci\u00f3n dice que son 200 euros. \u00bfCu\u00e1nto debo ingresar<\/strong> <strong>?<\/strong><\/p><p>La cuota de inscripci\u00f3n para proyectos de media y larga duraci\u00f3n es de 200 euros.<\/p><p>En el buscador pone por defecto la cuota de inscripci\u00f3n para campos de trabajo de corta duraci\u00f3n pero, en el caso de proyectos m\u00e1s largos de un mes, se paga una cuota m\u00e1s alta debido a que el proceso es diferente: supone por nuestra parte m\u00e1s trabajo administrativo, informativo y de seguimiento del voluntario\/a.<\/p><p><strong>El formulario de inscripci\u00f3n me pide tres opciones, pero s\u00f3lo me interesa un proyecto. \u00bfPuedo inscribirme? <\/strong><\/p><p>Nosotros siempre pedimos al menos tres opciones pero entendemos que en el caso de proyectos de media y larga duraci\u00f3n a veces s\u00f3lo le interesa un proyecto espec\u00edfico. Aunque no lo aconsejamos, permitimos que se apunte a una sola opci\u00f3n pero debe ser conscientes de que, si en esta opci\u00f3n no le aceptan y no desea buscar m\u00e1s opciones, se aplicar\u00e1n las condiciones de bajas y cancelaciones detalladas en el apartado \u201cCondiciones de participaci\u00f3n para proyectos de media y larga duraci\u00f3n\u201d <\/p>\t\t\t\t\t\t\t\t<\/div>\n\t\t\t\t<\/div>\n\t\t\t\t\t<\/div>\n\t\t\t\t<\/div>\n\t\t\t\t<\/div>\n\t\t","protected":false},"excerpt":{"rendered":"<p>Preguntas frecuentes referentes a los proyectos de media y larga duraci\u00f3n Si la edad m\u00ednima para participar en un proyecto de MTV y LTV en un pa\u00eds del sur son 20 a\u00f1os pero yo los hago despu\u00e9s de que comience el proyecto, \u00bfpuedo apuntarme? Aunque en el buscador de campos encontrar\u00e1s algunos proyectos donde pone &#8230; <a title=\"Media y Larga duraci\u00f3n (MTV y LTV)\" class=\"read-more\" href=\"https:\/\/cocat.org\/es\/faq\/media-y-larga-duracion-mtv-y-ltv\/\" aria-label=\"Leer m\u00e1s sobre Media y Larga duraci\u00f3n (MTV y LTV)\">Leer m\u00e1s<\/a><\/p>\n","protected":false},"author":1,"featured_media":0,"parent":2228,"menu_order":0,"comment_status":"closed","ping_status":"closed","template":"elementor_header_footer","meta":{"footnotes":""},"class_list":["post-2219","page","type-page","status-publish"],"_links":{"self":[{"href":"https:\/\/cocat.org\/es\/wp-json\/wp\/v2\/pages\/2219","targetHints":{"allow":["GET"]}}],"collection":[{"href":"https:\/\/cocat.org\/es\/wp-json\/wp\/v2\/pages"}],"about":[{"href":"https:\/\/cocat.org\/es\/wp-json\/wp\/v2\/types\/page"}],"author":[{"embeddable":true,"href":"https:\/\/cocat.org\/es\/wp-json\/wp\/v2\/users\/1"}],"replies":[{"embeddable":true,"href":"https:\/\/cocat.org\/es\/wp-json\/wp\/v2\/comments?post=2219"}],"version-history":[{"count":1,"href":"https:\/\/cocat.org\/es\/wp-json\/wp\/v2\/pages\/2219\/revisions"}],"predecessor-version":[{"id":2223,"href":"https:\/\/cocat.org\/es\/wp-json\/wp\/v2\/pages\/2219\/revisions\/2223"}],"up":[{"embeddable":true,"href":"https:\/\/cocat.org\/es\/wp-json\/wp\/v2\/pages\/2228"}],"wp:attachment":[{"href":"https:\/\/cocat.org\/es\/wp-json\/wp\/v2\/media?parent=2219"}],"curies":[{"name":"wp","href":"https:\/\/api.w.org\/{rel}","templated":true}]}}