{"id":2229,"date":"2024-07-03T21:41:56","date_gmt":"2024-07-03T19:41:56","guid":{"rendered":"https:\/\/cocat.c.wetopi.com\/aviso-legal\/"},"modified":"2026-01-22T19:49:39","modified_gmt":"2026-01-22T18:49:39","slug":"aviso-legal","status":"publish","type":"page","link":"https:\/\/cocat.org\/es\/aviso-legal\/","title":{"rendered":"Aviso legal"},"content":{"rendered":"\t\t<div data-elementor-type=\"wp-page\" data-elementor-id=\"2229\" class=\"elementor elementor-2229 elementor-878\" data-elementor-post-type=\"page\">\n\t\t\t\t<div class=\"elementor-element elementor-element-2a600dd8 e-flex e-con-boxed e-con e-parent\" data-id=\"2a600dd8\" data-element_type=\"container\" data-e-type=\"container\" data-settings=\"{&quot;jet_parallax_layout_list&quot;:[]}\">\n\t\t\t\t\t<div class=\"e-con-inner\">\n\t\t\t\t<div class=\"elementor-element elementor-element-56b43182 elementor-widget elementor-widget-text-editor\" data-id=\"56b43182\" data-element_type=\"widget\" data-e-type=\"widget\" data-widget_type=\"text-editor.default\">\n\t\t\t\t<div class=\"elementor-widget-container\">\n\t\t\t\t\t\t\t\t\t<p><strong>INFORMACION DEL TITULAR<\/strong><\/p><p>Coordinadora de Organizadores de Campos de Trabajo Internacionales de Catalu\u00f1a es el titular del dominio cocat.org con CIF G63890636, con domicilio en Calle Cal\u00e0bria 120 Baixos, 08015 Barcelona (en adelante, \u201cCOCAT\u201d). El correo electr\u00f3nico de CONTACTO es <a href=\"mailto:cocat@cocat.org\">cocat@cocat.org<\/a> . <\/p><p>Recomendamos LEER DETENIDAMENTE el presente aviso legal y otras pol\u00edticas de nuestra web (Pol\u00edtica de Privacidad, Pol\u00edtica de Cookies, Condiciones Generales de Contrataci\u00f3n) antes de utilizar nuestra plataforma y servicios.<\/p><p>Cualquier uso de esta web implica la aceptaci\u00f3n de todas las condiciones incluidas en estos y otros documentos legales y su sometimiento a la legislaci\u00f3n espa\u00f1ola en todo momento, renunciando expresamente a cualquier otro fuero.<\/p><p><strong>GARANT\u00cdAS Y RESPONSABILIDADES<\/strong><\/p><p>COCAT a trav\u00e9s de su p\u00e1gina web ofrece informaci\u00f3n sobre sus servicios y actividades de forma gen\u00e9rica. El usuario que accede a la web reconoce y acepta voluntaria y expresamente la responsabilidad del uso de esta p\u00e1gina web y se compromete a no realizar ning\u00fan acto que pueda infringir la ley o condiciones establecidas en estos t\u00e9rminos legales, en caso contrario podr\u00e1 comportar las correspondientes responsabilidades legalmente establecidas. <\/p><p>COCAT se reserva el derecho a efectuar, en cualquier momento y sin necesidad de previo aviso, modificaciones y actualizaciones de la informaci\u00f3n contenida en la web, de su configuraci\u00f3n y presentaci\u00f3n y condiciones generales, as\u00ed como de eliminar informaci\u00f3n o suspender temporalmente la accesibilidad a la p\u00e1gina web.<\/p><p>COCAT no puede garantizar: a) La inexistencia de interrupciones o errores en el acceso a la web oa su contenido, ni se hace responsable de posibles problemas t\u00e9cnicos que se produzcan durante la conexi\u00f3n a Internet. b) Y no se hace responsable de los da\u00f1os que pudieran derivarse de interferencias, omisiones o virus inform\u00e1ticos motivados por causas ajenas al titular de la web, as\u00ed como de da\u00f1os causados \u200b\u200bpor terceras personas mediante intromisiones ileg\u00edtimas o da\u00f1os al sistema inform\u00e1tico fuera del control del titular de la web. c) La aplicaci\u00f3n de su Pol\u00edtica de Privacidad en accesos mediante enlaces de terceros a esta web, ni a trav\u00e9s de enlaces de esta web a otras webs. a. Todo enlace de terceros a esta web debe realizarse en su p\u00e1gina principal o de entrada, previa autorizaci\u00f3n y por escrito del titular y no se podr\u00e1 realizar ninguna modificaci\u00f3n, limitaci\u00f3n ni ning\u00fan tipo de manifestaci\u00f3n sobre la web, debiendo cumplir, asimismo, con el resto de las previsiones de esta normativa. b. En caso de existir enlaces no supervisados \u200b\u200bpor COCAT, no se asumir\u00e1n responsabilidades sobre los enlaces o contenidos o consecuencias del uso de dichos enlaces.     <\/p><p><strong>PROPIEDAD INTELECTUAL<\/strong><\/p><p>Esta web se rige por las leyes espa\u00f1olas y por la legislaci\u00f3n nacional e internacional sobre propiedad intelectual e industrial.<\/p><p>Todos los contenidos incluidos en la web (textos, contenidos audiovisuales, c\u00f3digo fuente, dise\u00f1o gr\u00e1fico, signos, logos, marcas, bases de datos, programas inform\u00e1ticos, edici\u00f3n, programaci\u00f3n, compilaci\u00f3n y otros elementos y contenidos necesarios para su funcionamiento) son propiedad del titular de la misma. Cualquier uso no autorizado de estos contenidos ser\u00e1 considerado un incumplimiento de los derechos de propiedad intelectual o industrial, pudiendo dar lugar a consecuencias legales. <\/p><p>Los contenidos que pudiera contener la web que no fueran de su titularidad gozar\u00e1n de la autorizaci\u00f3n de sus titulares para su uso y comunicaci\u00f3n y est\u00e1n protegidas por los correspondientes derechos de propiedad intelectual.<\/p><p>La simple navegaci\u00f3n o uso de la web no otorga en ning\u00fan caso licencia o cesi\u00f3n total o parcial de derechos sobre los derechos de propiedad intelectual, quedando expresamente prohibida cualquier transmisi\u00f3n, reproducci\u00f3n, distribuci\u00f3n, comunicaci\u00f3n p\u00fablica o transformaci\u00f3n total o parcial de los mismos sin previo consentimiento de sus titulares.<\/p><p><strong>PRIVACIDAD<\/strong><\/p><p>COCAT garantiza la confidencialidad de los datos personales que usted facilite en nuestra plataforma y la aplicaci\u00f3n de las medidas de seguridad establecidas por la normativa. Si quiere conocer nuestra Pol\u00edtica de Privacidad haga clic <a href=\"https:\/\/cocat.c.wetopi.com\/es\/politica-de-privacidad\/\" target=\"_blank\" rel=\"noopener\">aqu\u00ed<\/a> . <\/p>\t\t\t\t\t\t\t\t<\/div>\n\t\t\t\t<\/div>\n\t\t\t\t\t<\/div>\n\t\t\t\t<\/div>\n\t\t\t\t<\/div>\n\t\t","protected":false},"excerpt":{"rendered":"<p>INFORMACION DEL TITULAR Coordinadora de Organizadores de Campos de Trabajo Internacionales de Catalu\u00f1a es el titular del dominio cocat.org con CIF G63890636, con domicilio en Calle Cal\u00e0bria 120 Baixos, 08015 Barcelona (en adelante, \u201cCOCAT\u201d). El correo electr\u00f3nico de CONTACTO es cocat@cocat.org . Recomendamos LEER DETENIDAMENTE el presente aviso legal y otras pol\u00edticas de nuestra web &#8230; <a title=\"Aviso legal\" class=\"read-more\" href=\"https:\/\/cocat.org\/es\/aviso-legal\/\" aria-label=\"Leer m\u00e1s sobre Aviso legal\">Leer m\u00e1s<\/a><\/p>\n","protected":false},"author":1,"featured_media":0,"parent":0,"menu_order":0,"comment_status":"closed","ping_status":"closed","template":"","meta":{"footnotes":""},"class_list":["post-2229","page","type-page","status-publish"],"_links":{"self":[{"href":"https:\/\/cocat.org\/es\/wp-json\/wp\/v2\/pages\/2229","targetHints":{"allow":["GET"]}}],"collection":[{"href":"https:\/\/cocat.org\/es\/wp-json\/wp\/v2\/pages"}],"about":[{"href":"https:\/\/cocat.org\/es\/wp-json\/wp\/v2\/types\/page"}],"author":[{"embeddable":true,"href":"https:\/\/cocat.org\/es\/wp-json\/wp\/v2\/users\/1"}],"replies":[{"embeddable":true,"href":"https:\/\/cocat.org\/es\/wp-json\/wp\/v2\/comments?post=2229"}],"version-history":[{"count":3,"href":"https:\/\/cocat.org\/es\/wp-json\/wp\/v2\/pages\/2229\/revisions"}],"predecessor-version":[{"id":2307,"href":"https:\/\/cocat.org\/es\/wp-json\/wp\/v2\/pages\/2229\/revisions\/2307"}],"wp:attachment":[{"href":"https:\/\/cocat.org\/es\/wp-json\/wp\/v2\/media?parent=2229"}],"curies":[{"name":"wp","href":"https:\/\/api.w.org\/{rel}","templated":true}]}}