{"id":2231,"date":"2024-07-03T21:45:44","date_gmt":"2024-07-03T19:45:44","guid":{"rendered":"https:\/\/cocat.c.wetopi.com\/politica-de-cookies\/"},"modified":"2026-01-22T19:46:12","modified_gmt":"2026-01-22T18:46:12","slug":"politica-de-cookies","status":"publish","type":"page","link":"https:\/\/cocat.org\/es\/politica-de-cookies\/","title":{"rendered":"Pol\u00edtica de cookies"},"content":{"rendered":"\t\t<div data-elementor-type=\"wp-page\" data-elementor-id=\"2231\" class=\"elementor elementor-2231 elementor-890\" data-elementor-post-type=\"page\">\n\t\t\t\t<div class=\"elementor-element elementor-element-2a600dd8 e-flex e-con-boxed e-con e-parent\" data-id=\"2a600dd8\" data-element_type=\"container\" data-e-type=\"container\" data-settings=\"{&quot;jet_parallax_layout_list&quot;:[]}\">\n\t\t\t\t\t<div class=\"e-con-inner\">\n\t\t\t\t<div class=\"elementor-element elementor-element-56b43182 elementor-widget elementor-widget-text-editor\" data-id=\"56b43182\" data-element_type=\"widget\" data-e-type=\"widget\" data-widget_type=\"text-editor.default\">\n\t\t\t\t<div class=\"elementor-widget-container\">\n\t\t\t\t\t\t\t\t\t<h5><strong>Pol\u00edtica de cookies<\/strong><\/h5><p>Las cookies son peque\u00f1os archivos de texto que se almacenan localmente en la cach\u00e9 de tu navegador de Internet. Este sitio web utiliza cookies y\/o tecnolog\u00edas similares que almacenan y recuperan informaci\u00f3n cuando navegas. Estas tecnolog\u00edas permiten al sitio web reconocer su navegador y, como resultado, almacenar tus preferencias de usuario.  <\/p><p><strong>Tipos y funci\u00f3n de las cookies<\/strong><\/p><ul><li>Propias: Enviadas desde un equipo o dominio gestionado por el titular de la web.<\/li><li>De Terceros: Enviadas desde un equipo o dominio que no es gestionado por el titular de la web.<\/li><li>Sesi\u00f3n: Recogen datos durante la navegaci\u00f3n del usuario a trav\u00e9s de la p\u00e1gina web.<\/li><li>Persistentes: Permiten acceder a datos del terminal del usuario por un per\u00edodo definido por el responsable de la cookie.<\/li><li>T\u00e9cnicas: Permiten al usuario la navegaci\u00f3n a trav\u00e9s de una web y el uso de distintas opciones o servicios.<\/li><li>de Personalizaci\u00f3n: Permiten al usuario acceder al servicio con ciertas caracter\u00edsticas.<\/li><li>Anal\u00edticas: Permiten el seguimiento y an\u00e1lisis del comportamiento del usuario de webs a las que est\u00e1n vinculadas, con el fin de introducir mejoras en funci\u00f3n de los datos agregados.<\/li><li>Publicitarias: Permiten la gesti\u00f3n de los espacios publicitarios del editor en base a ciertos criterios, como el contenido editado o la frecuencia de acceso.<\/li><\/ul><p><strong>\u00bfQu\u00e9 tipos de cookies se utilizan en esta p\u00e1gina web y cu\u00e1l es su utilidad<\/strong><\/p><ul><li>De Terceros<\/li><li>Sesi\u00f3n<\/li><li>Persistentes<\/li><li>T\u00e9cnicas<\/li><li>De Personalizaci\u00f3n<\/li><\/ul><p><strong>Cuadro listado con el tipo de cookies que utiliza la p\u00e1gina web y su finalidad<\/strong><\/p>\t\t\t\t\t\t\t\t<\/div>\n\t\t\t\t<\/div>\n\t\t\t\t<div class=\"elementor-element elementor-element-e1a733e elementor-widget elementor-widget-text-editor\" data-id=\"e1a733e\" data-element_type=\"widget\" data-e-type=\"widget\" data-widget_type=\"text-editor.default\">\n\t\t\t\t<div class=\"elementor-widget-container\">\n\t\t\t\t\t\t\t\t\t<p>Puedes desactivar el uso de cookies mediante la configuraci\u00f3n de las opciones del navegador instalado en tu equipo. Te informamos que, en caso de deshabilitar el uso de cookies, puede incidir en las funcionalidades que ofrece nuestra web. <\/p><ul><li>Internet Explorer 9 <a href=\"https:\/\/support.microsoft.com\/es-es\/help\/17442\/windows-internet-explorer-delete-manage-cookies\" target=\"_blank\" rel=\"noopener\">https:\/\/support.microsoft.com\/es-es\/help\/17442\/windows-internet-explorer-delete-manage-cookies<\/a><\/li><li>Chrome <a href=\"https:\/\/support.google.com\/chrome\/answer\/95647?co=GENIE.Platform%3DDesktop&amp;hl=es\" target=\"_blank\" rel=\"noopener noreferrer\">https:\/\/support.google.com\/chrome\/answer\/95647?co=GENIE.Platform%3DDesktop&amp;hl=es<\/a><\/li><li>Mozilla Firefox <a href=\"https:\/\/support.mozilla.org\/es\/kb\/habilitar-y-deshabilitar-cookies-sitios-web-rastrear-preferencias\" target=\"_blank\" rel=\"noopener noreferrer\">https:\/\/support.mozilla.org\/es\/kb\/habilitar-y-deshabilitar-cookies-sitios-web-rastrear-preferencias<\/a><\/li><li>Safari <a href=\"https:\/\/support.apple.com\/es-es\/guide\/safari\/sfri11471\/mac\" target=\"_blank\" rel=\"noopener noreferrer\">https:\/\/support.apple.com\/es-es\/guide\/safari\/sfri11471\/mac<\/a><\/li><\/ul><p><strong>Transferencias internacionales de datos<\/strong><\/p><p>La aceptaci\u00f3n de algunas de estas cookies puede suponer la transferencia internacional de datos de los usuarios a terceros pa\u00edses, necesaria para el funcionamiento de los servicios de algunos de los proveedores de esta p\u00e1gina web. La base legal para esta transferencia es el consentimiento del usuario, manifestado al consentir y aceptar el uso de las cookies de que en cada caso se trate. Las transferencias internacionales de datos se realizar\u00e1n a pa\u00edses con un adecuado nivel de protecci\u00f3n, declarado por la Comisi\u00f3n Europea y con la aportaci\u00f3n de garant\u00edas adecuadas como el convenio bilateral con EE.UU. denominado FECHA PRIVACY FRAMEWORK. Los casos en los que pueda haber transferencias internacionales de datos, ser\u00e1 a trav\u00e9s de las Cookies provenientes de terceros (Google, Google Analytics, WordPress y GDPR Cookie Consent Plugin). Puedes informarte de las transferencias de datos a terceros pa\u00edses que, en su caso, realizan los terceros identificados en esta pol\u00edtica de cookies, en sus correspondientes pol\u00edticas sobre el tratamiento de los datos recogidos.    <\/p><p><strong>Decisiones automatizadas incluida la elaboraci\u00f3n de perfiles<br><\/strong> En la presente p\u00e1gina web no se utilizan cookies anal\u00edticas y\/o publicitarias. COCAT no realiza la toma de decisiones automatizadas y tampoco la elaboraci\u00f3n de perfiles. <\/p><p><strong>Conservaci\u00f3n de los datos obtenidos<\/strong><\/p><p>Los datos recogidos mediante cookies de sesi\u00f3n s\u00f3lo se conservar\u00e1n durante el plazo en que el usuario navegue por esta p\u00e1gina web. Los datos recogidos mediante cookies persistentes, se conservar\u00e1n durante un plazo superior al de la sesi\u00f3n de navegaci\u00f3n por esta p\u00e1gina web. Puedes informarte sobre la conservaci\u00f3n de los datos obtenidos por terceros que se indican en el siguiente apartado, en sus correspondientes pol\u00edticas sobre el tratamiento de los datos recogidos.  <\/p><p><strong>Identificaci\u00f3n de los responsables de las cookies y del tratamiento de los datos obtenidos<\/strong><\/p><p>El responsable de las cookies propias y del tratamiento de los datos obtenidos ser\u00e1 Coordinadora de Organizadores de Campos de trabajo internacionales de Catalu\u00f1a (\u201cCOCAT\u201d). El correo electr\u00f3nico de contacto del delegado de protecci\u00f3n de datos es el siguiente: <a href=\"mailto:dpd@cocat.org\">dpd@cocat.org<\/a> . Los proveedores de cookies de terceros ser\u00e1n Google Analytics, WordPress y GDPR Cookie Consent Plugin. Puede consultar sus correspondientes pol\u00edticas de privacidad y transferencia internacional de datos en sus propias p\u00e1ginas web.   <\/p>\t\t\t\t\t\t\t\t<\/div>\n\t\t\t\t<\/div>\n\t\t\t\t\t<\/div>\n\t\t\t\t<\/div>\n\t\t\t\t<\/div>\n\t\t","protected":false},"excerpt":{"rendered":"<p>Pol\u00edtica de cookies Las cookies son peque\u00f1os archivos de texto que se almacenan localmente en la cach\u00e9 de tu navegador de Internet. Este sitio web utiliza cookies y\/o tecnolog\u00edas similares que almacenan y recuperan informaci\u00f3n cuando navegas. Estas tecnolog\u00edas permiten al sitio web reconocer su navegador y, como resultado, almacenar tus preferencias de usuario. Tipos &#8230; <a title=\"Pol\u00edtica de cookies\" class=\"read-more\" href=\"https:\/\/cocat.org\/es\/politica-de-cookies\/\" aria-label=\"Leer m\u00e1s sobre Pol\u00edtica de cookies\">Leer m\u00e1s<\/a><\/p>\n","protected":false},"author":1,"featured_media":0,"parent":0,"menu_order":0,"comment_status":"closed","ping_status":"closed","template":"","meta":{"footnotes":""},"class_list":["post-2231","page","type-page","status-publish"],"_links":{"self":[{"href":"https:\/\/cocat.org\/es\/wp-json\/wp\/v2\/pages\/2231","targetHints":{"allow":["GET"]}}],"collection":[{"href":"https:\/\/cocat.org\/es\/wp-json\/wp\/v2\/pages"}],"about":[{"href":"https:\/\/cocat.org\/es\/wp-json\/wp\/v2\/types\/page"}],"author":[{"embeddable":true,"href":"https:\/\/cocat.org\/es\/wp-json\/wp\/v2\/users\/1"}],"replies":[{"embeddable":true,"href":"https:\/\/cocat.org\/es\/wp-json\/wp\/v2\/comments?post=2231"}],"version-history":[{"count":1,"href":"https:\/\/cocat.org\/es\/wp-json\/wp\/v2\/pages\/2231\/revisions"}],"predecessor-version":[{"id":2233,"href":"https:\/\/cocat.org\/es\/wp-json\/wp\/v2\/pages\/2231\/revisions\/2233"}],"wp:attachment":[{"href":"https:\/\/cocat.org\/es\/wp-json\/wp\/v2\/media?parent=2231"}],"curies":[{"name":"wp","href":"https:\/\/api.w.org\/{rel}","templated":true}]}}