{"id":2232,"date":"2024-07-03T20:20:38","date_gmt":"2024-07-03T18:20:38","guid":{"rendered":"https:\/\/cocat.c.wetopi.com\/faq\/documentacion-por-inscripcion\/"},"modified":"2026-01-22T19:46:11","modified_gmt":"2026-01-22T18:46:11","slug":"documentacion-por-inscripcion","status":"publish","type":"page","link":"https:\/\/cocat.org\/es\/faq\/documentacion-por-inscripcion\/","title":{"rendered":"Documentaci\u00f3n por inscripci\u00f3n"},"content":{"rendered":"\t\t<div data-elementor-type=\"wp-page\" data-elementor-id=\"2232\" class=\"elementor elementor-2232 elementor-821\" data-elementor-post-type=\"page\">\n\t\t\t\t<div class=\"elementor-element elementor-element-426b64c e-flex e-con-boxed e-con e-parent\" data-id=\"426b64c\" data-element_type=\"container\" data-e-type=\"container\" data-settings=\"{&quot;jet_parallax_layout_list&quot;:[]}\">\n\t\t\t\t\t<div class=\"e-con-inner\">\n\t\t\t\t<div class=\"elementor-element elementor-element-fef024f elementor-widget elementor-widget-heading\" data-id=\"fef024f\" data-element_type=\"widget\" data-e-type=\"widget\" data-widget_type=\"heading.default\">\n\t\t\t\t<div class=\"elementor-widget-container\">\n\t\t\t\t\t<h4 class=\"elementor-heading-title elementor-size-default\">Preguntas frecuentes referentes a la documentaci\u00f3n solicitada en la inscripci\u00f3n<\/h4>\t\t\t\t<\/div>\n\t\t\t\t<\/div>\n\t\t\t\t\t<\/div>\n\t\t\t\t<\/div>\n\t\t<div class=\"elementor-element elementor-element-82c7296 e-flex e-con-boxed e-con e-parent\" data-id=\"82c7296\" data-element_type=\"container\" data-e-type=\"container\" data-settings=\"{&quot;jet_parallax_layout_list&quot;:[]}\">\n\t\t\t\t\t<div class=\"e-con-inner\">\n\t\t\t\t<div class=\"elementor-element elementor-element-0a80015 elementor-widget elementor-widget-text-editor\" data-id=\"0a80015\" data-element_type=\"widget\" data-e-type=\"widget\" data-widget_type=\"text-editor.default\">\n\t\t\t\t<div class=\"elementor-widget-container\">\n\t\t\t\t\t\t\t\t\t<p><strong>\u00bfQu\u00e9 es la Carta de motivaci\u00f3n?<\/strong><\/p><p>Si en uno de los proyectos que has elegido te piden que env\u00edes una carta de motivaci\u00f3n, deber\u00e1s enviarla por correo electr\u00f3nico a <a class=\"texto-azul-qui-som\" href=\"mailto:outgoing@cocat.org\" target=\"_blank\" rel=\"noopener noreferrer\">outgoing@cocat.org<\/a> en el mismo momento de realizar la inscripci\u00f3n.<\/p><p>La carta de motivaci\u00f3n deber\u00e1 estar escrita en ingl\u00e9s e incluir los siguientes puntos:<\/p><p>Breve presentaci\u00f3n de ti mismo\/a<br> Por qu\u00e9 te interesa hacer un proyecto de voluntariado<br> Por qu\u00e9 te interesa este proyecto en particular<br> Experiencias previas en este tipo de trabajo o en general en proyectos de voluntariado<\/p><p>Este documento es muy importante ya que hasta que no la hacemos llegar, la entidad de acogida no podr\u00e1 aceptarte y puede que d\u00e9 prioridad a otros candidatos\/as.<\/p><p><strong>\u00bfQu\u00e9 es el Certificado de Antecedentes Penales (CGC)?<\/strong><\/p><p>Es un certificado que acredita la carencia de antecedentes penales o, en su caso, su existencia. \u00bfC\u00f3mo tramitarlo? <\/p><p>-POR INTERNET<\/p><p>Encontrar\u00e1 toda la informaci\u00f3n sobre c\u00f3mo realizar este tr\u00e1mite de forma telem\u00e1tica en este <a href=\"https:\/\/sede.mjusticia.gob.es\/es\/tramites\/certificado-antecedentes\" target=\"_blank\" rel=\"noopener noreferrer\">enlace.<\/a><\/p><p>-PRESENCIALMENTE<\/p><p>1) Imprimir el Modelo 790 del apartado Tr\u00e1mites de la <a href=\"https:\/\/www.mjusticia.gob.es\/es\" target=\"_blank\" rel=\"noopener noreferrer\">web<\/a> del Ministerio de Justicia de Espa\u00f1a.<\/p><p>Tambi\u00e9n podr\u00e1 obtenerse gratuitamente en las Gerencias Territoriales del Ministerio de Justicia o en cualquier Registro Civil de Espa\u00f1a.<\/p><p>2) Con este documento, realizar el pago a cualquier entidad bancaria (el importe var\u00eda anualmente pero ronda los 4\u20ac)<\/p><p>3) Presentar copia del Modelo 790 en la <a class=\"texto-azul-qui-som\" href=\"https:\/\/www.mjusticia.gob.es\/BUSCADIR\/ServletControlador?apartado=buscadorGerencias&amp;codSGOM=0801906200001&amp;tipo=&amp;provincia=\" target=\"_blank\" rel=\"noopener\">Gerencia Territorial del Ministerio Justicia de Catalu\u00f1a<\/a> , junto con el certificado de pago y el DNI.<\/p><p>Habr\u00e1 que enviar una copia escaneada del Certificado de antecedentes penales <a class=\"texto-azul-qui-som\" href=\"mailto:outgoing@cocat.org\" target=\"_blank\" rel=\"noopener noreferrer\">outgoing@cocat.org<\/a> una vez se tenga confirmada la plaza y deber\u00e1 presentarse el original el primer d\u00eda del campo de trabajo.<\/p>\t\t\t\t\t\t\t\t<\/div>\n\t\t\t\t<\/div>\n\t\t\t\t\t<\/div>\n\t\t\t\t<\/div>\n\t\t\t\t<\/div>\n\t\t","protected":false},"excerpt":{"rendered":"<p>Preguntas frecuentes referentes a la documentaci\u00f3n solicitada en la inscripci\u00f3n \u00bfQu\u00e9 es la Carta de motivaci\u00f3n? Si en uno de los proyectos que has elegido te piden que env\u00edes una carta de motivaci\u00f3n, deber\u00e1s enviarla por correo electr\u00f3nico a outgoing@cocat.org en el mismo momento de realizar la inscripci\u00f3n. La carta de motivaci\u00f3n deber\u00e1 estar escrita &#8230; <a title=\"Documentaci\u00f3n por inscripci\u00f3n\" class=\"read-more\" href=\"https:\/\/cocat.org\/es\/faq\/documentacion-por-inscripcion\/\" aria-label=\"Leer m\u00e1s sobre Documentaci\u00f3n por inscripci\u00f3n\">Leer m\u00e1s<\/a><\/p>\n","protected":false},"author":1,"featured_media":0,"parent":2228,"menu_order":0,"comment_status":"closed","ping_status":"closed","template":"elementor_header_footer","meta":{"footnotes":""},"class_list":["post-2232","page","type-page","status-publish"],"_links":{"self":[{"href":"https:\/\/cocat.org\/es\/wp-json\/wp\/v2\/pages\/2232","targetHints":{"allow":["GET"]}}],"collection":[{"href":"https:\/\/cocat.org\/es\/wp-json\/wp\/v2\/pages"}],"about":[{"href":"https:\/\/cocat.org\/es\/wp-json\/wp\/v2\/types\/page"}],"author":[{"embeddable":true,"href":"https:\/\/cocat.org\/es\/wp-json\/wp\/v2\/users\/1"}],"replies":[{"embeddable":true,"href":"https:\/\/cocat.org\/es\/wp-json\/wp\/v2\/comments?post=2232"}],"version-history":[{"count":1,"href":"https:\/\/cocat.org\/es\/wp-json\/wp\/v2\/pages\/2232\/revisions"}],"predecessor-version":[{"id":2235,"href":"https:\/\/cocat.org\/es\/wp-json\/wp\/v2\/pages\/2232\/revisions\/2235"}],"up":[{"embeddable":true,"href":"https:\/\/cocat.org\/es\/wp-json\/wp\/v2\/pages\/2228"}],"wp:attachment":[{"href":"https:\/\/cocat.org\/es\/wp-json\/wp\/v2\/media?parent=2232"}],"curies":[{"name":"wp","href":"https:\/\/api.w.org\/{rel}","templated":true}]}}