{"id":2241,"date":"2024-06-03T20:32:06","date_gmt":"2024-06-03T18:32:06","guid":{"rendered":"https:\/\/cocat.c.wetopi.com\/quienes-somos-y-que-hacemos\/"},"modified":"2026-02-02T09:10:37","modified_gmt":"2026-02-02T08:10:37","slug":"quienes-somos-y-que-hacemos","status":"publish","type":"page","link":"https:\/\/cocat.org\/es\/cocado\/quienes-somos-y-que-hacemos\/","title":{"rendered":"Qui\u00e9nes somos y Qu\u00e9 hacemos"},"content":{"rendered":"\t\t<div data-elementor-type=\"wp-page\" data-elementor-id=\"2241\" class=\"elementor elementor-2241 elementor-163\" data-elementor-post-type=\"page\">\n\t\t\t\t<div class=\"elementor-element elementor-element-7ed4bdca e-con-full e-flex e-con e-parent\" data-id=\"7ed4bdca\" data-element_type=\"container\" data-e-type=\"container\" data-settings=\"{&quot;jet_parallax_layout_list&quot;:[],&quot;background_background&quot;:&quot;classic&quot;}\">\n\t\t\t\t<div class=\"elementor-element elementor-element-248ed52 elementor-widget elementor-widget-heading\" data-id=\"248ed52\" data-element_type=\"widget\" data-e-type=\"widget\" data-widget_type=\"heading.default\">\n\t\t\t\t<div class=\"elementor-widget-container\">\n\t\t\t\t\t<h2 class=\"elementor-heading-title elementor-size-default\">Conoce COCAT<\/h2>\t\t\t\t<\/div>\n\t\t\t\t<\/div>\n\t\t<div class=\"elementor-element elementor-element-ae260f5 e-grid e-con-full e-con e-child\" data-id=\"ae260f5\" data-element_type=\"container\" data-e-type=\"container\" data-settings=\"{&quot;jet_parallax_layout_list&quot;:[]}\">\n\t\t\t\t<div class=\"elementor-element elementor-element-4e6ec6a elementor-icon-list--layout-traditional elementor-list-item-link-full_width elementor-widget elementor-widget-icon-list\" data-id=\"4e6ec6a\" data-element_type=\"widget\" data-e-type=\"widget\" data-widget_type=\"icon-list.default\">\n\t\t\t\t<div class=\"elementor-widget-container\">\n\t\t\t\t\t\t\t<ul class=\"elementor-icon-list-items\">\n\t\t\t\t\t\t\t<li class=\"elementor-icon-list-item\">\n\t\t\t\t\t\t\t\t\t\t\t<a href=\"https:\/\/cocat.c.wetopi.com\/qui-som-i-que-fem\/\" target=\"_blank\" rel=\"noopener\">\n\n\t\t\t\t\t\t\t\t\t\t\t\t<span class=\"elementor-icon-list-icon\">\n\t\t\t\t\t\t\t<svg aria-hidden=\"true\" class=\"e-font-icon-svg e-fas-info-circle\" viewBox=\"0 0 512 512\" xmlns=\"http:\/\/www.w3.org\/2000\/svg\"><path d=\"M256 8C119.043 8 8 119.083 8 256c0 136.997 111.043 248 248 248s248-111.003 248-248C504 119.083 392.957 8 256 8zm0 110c23.196 0 42 18.804 42 42s-18.804 42-42 42-42-18.804-42-42 18.804-42 42-42zm56 254c0 6.627-5.373 12-12 12h-88c-6.627 0-12-5.373-12-12v-24c0-6.627 5.373-12 12-12h12v-64h-12c-6.627 0-12-5.373-12-12v-24c0-6.627 5.373-12 12-12h64c6.627 0 12 5.373 12 12v100h12c6.627 0 12 5.373 12 12v24z\"><\/path><\/svg>\t\t\t\t\t\t<\/span>\n\t\t\t\t\t\t\t\t\t\t<span class=\"elementor-icon-list-text\">QUIENES SOMOS<\/span>\n\t\t\t\t\t\t\t\t\t\t\t<\/a>\n\t\t\t\t\t\t\t\t\t<\/li>\n\t\t\t\t\t\t<\/ul>\n\t\t\t\t\t\t<\/div>\n\t\t\t\t<\/div>\n\t\t\t\t<div class=\"elementor-element elementor-element-204f8d8 elementor-icon-list--layout-traditional elementor-list-item-link-full_width elementor-widget elementor-widget-icon-list\" data-id=\"204f8d8\" data-element_type=\"widget\" data-e-type=\"widget\" data-widget_type=\"icon-list.default\">\n\t\t\t\t<div class=\"elementor-widget-container\">\n\t\t\t\t\t\t\t<ul class=\"elementor-icon-list-items\">\n\t\t\t\t\t\t\t<li class=\"elementor-icon-list-item\">\n\t\t\t\t\t\t\t\t\t\t\t<a href=\"https:\/\/cocat.org\/es\/cocado\/ejes-de-trabajo\/\">\n\n\t\t\t\t\t\t\t\t\t\t\t\t<span class=\"elementor-icon-list-icon\">\n\t\t\t\t\t\t\t<svg aria-hidden=\"true\" class=\"e-font-icon-svg e-fas-pen\" viewBox=\"0 0 512 512\" xmlns=\"http:\/\/www.w3.org\/2000\/svg\"><path d=\"M290.74 93.24l128.02 128.02-277.99 277.99-114.14 12.6C11.35 513.54-1.56 500.62.14 485.34l12.7-114.22 277.9-277.88zm207.2-19.06l-60.11-60.11c-18.75-18.75-49.16-18.75-67.91 0l-56.55 56.55 128.02 128.02 56.55-56.55c18.75-18.76 18.75-49.16 0-67.91z\"><\/path><\/svg>\t\t\t\t\t\t<\/span>\n\t\t\t\t\t\t\t\t\t\t<span class=\"elementor-icon-list-text\">EJES DE TRABAJO<\/span>\n\t\t\t\t\t\t\t\t\t\t\t<\/a>\n\t\t\t\t\t\t\t\t\t<\/li>\n\t\t\t\t\t\t<\/ul>\n\t\t\t\t\t\t<\/div>\n\t\t\t\t<\/div>\n\t\t\t\t<div class=\"elementor-element elementor-element-7948042 elementor-icon-list--layout-traditional elementor-list-item-link-full_width elementor-widget elementor-widget-icon-list\" data-id=\"7948042\" data-element_type=\"widget\" data-e-type=\"widget\" data-widget_type=\"icon-list.default\">\n\t\t\t\t<div class=\"elementor-widget-container\">\n\t\t\t\t\t\t\t<ul class=\"elementor-icon-list-items\">\n\t\t\t\t\t\t\t<li class=\"elementor-icon-list-item\">\n\t\t\t\t\t\t\t\t\t\t\t<a href=\"https:\/\/cocat.org\/es\/cocado\/entidades-miembros\/\">\n\n\t\t\t\t\t\t\t\t\t\t\t\t<span class=\"elementor-icon-list-icon\">\n\t\t\t\t\t\t\t<svg aria-hidden=\"true\" class=\"e-font-icon-svg e-fas-user-friends\" viewBox=\"0 0 640 512\" xmlns=\"http:\/\/www.w3.org\/2000\/svg\"><path d=\"M192 256c61.9 0 112-50.1 112-112S253.9 32 192 32 80 82.1 80 144s50.1 112 112 112zm76.8 32h-8.3c-20.8 10-43.9 16-68.5 16s-47.6-6-68.5-16h-8.3C51.6 288 0 339.6 0 403.2V432c0 26.5 21.5 48 48 48h288c26.5 0 48-21.5 48-48v-28.8c0-63.6-51.6-115.2-115.2-115.2zM480 256c53 0 96-43 96-96s-43-96-96-96-96 43-96 96 43 96 96 96zm48 32h-3.8c-13.9 4.8-28.6 8-44.2 8s-30.3-3.2-44.2-8H432c-20.4 0-39.2 5.9-55.7 15.4 24.4 26.3 39.7 61.2 39.7 99.8v38.4c0 2.2-.5 4.3-.6 6.4H592c26.5 0 48-21.5 48-48 0-61.9-50.1-112-112-112z\"><\/path><\/svg>\t\t\t\t\t\t<\/span>\n\t\t\t\t\t\t\t\t\t\t<span class=\"elementor-icon-list-text\">ENTIDADES MIEMBROS<\/span>\n\t\t\t\t\t\t\t\t\t\t\t<\/a>\n\t\t\t\t\t\t\t\t\t<\/li>\n\t\t\t\t\t\t<\/ul>\n\t\t\t\t\t\t<\/div>\n\t\t\t\t<\/div>\n\t\t\t\t<div class=\"elementor-element elementor-element-15f34f5 elementor-icon-list--layout-traditional elementor-list-item-link-full_width elementor-widget elementor-widget-icon-list\" data-id=\"15f34f5\" data-element_type=\"widget\" data-e-type=\"widget\" data-widget_type=\"icon-list.default\">\n\t\t\t\t<div class=\"elementor-widget-container\">\n\t\t\t\t\t\t\t<ul class=\"elementor-icon-list-items\">\n\t\t\t\t\t\t\t<li class=\"elementor-icon-list-item\">\n\t\t\t\t\t\t\t\t\t\t\t<a href=\"https:\/\/cocat.org\/es\/cocado\/ley-de-transparencia\/\">\n\n\t\t\t\t\t\t\t\t\t\t\t\t<span class=\"elementor-icon-list-icon\">\n\t\t\t\t\t\t\t<svg aria-hidden=\"true\" class=\"e-font-icon-svg e-fas-file-alt\" viewBox=\"0 0 384 512\" xmlns=\"http:\/\/www.w3.org\/2000\/svg\"><path d=\"M224 136V0H24C10.7 0 0 10.7 0 24v464c0 13.3 10.7 24 24 24h336c13.3 0 24-10.7 24-24V160H248c-13.2 0-24-10.8-24-24zm64 236c0 6.6-5.4 12-12 12H108c-6.6 0-12-5.4-12-12v-8c0-6.6 5.4-12 12-12h168c6.6 0 12 5.4 12 12v8zm0-64c0 6.6-5.4 12-12 12H108c-6.6 0-12-5.4-12-12v-8c0-6.6 5.4-12 12-12h168c6.6 0 12 5.4 12 12v8zm0-72v8c0 6.6-5.4 12-12 12H108c-6.6 0-12-5.4-12-12v-8c0-6.6 5.4-12 12-12h168c6.6 0 12 5.4 12 12zm96-114.1v6.1H256V0h6.1c6.4 0 12.5 2.5 17 7l97.9 98c4.5 4.5 7 10.6 7 16.9z\"><\/path><\/svg>\t\t\t\t\t\t<\/span>\n\t\t\t\t\t\t\t\t\t\t<span class=\"elementor-icon-list-text\">LEY DE TRANSPARENCIA<\/span>\n\t\t\t\t\t\t\t\t\t\t\t<\/a>\n\t\t\t\t\t\t\t\t\t<\/li>\n\t\t\t\t\t\t<\/ul>\n\t\t\t\t\t\t<\/div>\n\t\t\t\t<\/div>\n\t\t\t\t<\/div>\n\t\t\t\t<\/div>\n\t\t<div class=\"elementor-element elementor-element-3f00b50 e-flex e-con-boxed e-con e-parent\" data-id=\"3f00b50\" data-element_type=\"container\" data-e-type=\"container\" data-settings=\"{&quot;jet_parallax_layout_list&quot;:[]}\">\n\t\t\t\t\t<div class=\"e-con-inner\">\n\t\t<div class=\"elementor-element elementor-element-934ebb8 e-con-full e-flex e-con e-child\" data-id=\"934ebb8\" data-element_type=\"container\" data-e-type=\"container\" data-settings=\"{&quot;jet_parallax_layout_list&quot;:[]}\">\n\t\t\t\t<div class=\"elementor-element elementor-element-28a8eba elementor-widget elementor-widget-heading\" data-id=\"28a8eba\" data-element_type=\"widget\" data-e-type=\"widget\" data-widget_type=\"heading.default\">\n\t\t\t\t<div class=\"elementor-widget-container\">\n\t\t\t\t\t<h2 class=\"elementor-heading-title elementor-size-default\">\u00bfQui\u00e9nes somos?<\/h2>\t\t\t\t<\/div>\n\t\t\t\t<\/div>\n\t\t\t\t<div class=\"elementor-element elementor-element-053120a elementor-widget elementor-widget-text-editor\" data-id=\"053120a\" data-element_type=\"widget\" data-e-type=\"widget\" data-widget_type=\"text-editor.default\">\n\t\t\t\t<div class=\"elementor-widget-container\">\n\t\t\t\t\t\t\t\t\t<p><span class=\"subtitulos\">Una peque\u00f1a introducci\u00f3n<\/span><\/p>\t\t\t\t\t\t\t\t<\/div>\n\t\t\t\t<\/div>\n\t\t\t\t<div class=\"elementor-element elementor-element-d742bac elementor-widget elementor-widget-text-editor\" data-id=\"d742bac\" data-element_type=\"widget\" data-e-type=\"widget\" data-widget_type=\"text-editor.default\">\n\t\t\t\t<div class=\"elementor-widget-container\">\n\t\t\t\t\t\t\t\t\t<div class=\"clearfix \"><div class=\"wpb_wrapper\"><p><strong>COCAT<\/strong> es la Coordinadora de Organizadores de Campos de Trabajo Internacionales de Catalu\u00f1a, una <strong>plataforma de entidades<\/strong> fundada en 2005 e integrada por aquellas entidades catalanas que organizan campos internacionales desde hace m\u00e1s de 2 a\u00f1os consecutivos y que han querido ser miembros. Actualmente, son miembros de COCAT: <a class=\"texto-azul-qui-som\" href=\"http:\/\/www.cruc.info\" target=\"_blank\" rel=\"noopener noreferrer\">Coordinaci\u00f3n Rural de Catalu\u00f1a (CRUC)<\/a> , <a class=\"texto-azul-qui-som\" href=\"http:\/\/fundesplai.org\/\" target=\"_blank\" rel=\"noopener noreferrer\">Fundaci\u00f3n Catalana del Esplai (Fundesplai)<\/a> , <a class=\"texto-azul-qui-som\" href=\"http:\/\/www.josepcarol.cat\" target=\"_blank\" rel=\"noopener noreferrer\">Fundaci\u00f3n Escolta Josep Carol<\/a> , <a class=\"texto-azul-qui-som\" href=\"https:\/\/obretebre.wordpress.com\" target=\"_blank\" rel=\"noopener noreferrer\">\u00c1brete Ebro<\/a> , <a href=\"http:\/\/www.grupesplaividrerenc.com\/\" target=\"_blank\" rel=\"noopener\">Grupo Esplai Vidrerenc (GEPV),<\/a> <a href=\"http:\/\/www.balmesblancs.com\/\" target=\"_blank\" rel=\"noopener\">Balmes Blancs.<\/a> <\/p><p>Los miembros de COCAT, como entidades educativas de <strong>base participativa y social<\/strong> , organizan los campos de trabajo como una herramienta de voluntariado internacional para promover el <strong>intercambio cultural<\/strong> . La voluntad es potenciar el conocimiento de Catalu\u00f1a entre los j\u00f3venes de todo el mundo, desde la singularidad que la representa conociendo la realidad social y cultural catalana. <\/p><p>El principal objetivo de COCAT es promover el voluntariado internacional como herramienta para que los j\u00f3venes puedan entrar en contacto con diferentes realidades. A partir del trabajo en red con entidades catalanas y de todo el mundo se ha construido un <strong>proyecto integral de voluntariado<\/strong> en el que se realizan diversas tipolog\u00edas de voluntariado (campos de trabajo, proyectos de larga duraci\u00f3n, ESC, formaciones internacionales). <\/p><p>Los proyectos de voluntariado que se promueven se encuentran bajo el paraguas de <strong>valores como la inclusi\u00f3n, la educaci\u00f3n para la sostenibilidad, la igualdad, la solidaridad internacional y la participaci\u00f3n social.<\/strong><\/p><p><em><strong>Sostenibilidad:<\/strong><\/em> en la que se trabaja para incrementar la sostenibilidad en los proyectos internacionales de voluntariado, a trav\u00e9s del trabajo con las entidades organizadoras de campos de trabajo, los voluntarios que participan y la comunidad local, especialmente a trav\u00e9s de la campa\u00f1a <a class=\"texto-azul-qui-som\" href=\"http:\/\/www.alliance-network.eu\/our-campaigns\/environmental-sustainability-campaign\/\" target=\"_blank\" rel=\"noopener noreferrer\">\u201cEnviromental sustainability campaign\u201d<\/a> .<\/p><p><em><strong>Campos para todos:<\/strong><\/em> en los que se trabaja con entidades internacionales y catalanas para la inclusi\u00f3n y accesibilidad de los proyectos de voluntariado internacionales, especialmente en el marco de la Campa\u00f1a <a class=\"texto-azul-qui-som\" href=\"http:\/\/www.alliance-network.eu\/our-campaigns\/accessing-campaign\" target=\"_blank\" rel=\"noopener noreferrer\">\u201cAccessing workcamps\u201d<\/a> .<\/p><\/div><\/div>\t\t\t\t\t\t\t\t<\/div>\n\t\t\t\t<\/div>\n\t\t\t\t<\/div>\n\t\t<div class=\"elementor-element elementor-element-7db22fa e-con-full e-flex e-con e-child\" data-id=\"7db22fa\" data-element_type=\"container\" data-e-type=\"container\" data-settings=\"{&quot;jet_parallax_layout_list&quot;:[]}\">\n\t\t\t\t<div class=\"elementor-element elementor-element-b319c01 elementor-widget elementor-widget-heading\" data-id=\"b319c01\" data-element_type=\"widget\" data-e-type=\"widget\" data-widget_type=\"heading.default\">\n\t\t\t\t<div class=\"elementor-widget-container\">\n\t\t\t\t\t<h2 class=\"elementor-heading-title elementor-size-default\">\u00bfQu\u00e9 hacemos?<\/h2>\t\t\t\t<\/div>\n\t\t\t\t<\/div>\n\t\t\t\t<div class=\"elementor-element elementor-element-a7fa52a elementor-widget elementor-widget-text-editor\" data-id=\"a7fa52a\" data-element_type=\"widget\" data-e-type=\"widget\" data-widget_type=\"text-editor.default\">\n\t\t\t\t<div class=\"elementor-widget-container\">\n\t\t\t\t\t\t\t\t\t<p><span class=\"subtitulos\">Objetivos<\/span><\/p>\t\t\t\t\t\t\t\t<\/div>\n\t\t\t\t<\/div>\n\t\t\t\t<div class=\"elementor-element elementor-element-3d76a90 elementor-widget elementor-widget-text-editor\" data-id=\"3d76a90\" data-element_type=\"widget\" data-e-type=\"widget\" data-widget_type=\"text-editor.default\">\n\t\t\t\t<div class=\"elementor-widget-container\">\n\t\t\t\t\t\t\t\t\t<div class=\"krown-column-row clearfix wpb_row vc_inner krown-column-row clearfix-fluid\"><div class=\"krown-column-container clearfix vc_column_container span12\"><div class=\"vc_column-inner\"><div class=\"wpb_wrapper\"><div class=\"clearfix \"><div class=\"wpb_wrapper\"><p><strong>Coordinando entidades juveniles catalanas<\/strong> La coordinaci\u00f3n de los campos internacionales ha sido desde un principio la labor fundacional de COCAT. Desde su labor inicial, COCAT ha desarrollado sus l\u00edneas de acci\u00f3n, atendiendo a su propia naturaleza: como entidad que fomenta el voluntariado internacional como herramienta de desarrollo individual y colectivo por un lado, y como coordinadora de entidades juveniles catalanas, por otro. <\/p><p><strong>Trabajando para el voluntariado<\/strong> COCAT tiene gran capacidad de movilizaci\u00f3n. Anualmente, m\u00e1s de 500 j\u00f3venes catalanes realizan proyectos de voluntariado en el extranjero y de 200 j\u00f3venes de todo el mundo participan de los campos de trabajo internacionales que se llevan a cabo en territorio catal\u00e1n, organizados por las entidades juveniles catalanas. La entidad desarrolla un programa de voluntariado integral que incluye proyectos y actividades para:  <\/p><p><em>La inclusi\u00f3n mediante el voluntariado internacional<br> La formaci\u00f3n a trav\u00e9s del aprendizaje no formal<br> La participaci\u00f3n y la educaci\u00f3n en valores<br> El voluntariado de larga duraci\u00f3n<\/em><\/p><p>COCAT, no es una agencia de viajes: es una plataforma de entidades que promueve el voluntariado de forma coherente con los valores compartidos con las otras asociaciones con las que trabaja, para potenciar el desarrollo comunitario y propio y el aprendizaje intercultural.<\/p><p><strong>Trabajando en red local e internacional<\/strong> COCAT trabaja para representar a Catalu\u00f1a y sus entidades en el \u00e1mbito internacional. Busca potenciar las sinergias entre la realidad del tejido asociativo catal\u00e1n y la realidad del asociacionismo internacional, ejerciendo de puente entre ambas partes. <\/p><p>Conoce las <a title=\"Partners\" href=\"https:\/\/cocat.org\/cocat\/partners-de-cocat\/\" target=\"_blank\" rel=\"noopener noreferrer\">organizaciones internacionales de todo el mundo<\/a> con las que trabaja COCAT.<\/p><\/div><\/div><\/div><\/div><\/div><\/div>\t\t\t\t\t\t\t\t<\/div>\n\t\t\t\t<\/div>\n\t\t\t\t<\/div>\n\t\t\t\t\t<\/div>\n\t\t\t\t<\/div>\n\t\t<div class=\"elementor-element elementor-element-426b64c e-flex e-con-boxed e-con e-parent\" data-id=\"426b64c\" data-element_type=\"container\" data-e-type=\"container\" data-settings=\"{&quot;jet_parallax_layout_list&quot;:[]}\">\n\t\t\t\t\t<div class=\"e-con-inner\">\n\t\t\t\t<div class=\"elementor-element elementor-element-68bf24b elementor-view-default elementor-position-block-start elementor-mobile-position-block-start elementor-widget elementor-widget-icon-box\" data-id=\"68bf24b\" data-element_type=\"widget\" data-e-type=\"widget\" data-widget_type=\"icon-box.default\">\n\t\t\t\t<div class=\"elementor-widget-container\">\n\t\t\t\t\t\t\t<div class=\"elementor-icon-box-wrapper\">\n\n\t\t\t\t\t\t<div class=\"elementor-icon-box-icon\">\n\t\t\t\t<span  class=\"elementor-icon\">\n\t\t\t\t<svg aria-hidden=\"true\" class=\"e-font-icon-svg e-fas-bullhorn\" viewBox=\"0 0 576 512\" xmlns=\"http:\/\/www.w3.org\/2000\/svg\"><path d=\"M576 240c0-23.63-12.95-44.04-32-55.12V32.01C544 23.26 537.02 0 512 0c-7.12 0-14.19 2.38-19.98 7.02l-85.03 68.03C364.28 109.19 310.66 128 256 128H64c-35.35 0-64 28.65-64 64v96c0 35.35 28.65 64 64 64h33.7c-1.39 10.48-2.18 21.14-2.18 32 0 39.77 9.26 77.35 25.56 110.94 5.19 10.69 16.52 17.06 28.4 17.06h74.28c26.05 0 41.69-29.84 25.9-50.56-16.4-21.52-26.15-48.36-26.15-77.44 0-11.11 1.62-21.79 4.41-32H256c54.66 0 108.28 18.81 150.98 52.95l85.03 68.03a32.023 32.023 0 0 0 19.98 7.02c24.92 0 32-22.78 32-32V295.13C563.05 284.04 576 263.63 576 240zm-96 141.42l-33.05-26.44C392.95 311.78 325.12 288 256 288v-96c69.12 0 136.95-23.78 190.95-66.98L480 98.58v282.84z\"><\/path><\/svg>\t\t\t\t<\/span>\n\t\t\t<\/div>\n\t\t\t\n\t\t\t\t\t\t<div class=\"elementor-icon-box-content\">\n\n\t\t\t\t\t\t\t\t\t<h3 class=\"elementor-icon-box-title\">\n\t\t\t\t\t\t<span  >\n\t\t\t\t\t\t\tCAMPA\u00d1AS INTERNACIONALES\t\t\t\t\t\t<\/span>\n\t\t\t\t\t<\/h3>\n\t\t\t\t\n\t\t\t\t\t\t\t\t\t<p class=\"elementor-icon-box-description\">\n\t\t\t\t\t\tSi quieres tener m\u00e1s informaci\u00f3n sobre las campa\u00f1as internacionales de sostenibilidad e inclusi\u00f3n con las que COCAT colabora y sobre la red Alliance en general, puedes encontrar m\u00e1s informaci\u00f3n clicando aqu\u00ed.\t\t\t\t\t<\/p>\n\t\t\t\t\n\t\t\t<\/div>\n\t\t\t\n\t\t<\/div>\n\t\t\t\t\t\t<\/div>\n\t\t\t\t<\/div>\n\t\t\t\t\t<\/div>\n\t\t\t\t<\/div>\n\t\t\t\t<\/div>\n\t\t","protected":false},"excerpt":{"rendered":"<p>Conoce COCAT QUIENES SOMOS EJES DE TRABAJO ENTIDADES MIEMBROS LEY DE TRANSPARENCIA \u00bfQui\u00e9nes somos? Una peque\u00f1a introducci\u00f3n COCAT es la Coordinadora de Organizadores de Campos de Trabajo Internacionales de Catalu\u00f1a, una plataforma de entidades fundada en 2005 e integrada por aquellas entidades catalanas que organizan campos internacionales desde hace m\u00e1s de 2 a\u00f1os consecutivos y &#8230; <a title=\"Qui\u00e9nes somos y Qu\u00e9 hacemos\" class=\"read-more\" href=\"https:\/\/cocat.org\/es\/cocado\/quienes-somos-y-que-hacemos\/\" aria-label=\"Leer m\u00e1s sobre Qui\u00e9nes somos y Qu\u00e9 hacemos\">Leer m\u00e1s<\/a><\/p>\n","protected":false},"author":1,"featured_media":0,"parent":2273,"menu_order":0,"comment_status":"closed","ping_status":"closed","template":"elementor_header_footer","meta":{"footnotes":""},"class_list":["post-2241","page","type-page","status-publish"],"_links":{"self":[{"href":"https:\/\/cocat.org\/es\/wp-json\/wp\/v2\/pages\/2241","targetHints":{"allow":["GET"]}}],"collection":[{"href":"https:\/\/cocat.org\/es\/wp-json\/wp\/v2\/pages"}],"about":[{"href":"https:\/\/cocat.org\/es\/wp-json\/wp\/v2\/types\/page"}],"author":[{"embeddable":true,"href":"https:\/\/cocat.org\/es\/wp-json\/wp\/v2\/users\/1"}],"replies":[{"embeddable":true,"href":"https:\/\/cocat.org\/es\/wp-json\/wp\/v2\/comments?post=2241"}],"version-history":[{"count":6,"href":"https:\/\/cocat.org\/es\/wp-json\/wp\/v2\/pages\/2241\/revisions"}],"predecessor-version":[{"id":2873,"href":"https:\/\/cocat.org\/es\/wp-json\/wp\/v2\/pages\/2241\/revisions\/2873"}],"up":[{"embeddable":true,"href":"https:\/\/cocat.org\/es\/wp-json\/wp\/v2\/pages\/2273"}],"wp:attachment":[{"href":"https:\/\/cocat.org\/es\/wp-json\/wp\/v2\/media?parent=2241"}],"curies":[{"name":"wp","href":"https:\/\/api.w.org\/{rel}","templated":true}]}}