{"id":2245,"date":"2024-06-03T21:10:34","date_gmt":"2024-06-03T19:10:34","guid":{"rendered":"https:\/\/cocat.c.wetopi.com\/ejes-de-trabajo\/"},"modified":"2026-02-02T09:04:02","modified_gmt":"2026-02-02T08:04:02","slug":"ejes-de-trabajo","status":"publish","type":"page","link":"https:\/\/cocat.org\/es\/cocado\/ejes-de-trabajo\/","title":{"rendered":"Ejes de trabajo"},"content":{"rendered":"\t\t<div data-elementor-type=\"wp-page\" data-elementor-id=\"2245\" class=\"elementor elementor-2245 elementor-196\" data-elementor-post-type=\"page\">\n\t\t\t\t<div class=\"elementor-element elementor-element-7ed4bdca e-con-full e-flex e-con e-parent\" data-id=\"7ed4bdca\" data-element_type=\"container\" data-e-type=\"container\" data-settings=\"{&quot;jet_parallax_layout_list&quot;:[],&quot;background_background&quot;:&quot;classic&quot;}\">\n\t\t\t\t<div class=\"elementor-element elementor-element-248ed52 elementor-widget elementor-widget-heading\" data-id=\"248ed52\" data-element_type=\"widget\" data-e-type=\"widget\" data-widget_type=\"heading.default\">\n\t\t\t\t<div class=\"elementor-widget-container\">\n\t\t\t\t\t<h2 class=\"elementor-heading-title elementor-size-default\">Conoce COCAT<\/h2>\t\t\t\t<\/div>\n\t\t\t\t<\/div>\n\t\t<div class=\"elementor-element elementor-element-460be0f e-grid e-con-full e-con e-child\" data-id=\"460be0f\" data-element_type=\"container\" data-e-type=\"container\" data-settings=\"{&quot;jet_parallax_layout_list&quot;:[]}\">\n\t\t\t\t<div class=\"elementor-element elementor-element-5c5f286 elementor-icon-list--layout-traditional elementor-list-item-link-full_width elementor-widget elementor-widget-icon-list\" data-id=\"5c5f286\" data-element_type=\"widget\" data-e-type=\"widget\" data-widget_type=\"icon-list.default\">\n\t\t\t\t<div class=\"elementor-widget-container\">\n\t\t\t\t\t\t\t<ul class=\"elementor-icon-list-items\">\n\t\t\t\t\t\t\t<li class=\"elementor-icon-list-item\">\n\t\t\t\t\t\t\t\t\t\t\t<a href=\"https:\/\/cocat.org\/es\/cocado\/quienes-somos-y-que-hacemos\/\">\n\n\t\t\t\t\t\t\t\t\t\t\t\t<span class=\"elementor-icon-list-icon\">\n\t\t\t\t\t\t\t<svg aria-hidden=\"true\" class=\"e-font-icon-svg e-fas-info-circle\" viewBox=\"0 0 512 512\" xmlns=\"http:\/\/www.w3.org\/2000\/svg\"><path d=\"M256 8C119.043 8 8 119.083 8 256c0 136.997 111.043 248 248 248s248-111.003 248-248C504 119.083 392.957 8 256 8zm0 110c23.196 0 42 18.804 42 42s-18.804 42-42 42-42-18.804-42-42 18.804-42 42-42zm56 254c0 6.627-5.373 12-12 12h-88c-6.627 0-12-5.373-12-12v-24c0-6.627 5.373-12 12-12h12v-64h-12c-6.627 0-12-5.373-12-12v-24c0-6.627 5.373-12 12-12h64c6.627 0 12 5.373 12 12v100h12c6.627 0 12 5.373 12 12v24z\"><\/path><\/svg>\t\t\t\t\t\t<\/span>\n\t\t\t\t\t\t\t\t\t\t<span class=\"elementor-icon-list-text\">QUIENES SOMOS<\/span>\n\t\t\t\t\t\t\t\t\t\t\t<\/a>\n\t\t\t\t\t\t\t\t\t<\/li>\n\t\t\t\t\t\t<\/ul>\n\t\t\t\t\t\t<\/div>\n\t\t\t\t<\/div>\n\t\t\t\t<div class=\"elementor-element elementor-element-1d88cc0 elementor-icon-list--layout-traditional elementor-list-item-link-full_width elementor-widget elementor-widget-icon-list\" data-id=\"1d88cc0\" data-element_type=\"widget\" data-e-type=\"widget\" data-widget_type=\"icon-list.default\">\n\t\t\t\t<div class=\"elementor-widget-container\">\n\t\t\t\t\t\t\t<ul class=\"elementor-icon-list-items\">\n\t\t\t\t\t\t\t<li class=\"elementor-icon-list-item\">\n\t\t\t\t\t\t\t\t\t\t\t<span class=\"elementor-icon-list-icon\">\n\t\t\t\t\t\t\t<svg aria-hidden=\"true\" class=\"e-font-icon-svg e-fas-pen\" viewBox=\"0 0 512 512\" xmlns=\"http:\/\/www.w3.org\/2000\/svg\"><path d=\"M290.74 93.24l128.02 128.02-277.99 277.99-114.14 12.6C11.35 513.54-1.56 500.62.14 485.34l12.7-114.22 277.9-277.88zm207.2-19.06l-60.11-60.11c-18.75-18.75-49.16-18.75-67.91 0l-56.55 56.55 128.02 128.02 56.55-56.55c18.75-18.76 18.75-49.16 0-67.91z\"><\/path><\/svg>\t\t\t\t\t\t<\/span>\n\t\t\t\t\t\t\t\t\t\t<span class=\"elementor-icon-list-text\">EJES DE TRABAJO<\/span>\n\t\t\t\t\t\t\t\t\t<\/li>\n\t\t\t\t\t\t<\/ul>\n\t\t\t\t\t\t<\/div>\n\t\t\t\t<\/div>\n\t\t\t\t<div class=\"elementor-element elementor-element-a48031c elementor-icon-list--layout-traditional elementor-list-item-link-full_width elementor-widget elementor-widget-icon-list\" data-id=\"a48031c\" data-element_type=\"widget\" data-e-type=\"widget\" data-widget_type=\"icon-list.default\">\n\t\t\t\t<div class=\"elementor-widget-container\">\n\t\t\t\t\t\t\t<ul class=\"elementor-icon-list-items\">\n\t\t\t\t\t\t\t<li class=\"elementor-icon-list-item\">\n\t\t\t\t\t\t\t\t\t\t\t<a href=\"https:\/\/cocat.org\/es\/cocado\/entidades-miembros\/\">\n\n\t\t\t\t\t\t\t\t\t\t\t\t<span class=\"elementor-icon-list-icon\">\n\t\t\t\t\t\t\t<svg aria-hidden=\"true\" class=\"e-font-icon-svg e-fas-user-friends\" viewBox=\"0 0 640 512\" xmlns=\"http:\/\/www.w3.org\/2000\/svg\"><path d=\"M192 256c61.9 0 112-50.1 112-112S253.9 32 192 32 80 82.1 80 144s50.1 112 112 112zm76.8 32h-8.3c-20.8 10-43.9 16-68.5 16s-47.6-6-68.5-16h-8.3C51.6 288 0 339.6 0 403.2V432c0 26.5 21.5 48 48 48h288c26.5 0 48-21.5 48-48v-28.8c0-63.6-51.6-115.2-115.2-115.2zM480 256c53 0 96-43 96-96s-43-96-96-96-96 43-96 96 43 96 96 96zm48 32h-3.8c-13.9 4.8-28.6 8-44.2 8s-30.3-3.2-44.2-8H432c-20.4 0-39.2 5.9-55.7 15.4 24.4 26.3 39.7 61.2 39.7 99.8v38.4c0 2.2-.5 4.3-.6 6.4H592c26.5 0 48-21.5 48-48 0-61.9-50.1-112-112-112z\"><\/path><\/svg>\t\t\t\t\t\t<\/span>\n\t\t\t\t\t\t\t\t\t\t<span class=\"elementor-icon-list-text\">ENTIDADES MIEMBROS<\/span>\n\t\t\t\t\t\t\t\t\t\t\t<\/a>\n\t\t\t\t\t\t\t\t\t<\/li>\n\t\t\t\t\t\t<\/ul>\n\t\t\t\t\t\t<\/div>\n\t\t\t\t<\/div>\n\t\t\t\t<div class=\"elementor-element elementor-element-159b81b elementor-icon-list--layout-traditional elementor-list-item-link-full_width elementor-widget elementor-widget-icon-list\" data-id=\"159b81b\" data-element_type=\"widget\" data-e-type=\"widget\" data-widget_type=\"icon-list.default\">\n\t\t\t\t<div class=\"elementor-widget-container\">\n\t\t\t\t\t\t\t<ul class=\"elementor-icon-list-items\">\n\t\t\t\t\t\t\t<li class=\"elementor-icon-list-item\">\n\t\t\t\t\t\t\t\t\t\t\t<a href=\"https:\/\/cocat.org\/es\/cocado\/ley-de-transparencia\/\">\n\n\t\t\t\t\t\t\t\t\t\t\t\t<span class=\"elementor-icon-list-icon\">\n\t\t\t\t\t\t\t<svg aria-hidden=\"true\" class=\"e-font-icon-svg e-fas-file-alt\" viewBox=\"0 0 384 512\" xmlns=\"http:\/\/www.w3.org\/2000\/svg\"><path d=\"M224 136V0H24C10.7 0 0 10.7 0 24v464c0 13.3 10.7 24 24 24h336c13.3 0 24-10.7 24-24V160H248c-13.2 0-24-10.8-24-24zm64 236c0 6.6-5.4 12-12 12H108c-6.6 0-12-5.4-12-12v-8c0-6.6 5.4-12 12-12h168c6.6 0 12 5.4 12 12v8zm0-64c0 6.6-5.4 12-12 12H108c-6.6 0-12-5.4-12-12v-8c0-6.6 5.4-12 12-12h168c6.6 0 12 5.4 12 12v8zm0-72v8c0 6.6-5.4 12-12 12H108c-6.6 0-12-5.4-12-12v-8c0-6.6 5.4-12 12-12h168c6.6 0 12 5.4 12 12zm96-114.1v6.1H256V0h6.1c6.4 0 12.5 2.5 17 7l97.9 98c4.5 4.5 7 10.6 7 16.9z\"><\/path><\/svg>\t\t\t\t\t\t<\/span>\n\t\t\t\t\t\t\t\t\t\t<span class=\"elementor-icon-list-text\">LEY DE TRANSPARENCIA<\/span>\n\t\t\t\t\t\t\t\t\t\t\t<\/a>\n\t\t\t\t\t\t\t\t\t<\/li>\n\t\t\t\t\t\t<\/ul>\n\t\t\t\t\t\t<\/div>\n\t\t\t\t<\/div>\n\t\t\t\t<\/div>\n\t\t\t\t<\/div>\n\t\t<div class=\"elementor-element elementor-element-426b64c e-flex e-con-boxed e-con e-parent\" data-id=\"426b64c\" data-element_type=\"container\" data-e-type=\"container\" data-settings=\"{&quot;jet_parallax_layout_list&quot;:[]}\">\n\t\t\t\t\t<div class=\"e-con-inner\">\n\t\t\t\t<div class=\"elementor-element elementor-element-fef024f elementor-widget elementor-widget-heading\" data-id=\"fef024f\" data-element_type=\"widget\" data-e-type=\"widget\" data-widget_type=\"heading.default\">\n\t\t\t\t<div class=\"elementor-widget-container\">\n\t\t\t\t\t<h2 class=\"elementor-heading-title elementor-size-default\">Ejes de trabajo<\/h2>\t\t\t\t<\/div>\n\t\t\t\t<\/div>\n\t\t\t\t<div class=\"elementor-element elementor-element-bc3d80d elementor-widget elementor-widget-text-editor\" data-id=\"bc3d80d\" data-element_type=\"widget\" data-e-type=\"widget\" data-widget_type=\"text-editor.default\">\n\t\t\t\t<div class=\"elementor-widget-container\">\n\t\t\t\t\t\t\t\t\t<p>COCAT no s\u00f3lo coordina actividades, sino que vertebra experiencias que fomentan una participaci\u00f3n activa, cr\u00edtica y comprometida con el mundo. Toda su acci\u00f3n se basa en valores de inclusi\u00f3n, sostenibilidad e igualdad, promoviendo oportunidades accesibles para todos. Asimismo, impulsa la solidaridad internacional como una herramienta para construir puentes entre comunidades y contribuir a una mayor justicia social a escala global.  <\/p>\t\t\t\t\t\t\t\t<\/div>\n\t\t\t\t<\/div>\n\t\t\t\t<div class=\"elementor-element elementor-element-fd46cd0 elementor-widget elementor-widget-text-editor\" data-id=\"fd46cd0\" data-element_type=\"widget\" data-e-type=\"widget\" data-widget_type=\"text-editor.default\">\n\t\t\t\t<div class=\"elementor-widget-container\">\n\t\t\t\t\t\t\t\t\t<h5>COCAT trabaja sobre tres grandes ejes<\/h5>\t\t\t\t\t\t\t\t<\/div>\n\t\t\t\t<\/div>\n\t\t\t\t<div class=\"elementor-element elementor-element-f76a04d elementor-widget-divider--view-line elementor-widget elementor-widget-divider\" data-id=\"f76a04d\" data-element_type=\"widget\" data-e-type=\"widget\" data-widget_type=\"divider.default\">\n\t\t\t\t<div class=\"elementor-widget-container\">\n\t\t\t\t\t\t\t<div class=\"elementor-divider\">\n\t\t\t<span class=\"elementor-divider-separator\">\n\t\t\t\t\t\t<\/span>\n\t\t<\/div>\n\t\t\t\t\t\t<\/div>\n\t\t\t\t<\/div>\n\t\t\t\t\t<\/div>\n\t\t\t\t<\/div>\n\t\t<div class=\"elementor-element elementor-element-713d2c7 e-flex e-con-boxed e-con e-parent\" data-id=\"713d2c7\" data-element_type=\"container\" data-e-type=\"container\" data-settings=\"{&quot;jet_parallax_layout_list&quot;:[]}\">\n\t\t\t\t\t<div class=\"e-con-inner\">\n\t\t<div class=\"elementor-element elementor-element-2aeda34 e-con-full e-flex e-con e-child\" data-id=\"2aeda34\" data-element_type=\"container\" data-e-type=\"container\" data-settings=\"{&quot;jet_parallax_layout_list&quot;:[]}\">\n\t\t\t\t<div class=\"elementor-element elementor-element-bedd4b3 elementor-widget elementor-widget-heading\" data-id=\"bedd4b3\" data-element_type=\"widget\" data-e-type=\"widget\" data-widget_type=\"heading.default\">\n\t\t\t\t<div class=\"elementor-widget-container\">\n\t\t\t\t\t<h5 class=\"elementor-heading-title elementor-size-default\">Gesti\u00f3n de voluntarios\/as<\/h5>\t\t\t\t<\/div>\n\t\t\t\t<\/div>\n\t\t\t\t<div class=\"elementor-element elementor-element-d472a60 elementor-widget elementor-widget-text-editor\" data-id=\"d472a60\" data-element_type=\"widget\" data-e-type=\"widget\" data-widget_type=\"text-editor.default\">\n\t\t\t\t<div class=\"elementor-widget-container\">\n\t\t\t\t\t\t\t\t\t<p data-start=\"496\" data-end=\"1001\">COCAT acompa\u00f1a, gu\u00eda y potencia la participaci\u00f3n de j\u00f3venes y personas adultas en proyectos de voluntariado <strong data-start=\"601\" data-end=\"634\">con sentido y compromiso social<\/strong>. A trav\u00e9s de un proceso integral que va desde la informaci\u00f3n inicial hasta la evaluaci\u00f3n despu\u00e9s de la experiencia, ofrecemos <strong data-start=\"754\" data-end=\"819\">orientaci\u00f3n personalizada, formaci\u00f3n previa y apoyo continuado<\/strong> que asegura que cada persona pueda vivir el voluntariado como una oportunidad de <strong data-start=\"900\" data-end=\"1000\">crecimiento personal, de compromiso con la comunidad y de construcci\u00f3n de un mundo m\u00e1s justo y solidario.<\/strong> <\/p><p data-start=\"1003\" data-end=\"1067\">Entendemos la gesti\u00f3n de personas voluntarias como una pieza clave para:<\/p><ul data-start=\"1068\" data-end=\"1421\"><li data-start=\"1068\" data-end=\"1179\"><p data-start=\"1070\" data-end=\"1179\">Asegurar que todo el mundo tenga <strong data-start=\"1098\" data-end=\"1117\">acceso equitativo<\/strong> a la experiencia, independientemente de su origen o situaci\u00f3n.<\/p><\/li><li data-start=\"1180\" data-end=\"1295\"><p data-start=\"1182\" data-end=\"1295\">Fomentar <strong data-start=\"1191\" data-end=\"1232\">competencias de aprendizaje no formal<\/strong> como la cooperaci\u00f3n, responsabilidad y reflexi\u00f3n cr\u00edtica.<\/p><\/li><li data-start=\"1296\" data-end=\"1421\"><p data-start=\"1298\" data-end=\"1421\">Impulsar <strong data-start=\"1307\" data-end=\"1367\">proyectos responsables y respetuosos con las comunidades<\/strong> donde se realizan<\/p><\/li><\/ul>\t\t\t\t\t\t\t\t<\/div>\n\t\t\t\t<\/div>\n\t\t\t\t<\/div>\n\t\t<div class=\"elementor-element elementor-element-2549897 e-con-full e-flex e-con e-child\" data-id=\"2549897\" data-element_type=\"container\" data-e-type=\"container\" data-settings=\"{&quot;jet_parallax_layout_list&quot;:[]}\">\n\t\t\t\t<div class=\"elementor-element elementor-element-e636c11 elementor-widget elementor-widget-heading\" data-id=\"e636c11\" data-element_type=\"widget\" data-e-type=\"widget\" data-widget_type=\"heading.default\">\n\t\t\t\t<div class=\"elementor-widget-container\">\n\t\t\t\t\t<h5 class=\"elementor-heading-title elementor-size-default\">Coordinaci\u00f3n de campos de trabajo<\/h5>\t\t\t\t<\/div>\n\t\t\t\t<\/div>\n\t\t\t\t<div class=\"elementor-element elementor-element-b80d16f elementor-widget elementor-widget-text-editor\" data-id=\"b80d16f\" data-element_type=\"widget\" data-e-type=\"widget\" data-widget_type=\"text-editor.default\">\n\t\t\t\t<div class=\"elementor-widget-container\">\n\t\t\t\t\t\t\t\t\t<p data-start=\"1474\" data-end=\"1807\">COCAT act\u00faa como un <strong data-start=\"1493\" data-end=\"1564\">puente entre comunidades, organizaciones locales y personas voluntarias<\/strong> para posibilitar la acogida y la participaci\u00f3n en campos de trabajo internacionales.<\/p><p data-start=\"1474\" data-end=\"1807\">Esta coordinaci\u00f3n no es s\u00f3lo log\u00edstica: es un <strong data-start=\"1696\" data-end=\"1806\">proceso de construcci\u00f3n de relaciones basado en el respeto mutuo, el intercambio cultural y la cooperaci\u00f3n global<\/strong> .<\/p><p data-start=\"1809\" data-end=\"1838\">A trav\u00e9s de este eje, COCAT:<\/p><ul data-start=\"1839\" data-end=\"2278\"><li data-start=\"1839\" data-end=\"1982\"><p data-start=\"1841\" data-end=\"1982\">Facilita el encuentro entre entidades catalanas e internacionales, potenciando proyectos que <strong data-start=\"1929\" data-end=\"1979\">responden a necesidades reales de las comunidades<\/strong> .<\/p><\/li><li data-start=\"1983\" data-end=\"2090\"><p data-start=\"1985\" data-end=\"2090\">Vela por que cada experiencia sea <strong data-start=\"2022\" data-end=\"2060\">inclusiva, segura y transformadora<\/strong> para los y las participantes.<\/p><\/li><li data-start=\"2091\" data-end=\"2278\"><p data-start=\"2093\" data-end=\"2278\">Fomenta la <strong data-start=\"2104\" data-end=\"2187\">convivencia intercultural y la comprensi\u00f3n entre personas de diferentes contextos<\/strong> , promoviendo valores de respeto, equidad y solidaridad.<\/p><\/li><\/ul>\t\t\t\t\t\t\t\t<\/div>\n\t\t\t\t<\/div>\n\t\t\t\t<\/div>\n\t\t<div class=\"elementor-element elementor-element-bea8be4 e-con-full e-flex e-con e-child\" data-id=\"bea8be4\" data-element_type=\"container\" data-e-type=\"container\" data-settings=\"{&quot;jet_parallax_layout_list&quot;:[]}\">\n\t\t\t\t<div class=\"elementor-element elementor-element-bb59ec4 elementor-widget elementor-widget-heading\" data-id=\"bb59ec4\" data-element_type=\"widget\" data-e-type=\"widget\" data-widget_type=\"heading.default\">\n\t\t\t\t<div class=\"elementor-widget-container\">\n\t\t\t\t\t<h5 class=\"elementor-heading-title elementor-size-default\">Coordinaci\u00f3n con entidades internacionales<\/h5>\t\t\t\t<\/div>\n\t\t\t\t<\/div>\n\t\t\t\t<div class=\"elementor-element elementor-element-5060e0a elementor-widget elementor-widget-text-editor\" data-id=\"5060e0a\" data-element_type=\"widget\" data-e-type=\"widget\" data-widget_type=\"text-editor.default\">\n\t\t\t\t<div class=\"elementor-widget-container\">\n\t\t\t\t\t\t\t\t\t<p data-start=\"2339\" data-end=\"2736\">COCAT trabaja en red con plataformas globales como <a class=\"texto-azul-qui-som\" href=\"http:\/\/www.ccivs.org\/\" target=\"_blank\" rel=\"noopener noreferrer\">CCIVS<\/a> i <a class=\"texto-azul-qui-som\" href=\"http:\/\/www.alliance-network.eu\/\" target=\"_blank\" rel=\"noopener noreferrer\">Alliance of Voluntary Service Organitzations<\/a>, para desarrollar proyectos de voluntariado con impacto social, ambiental y cultural en todo el mundo.\nAquest eix es basa en la convicci\u00f3 que la <strong data-start=\"2587\" data-end=\"2735\">solidaritat internacional efectiva neix de la col\u00b7laboraci\u00f3, la reciprocitat i l\u2019aprenentatge compartit entre organitzacions de diferents pa\u00efsos<\/strong>. Aquest eix es basa en la convicci\u00f3 que la <strong data-start=\"2587\" data-end=\"2735\">solidaritat internacional efectiva neix de la col\u00b7laboraci\u00f3, la reciprocitat i l\u2019aprenentatge compartit entre organitzacions de diferents pa\u00efsos<\/strong>.<\/p><p data-start=\"2738\" data-end=\"2768\">Gracias a esta coordinaci\u00f3n:<\/p><ul data-start=\"2769\" data-end=\"3200\"><li data-start=\"2769\" data-end=\"2885\"><p data-start=\"2771\" data-end=\"2885\">Se promueve el <strong data-start=\"2784\" data-end=\"2830\">di\u00e1logo entre culturas y realidades diversas<\/strong> , potenciando respuestas colectivas a retos globales.<\/p><\/li><li data-start=\"2886\" data-end=\"3002\"><p data-start=\"2888\" data-end=\"3002\">Se genera <strong data-start=\"2898\" data-end=\"2942\">conocimiento compartido y buenas pr\u00e1cticas<\/strong> que fortalecen el movimiento de voluntariado internacional.<\/p><\/li><li data-start=\"3003\" data-end=\"3200\"><p data-start=\"3005\" data-end=\"3200\">Se trabaja para que los programas sean coherentes con los objetivos de <strong data-start=\"3076\" data-end=\"3113\">sostenibilidad social y ambiental<\/strong> , contribuyendo a una ciudadan\u00eda global responsable<\/p><\/li><\/ul>\t\t\t\t\t\t\t\t<\/div>\n\t\t\t\t<\/div>\n\t\t\t\t<\/div>\n\t\t\t\t\t<\/div>\n\t\t\t\t<\/div>\n\t\t\t\t<\/div>\n\t\t","protected":false},"excerpt":{"rendered":"<p>Conoce COCAT QUIENES SOMOS EJES DE TRABAJO ENTIDADES MIEMBROS LEY DE TRANSPARENCIA Ejes de trabajo COCAT no s\u00f3lo coordina actividades, sino que vertebra experiencias que fomentan una participaci\u00f3n activa, cr\u00edtica y comprometida con el mundo. Toda su acci\u00f3n se basa en valores de inclusi\u00f3n, sostenibilidad e igualdad, promoviendo oportunidades accesibles para todos. Asimismo, impulsa la &#8230; <a title=\"Ejes de trabajo\" class=\"read-more\" href=\"https:\/\/cocat.org\/es\/cocado\/ejes-de-trabajo\/\" aria-label=\"Leer m\u00e1s sobre Ejes de trabajo\">Leer m\u00e1s<\/a><\/p>\n","protected":false},"author":1,"featured_media":0,"parent":2273,"menu_order":0,"comment_status":"closed","ping_status":"closed","template":"elementor_header_footer","meta":{"footnotes":""},"class_list":["post-2245","page","type-page","status-publish"],"_links":{"self":[{"href":"https:\/\/cocat.org\/es\/wp-json\/wp\/v2\/pages\/2245","targetHints":{"allow":["GET"]}}],"collection":[{"href":"https:\/\/cocat.org\/es\/wp-json\/wp\/v2\/pages"}],"about":[{"href":"https:\/\/cocat.org\/es\/wp-json\/wp\/v2\/types\/page"}],"author":[{"embeddable":true,"href":"https:\/\/cocat.org\/es\/wp-json\/wp\/v2\/users\/1"}],"replies":[{"embeddable":true,"href":"https:\/\/cocat.org\/es\/wp-json\/wp\/v2\/comments?post=2245"}],"version-history":[{"count":4,"href":"https:\/\/cocat.org\/es\/wp-json\/wp\/v2\/pages\/2245\/revisions"}],"predecessor-version":[{"id":2866,"href":"https:\/\/cocat.org\/es\/wp-json\/wp\/v2\/pages\/2245\/revisions\/2866"}],"up":[{"embeddable":true,"href":"https:\/\/cocat.org\/es\/wp-json\/wp\/v2\/pages\/2273"}],"wp:attachment":[{"href":"https:\/\/cocat.org\/es\/wp-json\/wp\/v2\/media?parent=2245"}],"curies":[{"name":"wp","href":"https:\/\/api.w.org\/{rel}","templated":true}]}}