{"id":2269,"date":"2024-07-02T12:29:33","date_gmt":"2024-07-02T10:29:33","guid":{"rendered":"https:\/\/cocat.c.wetopi.com\/proyectos-de-larga-duracion-esc\/que-es-un-proyecto-de-media-larga-duracion-mtv-ltv-esc\/"},"modified":"2026-01-22T19:47:21","modified_gmt":"2026-01-22T18:47:21","slug":"que-es-un-proyecto-de-media-larga-duracion-mtv-ltv-esc","status":"publish","type":"page","link":"https:\/\/cocat.org\/es\/proyectos-de-larga-duracion-esc\/que-es-un-proyecto-de-media-larga-duracion-mtv-ltv-esc\/","title":{"rendered":"\u00bfQu\u00e9 es un Proyecto de media\/larga duraci\u00f3n (MTV, LTV, ESC)?"},"content":{"rendered":"\t\t<div data-elementor-type=\"wp-page\" data-elementor-id=\"2269\" class=\"elementor elementor-2269 elementor-567\" data-elementor-post-type=\"page\">\n\t\t\t\t<div class=\"elementor-element elementor-element-7ed4bdca e-con-full e-flex e-con e-parent\" data-id=\"7ed4bdca\" data-element_type=\"container\" data-e-type=\"container\" data-settings=\"{&quot;jet_parallax_layout_list&quot;:[],&quot;background_background&quot;:&quot;classic&quot;}\">\n\t\t\t\t<\/div>\n\t\t<div class=\"elementor-element elementor-element-426b64c e-flex e-con-boxed e-con e-parent\" data-id=\"426b64c\" data-element_type=\"container\" data-e-type=\"container\" data-settings=\"{&quot;jet_parallax_layout_list&quot;:[]}\">\n\t\t\t\t\t<div class=\"e-con-inner\">\n\t\t\t\t<div class=\"elementor-element elementor-element-fef024f elementor-widget elementor-widget-heading\" data-id=\"fef024f\" data-element_type=\"widget\" data-e-type=\"widget\" data-widget_type=\"heading.default\">\n\t\t\t\t<div class=\"elementor-widget-container\">\n\t\t\t\t\t<h4 class=\"elementor-heading-title elementor-size-default\">\u00bfQu\u00e9 es un Proyecto de media\/larga duraci\u00f3n (MTV, LTV, ESC)?<\/h4>\t\t\t\t<\/div>\n\t\t\t\t<\/div>\n\t\t\t\t\t<\/div>\n\t\t\t\t<\/div>\n\t\t<div class=\"elementor-element elementor-element-eb4b2d4 e-flex e-con-boxed e-con e-parent\" data-id=\"eb4b2d4\" data-element_type=\"container\" data-e-type=\"container\" data-settings=\"{&quot;jet_parallax_layout_list&quot;:[]}\">\n\t\t\t\t\t<div class=\"e-con-inner\">\n\t\t\t\t<div class=\"elementor-element elementor-element-ae27a68 elementor-widget elementor-widget-text-editor\" data-id=\"ae27a68\" data-element_type=\"widget\" data-e-type=\"widget\" data-widget_type=\"text-editor.default\">\n\t\t\t\t<div class=\"elementor-widget-container\">\n\t\t\t\t\t\t\t\t\t<p>El voluntariado es una forma de participar en la construcci\u00f3n y la transformaci\u00f3n de la realidad, apoyando iniciativas locales o internacionales, de forma desinteresada y sin remuneraci\u00f3n econ\u00f3mica. El voluntariado de larga duraci\u00f3n consiste en la participaci\u00f3n en un proyecto durante un per\u00edodo de entre 1 y 12 meses, en el que el participante tiene la oportunidad de implicarse con mayor profundidad y adquirir pr\u00e1ctica en las actividades que desarrolla una organizaci\u00f3n. <\/p><p>A diferencia de una experiencia de voluntariado de m\u00e1s corta duraci\u00f3n y puntual como son los campos de trabajo, en los proyectos de larga duraci\u00f3n la participaci\u00f3n se realiza de forma individual y no en grupo, lo que permite una mayor implicaci\u00f3n y m\u00e1s profundo aprendizaje en las tareas que se llevan a cabo.<\/p><p>Desde COCAT gestionamos dos tipos de voluntariados de larga duraci\u00f3n, aunque muy diferentes entre s\u00ed por condiciones, requisitos y procedimiento a seguir: los proyectos de media y larga duraci\u00f3n (MTV y LTV) y los proyectos que se enmarcan dentro del European Solidarity Corps \u2013 ESC.<\/p>\t\t\t\t\t\t\t\t<\/div>\n\t\t\t\t<\/div>\n\t\t\t\t\t<\/div>\n\t\t\t\t<\/div>\n\t\t<div class=\"elementor-element elementor-element-105e217 e-flex e-con-boxed e-con e-parent\" data-id=\"105e217\" data-element_type=\"container\" data-e-type=\"container\" data-settings=\"{&quot;jet_parallax_layout_list&quot;:[]}\">\n\t\t\t\t\t<div class=\"e-con-inner\">\n\t\t<div class=\"elementor-element elementor-element-451081f e-con-full e-flex e-con e-child\" data-id=\"451081f\" data-element_type=\"container\" data-e-type=\"container\" data-settings=\"{&quot;jet_parallax_layout_list&quot;:[]}\">\n\t\t\t\t<div class=\"elementor-element elementor-element-266eabc elementor-widget elementor-widget-text-editor\" data-id=\"266eabc\" data-element_type=\"widget\" data-e-type=\"widget\" data-widget_type=\"text-editor.default\">\n\t\t\t\t<div class=\"elementor-widget-container\">\n\t\t\t\t\t\t\t\t\t<h5><strong><span style=\"color: #7eba02;\">Proyectos de media y larga duraci\u00f3n<\/span><\/strong><\/h5><p>COCAT trabaja en red internacional con las plataformas de voluntariado internacional <a href=\"http:\/\/www.ccivs.org\" target=\"_blank\" rel=\"noopener\">CCIVS<\/a> y <a href=\"http:\/\/www.alliance-network.eu\" target=\"_blank\" rel=\"noopener\">Alliance of Voluntary Service Organizations<\/a> , desarrollando proyectos transversales de inter\u00e9s com\u00fan entre organizaciones de distintos pa\u00edses.<\/p><p>Todas las entidades que acogen proyectos de media y larga duraci\u00f3n forman parte de estas redes y pueden encontrarlas <a href=\"https:\/\/cocat.c.wetopi.com\/es\/cocado\/entidades-internacionales\/\" target=\"_blank\" rel=\"noopener\">aqu\u00ed<\/a> .<\/p><p><strong>Tipolog\u00edas<\/strong><\/p><p><strong>MTV (Mid-Term Volunteering).  <\/strong>Son proyectos de media duraci\u00f3n, entre 1 y 3 meses, con fechas fijas. Tienes que poder participar en las fechas en las que te comprometes. <\/p><p><strong>LTV (Long-Term Volunteering).  <\/strong>Son proyectos de larga duraci\u00f3n entre 3 meses y un a\u00f1o. Pueden tener las fechas fijas o flexibles, pero debes poder participar en las fechas en las que te comprometas. <\/p><p><strong>PERMANENTE.  <\/strong>Son proyectos que funcionan de forma permanente. No tienen las fechas de participaci\u00f3n prefijadas y, por tanto, son flexibles. Si quieres inscribirte, debes fijarte en si se requieren un m\u00ednimo de semanas o de meses de participaci\u00f3n, as\u00ed como si se indica en qu\u00e9 per\u00edodos o d\u00edas concretos esperan la llegada de voluntarios.  <\/p><p>En tu inscripci\u00f3n deber\u00e1s indicar claramente las fechas en las que quieres empezar y finalizar el proyecto.<\/p><p><a href=\"https:\/\/cocat.c.wetopi.com\/inscripcions\/condicions-de-participacio-als-projectes-de-mitja-i-llarga-durada\/\" target=\"_blank\" rel=\"noopener\">Consulta condiciones de participaci\u00f3n  <\/a><\/p>\t\t\t\t\t\t\t\t<\/div>\n\t\t\t\t<\/div>\n\t\t\t\t<\/div>\n\t\t<div class=\"elementor-element elementor-element-f83e515 e-con-full e-flex e-con e-child\" data-id=\"f83e515\" data-element_type=\"container\" data-e-type=\"container\" data-settings=\"{&quot;jet_parallax_layout_list&quot;:[]}\">\n\t\t\t\t<div class=\"elementor-element elementor-element-af76bf8 elementor-widget elementor-widget-text-editor\" data-id=\"af76bf8\" data-element_type=\"widget\" data-e-type=\"widget\" data-widget_type=\"text-editor.default\">\n\t\t\t\t<div class=\"elementor-widget-container\">\n\t\t\t\t\t\t\t\t\t<h5><span style=\"color: #7ab401;\"><strong>European Solidarity Corps (ESC)<\/strong><\/span><\/h5><p>El European Solidarity Corps (ESC) es un <strong>voluntariado subvencionado<\/strong> por la <a href=\"https:\/\/europa.eu\/youth\/solidarity_en\" target=\"_blank\" rel=\"noopener\">Comisi\u00f3n Europea<\/a> . Se trata de una actividad no remunerada y sin \u00e1nimo de lucro que se realiza a tiempo completo durante un <strong>per\u00edodo determinado,<\/strong> que se fija seg\u00fan las necesidades del proyecto. <\/p><p>El voluntariado European Solidarity Corps es una experiencia de aprendizaje enmarcada en la educaci\u00f3n no formal como metodolog\u00eda. Es una experiencia de voluntariado de entre 2 y 12 meses, que brinda la oportunidad a los participantes de implicarse en profundidad en las actividades que desarrolla una organizaci\u00f3n, la cual est\u00e1 siempre enfocada a la realizaci\u00f3n de tareas sociales, educativas, ambientales, culturales o de inter\u00e9s por el voluntario. <\/p><p>Los proyectos del European Solidarity Corps est\u00e1n enfocados a j\u00f3venes de 18 a 30 a\u00f1os. Durante la ESC, los j\u00f3venes que participan en ella, adquieren competencias para su desarrollo personal, educativo, profesional y social. <\/p><p><strong>Objetivos<\/strong><br> Promover la ciudadan\u00eda activa y la comprensi\u00f3n mutua entre la juventud.<br> Apoyar el trabajo voluntario transnacional de la juventud.<br> Desarrollar la solidaridad y promover la tolerancia entre la juventud,<\/p><p><a href=\"https:\/\/cocat.c.wetopi.com\/condicions-de-participacio-estades-sve\/\" target=\"_blank\" rel=\"noopener\">Documentaci\u00f3n requerida.<\/a><\/p><p>COCAT es una entidad acreditada que cuenta con el sello de calidad<\/p>\t\t\t\t\t\t\t\t<\/div>\n\t\t\t\t<\/div>\n\t\t\t\t<div class=\"elementor-element elementor-element-1859b91 elementor-widget elementor-widget-image\" data-id=\"1859b91\" data-element_type=\"widget\" data-e-type=\"widget\" data-widget_type=\"image.default\">\n\t\t\t\t<div class=\"elementor-widget-container\">\n\t\t\t\t\t\t\t\t\t\t\t\t\t\t\t<img decoding=\"async\" width=\"152\" height=\"152\" src=\"https:\/\/cocat.org\/wp-content\/uploads\/2024\/07\/Quality-label.png\" class=\"attachment-full size-full wp-image-1293\" alt=\"\" srcset=\"https:\/\/cocat.org\/wp-content\/uploads\/2024\/07\/Quality-label.png 152w, https:\/\/cocat.org\/wp-content\/uploads\/2024\/07\/Quality-label-100x100.png 100w, https:\/\/cocat.org\/wp-content\/uploads\/2024\/07\/Quality-label-150x150.png 150w\" sizes=\"(max-width: 152px) 100vw, 152px\" \/>\t\t\t\t\t\t\t\t\t\t\t\t\t\t\t<\/div>\n\t\t\t\t<\/div>\n\t\t\t\t<\/div>\n\t\t\t\t\t<\/div>\n\t\t\t\t<\/div>\n\t\t\t\t<\/div>\n\t\t","protected":false},"excerpt":{"rendered":"<p>\u00bfQu\u00e9 es un Proyecto de media\/larga duraci\u00f3n (MTV, LTV, ESC)? El voluntariado es una forma de participar en la construcci\u00f3n y la transformaci\u00f3n de la realidad, apoyando iniciativas locales o internacionales, de forma desinteresada y sin remuneraci\u00f3n econ\u00f3mica. El voluntariado de larga duraci\u00f3n consiste en la participaci\u00f3n en un proyecto durante un per\u00edodo de entre &#8230; <a title=\"\u00bfQu\u00e9 es un Proyecto de media\/larga duraci\u00f3n (MTV, LTV, ESC)?\" class=\"read-more\" href=\"https:\/\/cocat.org\/es\/proyectos-de-larga-duracion-esc\/que-es-un-proyecto-de-media-larga-duracion-mtv-ltv-esc\/\" aria-label=\"Leer m\u00e1s sobre \u00bfQu\u00e9 es un Proyecto de media\/larga duraci\u00f3n (MTV, LTV, ESC)?\">Leer m\u00e1s<\/a><\/p>\n","protected":false},"author":1,"featured_media":0,"parent":2267,"menu_order":0,"comment_status":"closed","ping_status":"closed","template":"elementor_header_footer","meta":{"footnotes":""},"class_list":["post-2269","page","type-page","status-publish"],"_links":{"self":[{"href":"https:\/\/cocat.org\/es\/wp-json\/wp\/v2\/pages\/2269","targetHints":{"allow":["GET"]}}],"collection":[{"href":"https:\/\/cocat.org\/es\/wp-json\/wp\/v2\/pages"}],"about":[{"href":"https:\/\/cocat.org\/es\/wp-json\/wp\/v2\/types\/page"}],"author":[{"embeddable":true,"href":"https:\/\/cocat.org\/es\/wp-json\/wp\/v2\/users\/1"}],"replies":[{"embeddable":true,"href":"https:\/\/cocat.org\/es\/wp-json\/wp\/v2\/comments?post=2269"}],"version-history":[{"count":2,"href":"https:\/\/cocat.org\/es\/wp-json\/wp\/v2\/pages\/2269\/revisions"}],"predecessor-version":[{"id":2284,"href":"https:\/\/cocat.org\/es\/wp-json\/wp\/v2\/pages\/2269\/revisions\/2284"}],"up":[{"embeddable":true,"href":"https:\/\/cocat.org\/es\/wp-json\/wp\/v2\/pages\/2267"}],"wp:attachment":[{"href":"https:\/\/cocat.org\/es\/wp-json\/wp\/v2\/media?parent=2269"}],"curies":[{"name":"wp","href":"https:\/\/api.w.org\/{rel}","templated":true}]}}