{"id":2286,"date":"2024-07-03T20:13:12","date_gmt":"2024-07-03T18:13:12","guid":{"rendered":"https:\/\/cocat.c.wetopi.com\/faq\/proceso-inscripcion\/"},"modified":"2026-02-02T09:11:16","modified_gmt":"2026-02-02T08:11:16","slug":"proceso-inscripcion","status":"publish","type":"page","link":"https:\/\/cocat.org\/es\/faq\/proceso-inscripcion\/","title":{"rendered":"Proceso Inscripci\u00f3n"},"content":{"rendered":"\t\t<div data-elementor-type=\"wp-page\" data-elementor-id=\"2286\" class=\"elementor elementor-2286 elementor-803\" data-elementor-post-type=\"page\">\n\t\t\t\t<div class=\"elementor-element elementor-element-426b64c e-flex e-con-boxed e-con e-parent\" data-id=\"426b64c\" data-element_type=\"container\" data-e-type=\"container\" data-settings=\"{&quot;jet_parallax_layout_list&quot;:[]}\">\n\t\t\t\t\t<div class=\"e-con-inner\">\n\t\t\t\t<div class=\"elementor-element elementor-element-fef024f elementor-widget elementor-widget-heading\" data-id=\"fef024f\" data-element_type=\"widget\" data-e-type=\"widget\" data-widget_type=\"heading.default\">\n\t\t\t\t<div class=\"elementor-widget-container\">\n\t\t\t\t\t<h4 class=\"elementor-heading-title elementor-size-default\">Preguntas frecuentes referentes al proceso de inscripci\u00f3n<\/h4>\t\t\t\t<\/div>\n\t\t\t\t<\/div>\n\t\t\t\t\t<\/div>\n\t\t\t\t<\/div>\n\t\t<div class=\"elementor-element elementor-element-c624e5e e-flex e-con-boxed e-con e-parent\" data-id=\"c624e5e\" data-element_type=\"container\" data-e-type=\"container\" data-settings=\"{&quot;jet_parallax_layout_list&quot;:[]}\">\n\t\t\t\t\t<div class=\"e-con-inner\">\n\t\t<div class=\"elementor-element elementor-element-af9096d e-con-full e-flex e-con e-child\" data-id=\"af9096d\" data-element_type=\"container\" data-e-type=\"container\" data-settings=\"{&quot;jet_parallax_layout_list&quot;:[]}\">\n\t\t\t\t<div class=\"elementor-element elementor-element-d10ccb7 elementor-widget elementor-widget-jet-accordion\" data-id=\"d10ccb7\" data-element_type=\"widget\" data-e-type=\"widget\" data-widget_type=\"jet-accordion.default\">\n\t\t\t\t<div class=\"elementor-widget-container\">\n\t\t\t\t\t\t\t\t\t<div class=\"jet-accordion\" data-settings=\"{&quot;collapsible&quot;:false,&quot;ajaxTemplate&quot;:false,&quot;switchScrolling&quot;:false,&quot;switchScrollingTablet&quot;:false,&quot;switchScrollingMobile&quot;:false,&quot;switchScrollingOffset&quot;:{&quot;size&quot;:0,&quot;unit&quot;:&quot;px&quot;},&quot;switchScrollingOffsetTablet&quot;:{&quot;size&quot;:0,&quot;unit&quot;:&quot;px&quot;},&quot;switchScrollingOffsetMobile&quot;:{&quot;size&quot;:0,&quot;unit&quot;:&quot;px&quot;},&quot;switchScrollingDelay&quot;:500,&quot;switchScrollingDelayTablet&quot;:500,&quot;switchScrollingDelayMobile&quot;:500}\">\n\t\t\t<div class=\"jet-accordion__inner\">\n\t\t\t\t<div class=\" jet-accordion__item jet-toggle jet-toggle-move-up-effect \">\n\t\t\t\t\t\t\t<div id=\"jet-toggle-control-2191\" class=\"jet-toggle__control elementor-menu-anchor\" data-toggle=\"1\" role=\"button\" tabindex=\"0\" aria-controls=\"jet-toggle-content-2191\" aria-expanded=\"false\" data-template-id=\"false\">\n\t\t\t\t\t\t\t\t<div class=\"jet-toggle__label-icon jet-toggle-icon-position-left\"><span class=\"jet-toggle__icon icon-normal jet-tabs-icon\"><svg class=\"e-font-icon-svg e-fas-plus\" viewBox=\"0 0 448 512\" xmlns=\"http:\/\/www.w3.org\/2000\/svg\"><path d=\"M416 208H272V64c0-17.67-14.33-32-32-32h-32c-17.67 0-32 14.33-32 32v144H32c-17.67 0-32 14.33-32 32v32c0 17.67 14.33 32 32 32h144v144c0 17.67 14.33 32 32 32h32c17.67 0 32-14.33 32-32V304h144c17.67 0 32-14.33 32-32v-32c0-17.67-14.33-32-32-32z\"><\/path><\/svg><\/span><span class=\"jet-toggle__icon icon-active jet-tabs-icon\"><svg class=\"e-font-icon-svg e-fas-minus\" viewBox=\"0 0 448 512\" xmlns=\"http:\/\/www.w3.org\/2000\/svg\"><path d=\"M416 208H32c-17.67 0-32 14.33-32 32v32c0 17.67 14.33 32 32 32h384c17.67 0 32-14.33 32-32v-32c0-17.67-14.33-32-32-32z\"><\/path><\/svg><\/span><\/div><div class=\"jet-toggle__label-text\">Si la edad m\u00ednima para participar en un campo de trabajo son 14 a\u00f1os (o 20 por proyectos en el sur global) pero yo los hago despu\u00e9s de que empiece el campo, \u00bfpuedo apuntarme?<\/div>\t\t\t\t\t\t\t<\/div>\n\t\t\t\t\t\t\t<div id=\"jet-toggle-content-2191\" class=\"jet-toggle__content\" data-toggle=\"1\" role=\"region\" data-template-id=\"false\">\n\t\t\t\t\t\t\t\t<div class=\"jet-toggle__content-inner\"><p>Aunque en el buscador de campos encontrar\u00e1s algunos proyectos en los que pone que aceptan j\u00f3venes que contemplan otras edades, desde COCAT no podemos gestionar inscripciones de menores de 14 a\u00f1os. Concretamente, como ponemos en las <a class=\"texto-azul-qui-som\" href=\"https:\/\/cocat.org\/condicions-participacio-camps-treball-internacionals\/\">Condiciones de participaci\u00f3n<\/a> , el primer d\u00eda del campo la persona participante debe tener los a\u00f1os que especifica el proyecto (o como m\u00ednimo 14) realizados. <\/p>\n<\/div>\n\t\t\t\t\t\t\t<\/div>\n\t\t\t\t\t\t<\/div><div class=\" jet-accordion__item jet-toggle jet-toggle-move-up-effect \">\n\t\t\t\t\t\t\t<div id=\"jet-toggle-control-2192\" class=\"jet-toggle__control elementor-menu-anchor\" data-toggle=\"2\" role=\"button\" tabindex=\"0\" aria-controls=\"jet-toggle-content-2192\" aria-expanded=\"false\" data-template-id=\"false\">\n\t\t\t\t\t\t\t\t<div class=\"jet-toggle__label-icon jet-toggle-icon-position-left\"><span class=\"jet-toggle__icon icon-normal jet-tabs-icon\"><svg class=\"e-font-icon-svg e-fas-plus\" viewBox=\"0 0 448 512\" xmlns=\"http:\/\/www.w3.org\/2000\/svg\"><path d=\"M416 208H272V64c0-17.67-14.33-32-32-32h-32c-17.67 0-32 14.33-32 32v144H32c-17.67 0-32 14.33-32 32v32c0 17.67 14.33 32 32 32h144v144c0 17.67 14.33 32 32 32h32c17.67 0 32-14.33 32-32V304h144c17.67 0 32-14.33 32-32v-32c0-17.67-14.33-32-32-32z\"><\/path><\/svg><\/span><span class=\"jet-toggle__icon icon-active jet-tabs-icon\"><svg class=\"e-font-icon-svg e-fas-minus\" viewBox=\"0 0 448 512\" xmlns=\"http:\/\/www.w3.org\/2000\/svg\"><path d=\"M416 208H32c-17.67 0-32 14.33-32 32v32c0 17.67 14.33 32 32 32h384c17.67 0 32-14.33 32-32v-32c0-17.67-14.33-32-32-32z\"><\/path><\/svg><\/span><\/div><div class=\"jet-toggle__label-text\">\u00bfPuedo participar en un proyecto con COCAT si tengo m\u00e1s de 35 a\u00f1os?<\/div>\t\t\t\t\t\t\t<\/div>\n\t\t\t\t\t\t\t<div id=\"jet-toggle-content-2192\" class=\"jet-toggle__content\" data-toggle=\"2\" role=\"region\" data-template-id=\"false\">\n\t\t\t\t\t\t\t\t<div class=\"jet-toggle__content-inner\"><p>S\u00ed, puedes participar en cualquier campo de trabajo (mientras no se especifique lo contrario en las descripci\u00f3n) y en <a class=\"texto-azul-qui-som\" href=\"https:\/\/cocat.org\/projectes-de-mitja-i-llarga-durada\/\">proyectos de media o larga duraci\u00f3n<\/a> . Tambi\u00e9n tienes la posibilidad de participar en proyectos permanentes. Para m\u00e1s informaci\u00f3n sobre los proyectos de media\/larga duraci\u00f3n o permanentes, puedes enviar un e-mail a <a class=\"texto-azul-qui-som\" href=\"mailto:outgoing@cocat.org\">outgoing@cocat.org<\/a> .  <\/p>\n<\/div>\n\t\t\t\t\t\t\t<\/div>\n\t\t\t\t\t\t<\/div><div class=\" jet-accordion__item jet-toggle jet-toggle-move-up-effect \">\n\t\t\t\t\t\t\t<div id=\"jet-toggle-control-2193\" class=\"jet-toggle__control elementor-menu-anchor\" data-toggle=\"3\" role=\"button\" tabindex=\"0\" aria-controls=\"jet-toggle-content-2193\" aria-expanded=\"false\" data-template-id=\"false\">\n\t\t\t\t\t\t\t\t<div class=\"jet-toggle__label-icon jet-toggle-icon-position-left\"><span class=\"jet-toggle__icon icon-normal jet-tabs-icon\"><svg class=\"e-font-icon-svg e-fas-plus\" viewBox=\"0 0 448 512\" xmlns=\"http:\/\/www.w3.org\/2000\/svg\"><path d=\"M416 208H272V64c0-17.67-14.33-32-32-32h-32c-17.67 0-32 14.33-32 32v144H32c-17.67 0-32 14.33-32 32v32c0 17.67 14.33 32 32 32h144v144c0 17.67 14.33 32 32 32h32c17.67 0 32-14.33 32-32V304h144c17.67 0 32-14.33 32-32v-32c0-17.67-14.33-32-32-32z\"><\/path><\/svg><\/span><span class=\"jet-toggle__icon icon-active jet-tabs-icon\"><svg class=\"e-font-icon-svg e-fas-minus\" viewBox=\"0 0 448 512\" xmlns=\"http:\/\/www.w3.org\/2000\/svg\"><path d=\"M416 208H32c-17.67 0-32 14.33-32 32v32c0 17.67 14.33 32 32 32h384c17.67 0 32-14.33 32-32v-32c0-17.67-14.33-32-32-32z\"><\/path><\/svg><\/span><\/div><div class=\"jet-toggle__label-text\">No vivo en Catalu\u00f1a. \u00bfPuedo participar en un campo de trabajo internacional? <\/div>\t\t\t\t\t\t\t<\/div>\n\t\t\t\t\t\t\t<div id=\"jet-toggle-content-2193\" class=\"jet-toggle__content\" data-toggle=\"3\" role=\"region\" data-template-id=\"false\">\n\t\t\t\t\t\t\t\t<div class=\"jet-toggle__content-inner\"><p>S\u00ed, COCAT gestiona inscripciones en campos de trabajo (de 14 a 99 a\u00f1os), proyectos de media y larga duraci\u00f3n (de 18 a 99 a\u00f1os) y <span lang=\"ES\">proyectos europeos \u2013 <em>European Solidarity Corps<\/em> (de 18 a 30 a\u00f1os)<\/span> .<\/p>\n<p>Aquellas personas mayores de 18 a\u00f1os que quieran realizar un campo de trabajo (corta duraci\u00f3n) y con direcci\u00f3n de residencia fuera de Catalu\u00f1a pueden dirigirse al <a href=\"http:\/\/www.injuve.es\/voluntariado\" target=\"_blank\" rel=\"noopener noreferrer\">INJUVE<\/a> .<\/p>\n<p>Para m\u00e1s informaci\u00f3n de proyectos de media y larga duraci\u00f3n cont\u00e1ctanos en <a class=\"texto-azul-qui-som\" href=\"mailto:outgoing@cocat.org\">outgoing@cocat.org<\/a> .<\/p>\n<\/div>\n\t\t\t\t\t\t\t<\/div>\n\t\t\t\t\t\t<\/div><div class=\" jet-accordion__item jet-toggle jet-toggle-move-up-effect \">\n\t\t\t\t\t\t\t<div id=\"jet-toggle-control-2194\" class=\"jet-toggle__control elementor-menu-anchor\" data-toggle=\"4\" role=\"button\" tabindex=\"0\" aria-controls=\"jet-toggle-content-2194\" aria-expanded=\"false\" data-template-id=\"false\">\n\t\t\t\t\t\t\t\t<div class=\"jet-toggle__label-icon jet-toggle-icon-position-left\"><span class=\"jet-toggle__icon icon-normal jet-tabs-icon\"><svg class=\"e-font-icon-svg e-fas-plus\" viewBox=\"0 0 448 512\" xmlns=\"http:\/\/www.w3.org\/2000\/svg\"><path d=\"M416 208H272V64c0-17.67-14.33-32-32-32h-32c-17.67 0-32 14.33-32 32v144H32c-17.67 0-32 14.33-32 32v32c0 17.67 14.33 32 32 32h144v144c0 17.67 14.33 32 32 32h32c17.67 0 32-14.33 32-32V304h144c17.67 0 32-14.33 32-32v-32c0-17.67-14.33-32-32-32z\"><\/path><\/svg><\/span><span class=\"jet-toggle__icon icon-active jet-tabs-icon\"><svg class=\"e-font-icon-svg e-fas-minus\" viewBox=\"0 0 448 512\" xmlns=\"http:\/\/www.w3.org\/2000\/svg\"><path d=\"M416 208H32c-17.67 0-32 14.33-32 32v32c0 17.67 14.33 32 32 32h384c17.67 0 32-14.33 32-32v-32c0-17.67-14.33-32-32-32z\"><\/path><\/svg><\/span><\/div><div class=\"jet-toggle__label-text\">\u00bfPuedo participar en un campo de trabajo internacional en Catalu\u00f1a?<\/div>\t\t\t\t\t\t\t<\/div>\n\t\t\t\t\t\t\t<div id=\"jet-toggle-content-2194\" class=\"jet-toggle__content\" data-toggle=\"4\" role=\"region\" data-template-id=\"false\">\n\t\t\t\t\t\t\t\t<div class=\"jet-toggle__content-inner\"><p>\u00a1Por supuesto! Mientras haya plazas puedes apuntarte a los campos internacionales que se realizan en Catalu\u00f1a, donde tambi\u00e9n aprender\u00e1s ingl\u00e9s, conocer\u00e1s a gente de todo el mundo y har\u00e1s una tarea de inter\u00e9s social. Y de paso te va a salir m\u00e1s econ\u00f3mico. \u00a1Los campos internacionales hechos en Catalu\u00f1a tienen muy buena fama! \u00a1Nosotros te los recomendamos!    <\/p>\n<p>Ten en cuenta que la edad requerida por los proyectos en Catalu\u00f1a (si no se especifica lo contrario en el proyecto) es de entre 14 y 29 a\u00f1os.<\/p>\n<\/div>\n\t\t\t\t\t\t\t<\/div>\n\t\t\t\t\t\t<\/div><div class=\" jet-accordion__item jet-toggle jet-toggle-move-up-effect \">\n\t\t\t\t\t\t\t<div id=\"jet-toggle-control-2195\" class=\"jet-toggle__control elementor-menu-anchor\" data-toggle=\"5\" role=\"button\" tabindex=\"0\" aria-controls=\"jet-toggle-content-2195\" aria-expanded=\"false\" data-template-id=\"false\">\n\t\t\t\t\t\t\t\t<div class=\"jet-toggle__label-icon jet-toggle-icon-position-left\"><span class=\"jet-toggle__icon icon-normal jet-tabs-icon\"><svg class=\"e-font-icon-svg e-fas-plus\" viewBox=\"0 0 448 512\" xmlns=\"http:\/\/www.w3.org\/2000\/svg\"><path d=\"M416 208H272V64c0-17.67-14.33-32-32-32h-32c-17.67 0-32 14.33-32 32v144H32c-17.67 0-32 14.33-32 32v32c0 17.67 14.33 32 32 32h144v144c0 17.67 14.33 32 32 32h32c17.67 0 32-14.33 32-32V304h144c17.67 0 32-14.33 32-32v-32c0-17.67-14.33-32-32-32z\"><\/path><\/svg><\/span><span class=\"jet-toggle__icon icon-active jet-tabs-icon\"><svg class=\"e-font-icon-svg e-fas-minus\" viewBox=\"0 0 448 512\" xmlns=\"http:\/\/www.w3.org\/2000\/svg\"><path d=\"M416 208H32c-17.67 0-32 14.33-32 32v32c0 17.67 14.33 32 32 32h384c17.67 0 32-14.33 32-32v-32c0-17.67-14.33-32-32-32z\"><\/path><\/svg><\/span><\/div><div class=\"jet-toggle__label-text\">\u00bfQu\u00e9 posibilidades existen para los menores de 18 que quieran participar en proyectos en Catalu\u00f1a o en el resto del estado Espa\u00f1ol?<\/div>\t\t\t\t\t\t\t<\/div>\n\t\t\t\t\t\t\t<div id=\"jet-toggle-content-2195\" class=\"jet-toggle__content\" data-toggle=\"5\" role=\"region\" data-template-id=\"false\">\n\t\t\t\t\t\t\t\t<div class=\"jet-toggle__content-inner\"><p>Desde COCAT podemos ofrecer proyectos para menores de edad tanto en el extranjero como en Catalu\u00f1a, siempre que haya plazas disponibles y que el\/la participante cumpla los requisitos.<\/p>\n<p>Para poder participar en un proyecto, los menores deben hacer obligatoriamente una formaci\u00f3n previa al campo que ofrecemos desde COCAT, y entregar toda la documentaci\u00f3n requerida antes de marcharse.<\/p>\n<p>Para obtener informaci\u00f3n sobre otros proyectos que no sean de car\u00e1cter internacional, puede contactar con alguna de nuestras entidades miembro, o con la Direcci\u00f3n General de Juventud:<\/p>\n<ul>\n<li><a class=\"texto-azul-qui-som\" href=\"http:\/\/treballiaferssocials.gencat.cat\/ca\/ambits_tematics\/joventut\/\" target=\"_blank\" rel=\"noopener\">Direcci\u00f3n General de Juventud, Generalitat de Catalunya<\/a><\/li>\n<li><a class=\"texto-azul-qui-som\" href=\"http:\/\/www.grupesplaividrerenc.com\/\" target=\"_blank\" rel=\"noopener noreferrer\">Grupo de Esplai Vidrerenc<\/a><\/li>\n<li><a class=\"texto-azul-qui-som\" href=\"https:\/\/fundesplai.org\/ca\/nosaltres\/et-necessitem\/donacions?gclid=EAIaIQobChMIuZ6oi6Og2gIVKyjTCh0VPw4GEAAYASAAEgISBvD_BwE\" target=\"_blank\" rel=\"noopener\">Fundaci\u00f3n Catalana del Esplai<\/a><\/li>\n<li><a class=\"texto-azul-qui-som\" href=\"http:\/\/www.josepcarol.cat\/\" target=\"_blank\" rel=\"noopener noreferrer\">Fundaci\u00f3n Escucha Josep Carol<\/a><\/li>\n<li><a class=\"texto-azul-qui-som\" href=\"http:\/\/www.cruc.info\/\" target=\"_blank\" rel=\"noopener noreferrer\">CRUC<\/a><\/li>\n<li><a class=\"texto-azul-qui-som\" href=\"http:\/\/www.balmesblancs.com\/\" target=\"_blank\" rel=\"noopener noreferrer\">Balmes Blancos<\/a><\/li>\n<li><a class=\"texto-azul-qui-som\" href=\"https:\/\/obretebre.org\/\" target=\"_blank\" rel=\"noopener noreferrer\">\u00c1brete Ebro<\/a><\/li>\n<\/ul>\n<\/div>\n\t\t\t\t\t\t\t<\/div>\n\t\t\t\t\t\t<\/div><div class=\" jet-accordion__item jet-toggle jet-toggle-move-up-effect \">\n\t\t\t\t\t\t\t<div id=\"jet-toggle-control-2196\" class=\"jet-toggle__control elementor-menu-anchor\" data-toggle=\"6\" role=\"button\" tabindex=\"0\" aria-controls=\"jet-toggle-content-2196\" aria-expanded=\"false\" data-template-id=\"false\">\n\t\t\t\t\t\t\t\t<div class=\"jet-toggle__label-icon jet-toggle-icon-position-left\"><span class=\"jet-toggle__icon icon-normal jet-tabs-icon\"><svg class=\"e-font-icon-svg e-fas-plus\" viewBox=\"0 0 448 512\" xmlns=\"http:\/\/www.w3.org\/2000\/svg\"><path d=\"M416 208H272V64c0-17.67-14.33-32-32-32h-32c-17.67 0-32 14.33-32 32v144H32c-17.67 0-32 14.33-32 32v32c0 17.67 14.33 32 32 32h144v144c0 17.67 14.33 32 32 32h32c17.67 0 32-14.33 32-32V304h144c17.67 0 32-14.33 32-32v-32c0-17.67-14.33-32-32-32z\"><\/path><\/svg><\/span><span class=\"jet-toggle__icon icon-active jet-tabs-icon\"><svg class=\"e-font-icon-svg e-fas-minus\" viewBox=\"0 0 448 512\" xmlns=\"http:\/\/www.w3.org\/2000\/svg\"><path d=\"M416 208H32c-17.67 0-32 14.33-32 32v32c0 17.67 14.33 32 32 32h384c17.67 0 32-14.33 32-32v-32c0-17.67-14.33-32-32-32z\"><\/path><\/svg><\/span><\/div><div class=\"jet-toggle__label-text\">\u00bfPuedo apuntarme a un campo de trabajo con un amigo o amiga?<\/div>\t\t\t\t\t\t\t<\/div>\n\t\t\t\t\t\t\t<div id=\"jet-toggle-content-2196\" class=\"jet-toggle__content\" data-toggle=\"6\" role=\"region\" data-template-id=\"false\">\n\t\t\t\t\t\t\t\t<div class=\"jet-toggle__content-inner\"><p>S\u00ed. Para ello, cada uno debe hacer su propia inscripci\u00f3n y, en el recuadro del formulario donde se lo pide, ponga que desea participar con su amigo o amiga. Deber\u00eda poner en sus inscripciones un m\u00ednimo de 3 opciones con el mismo orden de preferencia.  <\/p>\n<p>Ahora bien: Nosotros no lo recomendamos. Ante todo, porque buscar dos plazas en un mismo campo es mucho m\u00e1s complicado que buscar una, pues en un campo internacional normalmente participan s\u00f3lo dos personas de una misma nacionalidad. Y en segundo lugar, porque lo pasan mejor quienes van solos, ya que de natural tienen m\u00e1s tendencia y facilidad para integrarse en el grupo, volcar sus energ\u00edas y superar las dificultades.  <\/p>\n<p>COCAT tambi\u00e9n se reserva el derecho de no inscribir a dos personas en el mismo campo a partir del momento que considere que ya no ser\u00e1 posible encontrar plazas. Consulte en el apartado de <a class=\"texto-azul-qui-som\" href=\"https:\/\/experiencies.cocat.org\/\">Noticias<\/a> para saber si estamos gestionando plazas por parejas, pero tenga en cuenta que normalmente lo hacemos al inicio de la campa\u00f1a de inscripciones (en marzo) y durante un per\u00edodo de semanas limitado. <\/p>\n<\/div>\n\t\t\t\t\t\t\t<\/div>\n\t\t\t\t\t\t<\/div><div class=\" jet-accordion__item jet-toggle jet-toggle-move-up-effect \">\n\t\t\t\t\t\t\t<div id=\"jet-toggle-control-2197\" class=\"jet-toggle__control elementor-menu-anchor\" data-toggle=\"7\" role=\"button\" tabindex=\"0\" aria-controls=\"jet-toggle-content-2197\" aria-expanded=\"false\" data-template-id=\"false\">\n\t\t\t\t\t\t\t\t<div class=\"jet-toggle__label-icon jet-toggle-icon-position-left\"><span class=\"jet-toggle__icon icon-normal jet-tabs-icon\"><svg class=\"e-font-icon-svg e-fas-plus\" viewBox=\"0 0 448 512\" xmlns=\"http:\/\/www.w3.org\/2000\/svg\"><path d=\"M416 208H272V64c0-17.67-14.33-32-32-32h-32c-17.67 0-32 14.33-32 32v144H32c-17.67 0-32 14.33-32 32v32c0 17.67 14.33 32 32 32h144v144c0 17.67 14.33 32 32 32h32c17.67 0 32-14.33 32-32V304h144c17.67 0 32-14.33 32-32v-32c0-17.67-14.33-32-32-32z\"><\/path><\/svg><\/span><span class=\"jet-toggle__icon icon-active jet-tabs-icon\"><svg class=\"e-font-icon-svg e-fas-minus\" viewBox=\"0 0 448 512\" xmlns=\"http:\/\/www.w3.org\/2000\/svg\"><path d=\"M416 208H32c-17.67 0-32 14.33-32 32v32c0 17.67 14.33 32 32 32h384c17.67 0 32-14.33 32-32v-32c0-17.67-14.33-32-32-32z\"><\/path><\/svg><\/span><\/div><div class=\"jet-toggle__label-text\">\u00bfPuedo participar en m\u00e1s de un campo de trabajo?<\/div>\t\t\t\t\t\t\t<\/div>\n\t\t\t\t\t\t\t<div id=\"jet-toggle-content-2197\" class=\"jet-toggle__content\" data-toggle=\"7\" role=\"region\" data-template-id=\"false\">\n\t\t\t\t\t\t\t\t<div class=\"jet-toggle__content-inner\"><p>S\u00ed. Para inscribirte en 2 campos de trabajo deber\u00e1s realizar 2 inscripciones diferentes y pagar las 2 cuotas correspondientes. En el caso del segundo campo, la cuota ser\u00e1 reducida (110\u20ac\/adultos y 170\u20ac\/menores de edad). Ten en cuenta que podr\u00e1s ser aceptado en cualquiera de las opciones de ambas inscripciones, as\u00ed que vigila que las fechas de la primera solicitud no coincidan con las de la segunda opci\u00f3n.   <\/p>\n<\/div>\n\t\t\t\t\t\t\t<\/div>\n\t\t\t\t\t\t<\/div><div class=\" jet-accordion__item jet-toggle jet-toggle-move-up-effect \">\n\t\t\t\t\t\t\t<div id=\"jet-toggle-control-2198\" class=\"jet-toggle__control elementor-menu-anchor\" data-toggle=\"8\" role=\"button\" tabindex=\"0\" aria-controls=\"jet-toggle-content-2198\" aria-expanded=\"false\" data-template-id=\"false\">\n\t\t\t\t\t\t\t\t<div class=\"jet-toggle__label-icon jet-toggle-icon-position-left\"><span class=\"jet-toggle__icon icon-normal jet-tabs-icon\"><svg class=\"e-font-icon-svg e-fas-plus\" viewBox=\"0 0 448 512\" xmlns=\"http:\/\/www.w3.org\/2000\/svg\"><path d=\"M416 208H272V64c0-17.67-14.33-32-32-32h-32c-17.67 0-32 14.33-32 32v144H32c-17.67 0-32 14.33-32 32v32c0 17.67 14.33 32 32 32h144v144c0 17.67 14.33 32 32 32h32c17.67 0 32-14.33 32-32V304h144c17.67 0 32-14.33 32-32v-32c0-17.67-14.33-32-32-32z\"><\/path><\/svg><\/span><span class=\"jet-toggle__icon icon-active jet-tabs-icon\"><svg class=\"e-font-icon-svg e-fas-minus\" viewBox=\"0 0 448 512\" xmlns=\"http:\/\/www.w3.org\/2000\/svg\"><path d=\"M416 208H32c-17.67 0-32 14.33-32 32v32c0 17.67 14.33 32 32 32h384c17.67 0 32-14.33 32-32v-32c0-17.67-14.33-32-32-32z\"><\/path><\/svg><\/span><\/div><div class=\"jet-toggle__label-text\">\u00bfHasta cu\u00e1ndo puedo apuntarme a un proyecto?<\/div>\t\t\t\t\t\t\t<\/div>\n\t\t\t\t\t\t\t<div id=\"jet-toggle-content-2198\" class=\"jet-toggle__content\" data-toggle=\"8\" role=\"region\" data-template-id=\"false\">\n\t\t\t\t\t\t\t\t<div class=\"jet-toggle__content-inner\"><p>En principio las inscripciones quedan abiertas todo el a\u00f1o. Sin embargo, COCAT, para garantizar la calidad del seguimiento de los voluntarios, se reserva el derecho de cerrarlas cuando lo considere necesario. En tal caso se avisar\u00e1 con antelaci\u00f3n.  <\/p>\n<p>Tienes que contar con un margen de un mes (o 2 para los proyectos de media y larga duraci\u00f3n y los pa\u00edses del sur) entre la inscripci\u00f3n y la fecha de inicio del campo. Este tiempo de margen es necesario para poder realizar las gestiones administrativas de la plaza, gestionar las vacunas y los visados \u200b\u200b(se las hay), y recibir el infosheet. <\/p>\n<\/div>\n\t\t\t\t\t\t\t<\/div>\n\t\t\t\t\t\t<\/div><div class=\" jet-accordion__item jet-toggle jet-toggle-move-up-effect \">\n\t\t\t\t\t\t\t<div id=\"jet-toggle-control-2199\" class=\"jet-toggle__control elementor-menu-anchor\" data-toggle=\"9\" role=\"button\" tabindex=\"0\" aria-controls=\"jet-toggle-content-2199\" aria-expanded=\"false\" data-template-id=\"false\">\n\t\t\t\t\t\t\t\t<div class=\"jet-toggle__label-icon jet-toggle-icon-position-left\"><span class=\"jet-toggle__icon icon-normal jet-tabs-icon\"><svg class=\"e-font-icon-svg e-fas-plus\" viewBox=\"0 0 448 512\" xmlns=\"http:\/\/www.w3.org\/2000\/svg\"><path d=\"M416 208H272V64c0-17.67-14.33-32-32-32h-32c-17.67 0-32 14.33-32 32v144H32c-17.67 0-32 14.33-32 32v32c0 17.67 14.33 32 32 32h144v144c0 17.67 14.33 32 32 32h32c17.67 0 32-14.33 32-32V304h144c17.67 0 32-14.33 32-32v-32c0-17.67-14.33-32-32-32z\"><\/path><\/svg><\/span><span class=\"jet-toggle__icon icon-active jet-tabs-icon\"><svg class=\"e-font-icon-svg e-fas-minus\" viewBox=\"0 0 448 512\" xmlns=\"http:\/\/www.w3.org\/2000\/svg\"><path d=\"M416 208H32c-17.67 0-32 14.33-32 32v32c0 17.67 14.33 32 32 32h384c17.67 0 32-14.33 32-32v-32c0-17.67-14.33-32-32-32z\"><\/path><\/svg><\/span><\/div><div class=\"jet-toggle__label-text\">\u00bfCu\u00e1ndo tardar\u00e9 en saber si me han aceptado en un proyecto?<\/div>\t\t\t\t\t\t\t<\/div>\n\t\t\t\t\t\t\t<div id=\"jet-toggle-content-2199\" class=\"jet-toggle__content\" data-toggle=\"9\" role=\"region\" data-template-id=\"false\">\n\t\t\t\t\t\t\t\t<div class=\"jet-toggle__content-inner\"><p>Seg\u00fan la \u00e9poca, el plazo var\u00eda. De todas formas, esperamos poder decirte algo definitivo por correo electr\u00f3nico en m\u00e1ximo unos 5 d\u00edas, una vez hayamos recibido el formulario de inscripci\u00f3n con el pago. Si pasados \u200b\u200bm\u00e1ximo 15 d\u00edas no te hemos dicho nada, <a class=\"texto-azul-qui-som\" href=\"https:\/\/cocat.org\/es\/contacto\/\">contacta con nosotros<\/a> .  <\/p>\n<\/div>\n\t\t\t\t\t\t\t<\/div>\n\t\t\t\t\t\t<\/div>\t\t\t<\/div>\n\t\t<\/div>\n\t\t\t\t\t\t<\/div>\n\t\t\t\t<\/div>\n\t\t\t\t<\/div>\n\t\t\t\t\t<\/div>\n\t\t\t\t<\/div>\n\t\t\t\t<\/div>\n\t\t","protected":false},"excerpt":{"rendered":"<p>Preguntas frecuentes referentes al proceso de inscripci\u00f3n Si la edad m\u00ednima para participar en un campo de trabajo son 14 a\u00f1os (o 20 por proyectos en el sur global) pero yo los hago despu\u00e9s de que empiece el campo, \u00bfpuedo apuntarme? Aunque en el buscador de campos encontrar\u00e1s algunos proyectos en los que pone que &#8230; <a title=\"Proceso Inscripci\u00f3n\" class=\"read-more\" href=\"https:\/\/cocat.org\/es\/faq\/proceso-inscripcion\/\" aria-label=\"Leer m\u00e1s sobre Proceso Inscripci\u00f3n\">Leer m\u00e1s<\/a><\/p>\n","protected":false},"author":1,"featured_media":0,"parent":2228,"menu_order":0,"comment_status":"closed","ping_status":"closed","template":"elementor_header_footer","meta":{"footnotes":""},"class_list":["post-2286","page","type-page","status-publish"],"_links":{"self":[{"href":"https:\/\/cocat.org\/es\/wp-json\/wp\/v2\/pages\/2286","targetHints":{"allow":["GET"]}}],"collection":[{"href":"https:\/\/cocat.org\/es\/wp-json\/wp\/v2\/pages"}],"about":[{"href":"https:\/\/cocat.org\/es\/wp-json\/wp\/v2\/types\/page"}],"author":[{"embeddable":true,"href":"https:\/\/cocat.org\/es\/wp-json\/wp\/v2\/users\/1"}],"replies":[{"embeddable":true,"href":"https:\/\/cocat.org\/es\/wp-json\/wp\/v2\/comments?post=2286"}],"version-history":[{"count":4,"href":"https:\/\/cocat.org\/es\/wp-json\/wp\/v2\/pages\/2286\/revisions"}],"predecessor-version":[{"id":2876,"href":"https:\/\/cocat.org\/es\/wp-json\/wp\/v2\/pages\/2286\/revisions\/2876"}],"up":[{"embeddable":true,"href":"https:\/\/cocat.org\/es\/wp-json\/wp\/v2\/pages\/2228"}],"wp:attachment":[{"href":"https:\/\/cocat.org\/es\/wp-json\/wp\/v2\/media?parent=2286"}],"curies":[{"name":"wp","href":"https:\/\/api.w.org\/{rel}","templated":true}]}}