{"id":2288,"date":"2024-07-03T20:18:50","date_gmt":"2024-07-03T18:18:50","guid":{"rendered":"https:\/\/cocat.c.wetopi.com\/faq\/cuotas-de-participacion\/"},"modified":"2026-02-02T09:11:31","modified_gmt":"2026-02-02T08:11:31","slug":"cuotas-de-participacion","status":"publish","type":"page","link":"https:\/\/cocat.org\/es\/faq\/cuotas-de-participacion\/","title":{"rendered":"Cuotas de participaci\u00f3n"},"content":{"rendered":"\t\t<div data-elementor-type=\"wp-page\" data-elementor-id=\"2288\" class=\"elementor elementor-2288 elementor-816\" data-elementor-post-type=\"page\">\n\t\t\t\t<div class=\"elementor-element elementor-element-426b64c e-flex e-con-boxed e-con e-parent\" data-id=\"426b64c\" data-element_type=\"container\" data-e-type=\"container\" data-settings=\"{&quot;jet_parallax_layout_list&quot;:[]}\">\n\t\t\t\t\t<div class=\"e-con-inner\">\n\t\t\t\t<div class=\"elementor-element elementor-element-fef024f elementor-widget elementor-widget-heading\" data-id=\"fef024f\" data-element_type=\"widget\" data-e-type=\"widget\" data-widget_type=\"heading.default\">\n\t\t\t\t<div class=\"elementor-widget-container\">\n\t\t\t\t\t<h4 class=\"elementor-heading-title elementor-size-default\">Preguntas frecuentes referentes a la cuota<\/h4>\t\t\t\t<\/div>\n\t\t\t\t<\/div>\n\t\t\t\t\t<\/div>\n\t\t\t\t<\/div>\n\t\t<div class=\"elementor-element elementor-element-82c7296 e-flex e-con-boxed e-con e-parent\" data-id=\"82c7296\" data-element_type=\"container\" data-e-type=\"container\" data-settings=\"{&quot;jet_parallax_layout_list&quot;:[]}\">\n\t\t\t\t\t<div class=\"e-con-inner\">\n\t\t\t\t<div class=\"elementor-element elementor-element-0a80015 elementor-widget elementor-widget-text-editor\" data-id=\"0a80015\" data-element_type=\"widget\" data-e-type=\"widget\" data-widget_type=\"text-editor.default\">\n\t\t\t\t<div class=\"elementor-widget-container\">\n\t\t\t\t\t\t\t\t\t<p><strong>\u00bfQu\u00e9 cantidad es la cuota de participaci\u00f3n y qu\u00e9 incluye?<\/strong><\/p><p>La cuota de participaci\u00f3n para mayores de 18 a\u00f1os es de 150\u20ac (excepto campos en Catalu\u00f1a, donde la cuota es de 145\u20ac), para aquellos participantes menores de edad la cuota aplicada ser\u00e1 de 200\u20ac. Para familias la cuota es de 150\u20ac por participante (menores de 14 a\u00f1os exentos de cuota) y para grupos la cuota es de 50\u20ac por participante. Por proyectos ESC se establece una fianza de 50\u20ac.  <\/p><p>\u00c9sta cubre la tramitaci\u00f3n, el seguimiento y formaci\u00f3n, la participaci\u00f3n y el alojamiento, la manutenci\u00f3n y las actividades generales del campo de trabajo tambi\u00e9n se cubren por la entidad de acogida. La cuota NO incluye: el billete de avi\u00f3n o el transporte que cojas para llegar al campo, los gastos de tramitaci\u00f3n del visado (si es necesario), el seguro de viaje, las vacunas (si es necesario) y las actividades extras durante el proyecto. <\/p><p>Por otro lado, debes contar con que tendr\u00e1s que coger un segundo transporte de llegada al campo (tren, bus, taxi\u2026) una vez llegues a la ciudad m\u00e1s cercana. Este transporte tambi\u00e9n tendr\u00e1s que abonarlo t\u00fa. <\/p><p>En algunos casos, la entidad extranjera establece un suplemento a pagar a su llegada al campo. En estos casos, lo encontrar\u00e1s especificado en la explicaci\u00f3n de cada campo de trabajo <br><em>(extra fee)<\/em> . Para los proyectos de menores de edad casi siempre se contempla esta cuota debido a la diferente forma de gestionar los proyectos. <\/p><p>Aparte, siempre es recomendable llevar algo de dinero de bolsillo por si acaso. No est\u00e1 cubierto si un d\u00eda salga con los compa\u00f1eros a tomar algo o excursiones opcionales a menos que se especifiquen en la descripci\u00f3n del proyecto. <\/p><p><strong>\u00bfTodos los participantes en el campo de trabajo pagamos la misma cuota de participaci\u00f3n?<\/strong><\/p><p>Quiz\u00e1s te preguntes si la cuota que pagas va directamente a parar al campo de trabajo que vas a hacer, o si todos los participantes pagan la misma cuota. Te contamos. <\/p><p>Cada organizaci\u00f3n nacional recoge el dinero de los voluntarios de su pa\u00eds, pero no lo env\u00eda a las organizaciones de acogida de los campos de trabajo internacionales, sino que el dinero que se recoge se queda en el pa\u00eds de origen, para financiar los proyectos que se realizan en cada pa\u00eds.<\/p><p>Cada organizaci\u00f3n de env\u00edo, pues, marca cu\u00e1l es su cuota, en funci\u00f3n del pa\u00eds de origen y las caracter\u00edsticas determinadas en las que se encuentra la organizaci\u00f3n (nivel de vida, financiaci\u00f3n de las actividades, etc\u2026). Por lo general, todas las cuotas de las entidades internacionales oscilan con un techo m\u00e1ximo de unos 150 \u20ac &#8211; 250 \u20ac. <\/p><p>Por otra parte, realizar transferencias internacionales de divisas a cada uno de los pa\u00edses donde se env\u00edan voluntarios, supondr\u00eda que una parte de la cuota se perdiera. As\u00ed pues, es acordado a nivel internacional este sistema de funcionamiento en el que las cuotas locales se quedan a nivel local. <\/p><p><strong>En el proyecto que he elegido pone que es necesario pagar una cuota extra. \u00bfQu\u00e9 es y cu\u00e1ndo debo pagarlo? <\/strong><\/p><p>En algunos casos, la entidad extranjera establece un suplemento a pagar a la llegada al campo extranjero <em>(extra fee)<\/em> . Lo encontrar\u00e1s especificado en la explicaci\u00f3n del campo de trabajo. <\/p><p>Hay organizaciones que no disponen de suficientes recursos para sacar adelante su proyecto pues no disponen de subvenciones p\u00fablicas u otro tipo de ingresos para su actividad y para poder salir adelante con su proyecto necesitan una aportaci\u00f3n extra de los voluntarios internacionales que acogen a sus proyectos.<\/p><p>En algunos casos, se especifica que esta cuota extra sirve para sufragar costes del propio campo (por ejemplo, si se requiere para material espec\u00edfico o para desplazamientos concretos).<\/p><p>Asimismo, para los proyectos con menores de edad tambi\u00e9n se solicita esta cuota, ya que se requiere de personal espec\u00edfico, un seguimiento m\u00e1s personalizado y las actividades ofertadas son diferentes a las de los proyectos de mayores de edad.<\/p><p>En caso de que tu campo de trabajo requiera una cuota extra, una vez confirmado en el campo, la entidad de acogida te especificar\u00e1 c\u00f3mo realizar el pago de esta cuota extra.<\/p><p><strong>\u00bfQu\u00e9 ocurre si finalmente no quiero o no puedo ir al campo al que me han aceptado?<\/strong><\/p><p>Es necesario que antes de apuntarte a cualquier campo te leas y tengas bien presentes las <a class=\"texto-azul-qui-som\" href=\"https:\/\/cocat.org\/condicions-participacio-camps-treball-internacionals\/\">Condiciones de participaci\u00f3n<\/a> .<\/p><p>Cualquier modificaci\u00f3n por tu parte una vez est\u00e1s confirmado en un campo de trabajo se considera una cancelaci\u00f3n. Es por eso que pedimos que a la hora de elegir proyectos tengas en cuenta tu disponibilidad en fechas y la tipolog\u00eda y descripci\u00f3n del proyecto, ya que los campos que consten en tu inscripci\u00f3n ser\u00e1n por los que trataremos de encontrarte plaza. <\/p><p>Si la cancelaci\u00f3n se produce dentro de 7 d\u00edas naturales desde que has recibido el correo electr\u00f3nico con la carta de confirmaci\u00f3n, te devolveremos 75\u20ac de la cuota de inscripci\u00f3n. La parte restante es deducida en concepto de gastos administrativos y de gesti\u00f3n. <\/p><p>Ser\u00e1 condici\u00f3n indispensable para hacer efectiva esta devoluci\u00f3n que falten 30 d\u00edas naturales por el inicio del campo de trabajo.<\/p><p>Si quieres cancelar tu participaci\u00f3n, te pedimos que avises lo antes posible enviando un correo a <a class=\"texto-azul-qui-som\" href=\"mailto:outgoing@cocat.org\" target=\"_blank\" rel=\"noopener noreferrer\">outgoing@cocat.org<\/a> .<\/p><p><strong>\u00bfExisten becas para proyectos de corta duraci\u00f3n internacional, o campos subvencionados, en los que no haya cuota o sea reducida?<\/strong><\/p><p>La gran mayor\u00eda de campos de trabajo internacionales no est\u00e1n subvencionados, o cuentan con cofinanciaci\u00f3n a trav\u00e9s de las cuotas de los participantes.<\/p><p>Los \u00fanicos proyectos que cuentan con subvenci\u00f3n son los que se desarrollan en el marco del programa Erasmus+, y pueden ser de 2 tipos:<\/p><p>ESC VT\/ European Solidarity Corps Volunteering Team &#8211; salen en el <a href=\"https:\/\/cocat.org\/cerca-i-inscripcio-a-camps-de-treball-internacionals\/\" target=\"_blank\" rel=\"noopener noreferrer\" data-saferedirecturl=\"https:\/\/www.google.com\/url?q=https:\/\/cocat.c.wetopi.com\/cerca-i-inscripcio-a-camps-de-treball-internacionals\/&amp;source=gmail&amp;ust=1619766889633000&amp;usg=AFQjCNHo2SopCwXjDJ8Hfec3SJTBH8PA9Q\">buscador de proyectos<\/a> con c\u00f3digo ESC, y cuentan con reembolso de cuota, gastos de viaje y un dinero de bolsillo seg\u00fan el pa\u00eds y el proyecto.<\/p><p>M\u00e1s info en <a href=\"mailto:outgoing@cocat.org\" target=\"_blank\" rel=\"noopener noreferrer\">outgoing@cocat.org<\/a><br> <u>Intercambios juveniles<\/u> \u2013 proyectos de educaci\u00f3n no formal, de intercambio cultural entre grupos de diferentes pa\u00edses, que anunciamos en el apartado de <a href=\"https:\/\/experiencies.cocat.org\/\" target=\"_blank\" rel=\"noopener noreferrer\" data-saferedirecturl=\"https:\/\/www.google.com\/url?q=https:\/\/cocat.c.wetopi.com\/noticies\/&amp;source=gmail&amp;ust=1619766889633000&amp;usg=AFQjCNFwPvow1G-svFSCRkW_54BjOQrELg\">noticias<\/a> de la web y en las redes sociales.<\/p>\t\t\t\t\t\t\t\t<\/div>\n\t\t\t\t<\/div>\n\t\t\t\t\t<\/div>\n\t\t\t\t<\/div>\n\t\t\t\t<\/div>\n\t\t","protected":false},"excerpt":{"rendered":"<p>Preguntas frecuentes referentes a la cuota \u00bfQu\u00e9 cantidad es la cuota de participaci\u00f3n y qu\u00e9 incluye? La cuota de participaci\u00f3n para mayores de 18 a\u00f1os es de 150\u20ac (excepto campos en Catalu\u00f1a, donde la cuota es de 145\u20ac), para aquellos participantes menores de edad la cuota aplicada ser\u00e1 de 200\u20ac. Para familias la cuota es &#8230; <a title=\"Cuotas de participaci\u00f3n\" class=\"read-more\" href=\"https:\/\/cocat.org\/es\/faq\/cuotas-de-participacion\/\" aria-label=\"Leer m\u00e1s sobre Cuotas de participaci\u00f3n\">Leer m\u00e1s<\/a><\/p>\n","protected":false},"author":1,"featured_media":0,"parent":2228,"menu_order":0,"comment_status":"closed","ping_status":"closed","template":"elementor_header_footer","meta":{"footnotes":""},"class_list":["post-2288","page","type-page","status-publish"],"_links":{"self":[{"href":"https:\/\/cocat.org\/es\/wp-json\/wp\/v2\/pages\/2288","targetHints":{"allow":["GET"]}}],"collection":[{"href":"https:\/\/cocat.org\/es\/wp-json\/wp\/v2\/pages"}],"about":[{"href":"https:\/\/cocat.org\/es\/wp-json\/wp\/v2\/types\/page"}],"author":[{"embeddable":true,"href":"https:\/\/cocat.org\/es\/wp-json\/wp\/v2\/users\/1"}],"replies":[{"embeddable":true,"href":"https:\/\/cocat.org\/es\/wp-json\/wp\/v2\/comments?post=2288"}],"version-history":[{"count":2,"href":"https:\/\/cocat.org\/es\/wp-json\/wp\/v2\/pages\/2288\/revisions"}],"predecessor-version":[{"id":2877,"href":"https:\/\/cocat.org\/es\/wp-json\/wp\/v2\/pages\/2288\/revisions\/2877"}],"up":[{"embeddable":true,"href":"https:\/\/cocat.org\/es\/wp-json\/wp\/v2\/pages\/2228"}],"wp:attachment":[{"href":"https:\/\/cocat.org\/es\/wp-json\/wp\/v2\/media?parent=2288"}],"curies":[{"name":"wp","href":"https:\/\/api.w.org\/{rel}","templated":true}]}}