{"id":2290,"date":"2024-07-03T20:26:04","date_gmt":"2024-07-03T18:26:04","guid":{"rendered":"https:\/\/cocat.c.wetopi.com\/faq\/plazas-disponibles\/"},"modified":"2026-02-01T21:21:03","modified_gmt":"2026-02-01T20:21:03","slug":"plazas-disponibles","status":"publish","type":"page","link":"https:\/\/cocat.org\/es\/faq\/plazas-disponibles\/","title":{"rendered":"Plazas disponibles"},"content":{"rendered":"\t\t<div data-elementor-type=\"wp-page\" data-elementor-id=\"2290\" class=\"elementor elementor-2290 elementor-835\" data-elementor-post-type=\"page\">\n\t\t\t\t<div class=\"elementor-element elementor-element-426b64c e-flex e-con-boxed e-con e-parent\" data-id=\"426b64c\" data-element_type=\"container\" data-e-type=\"container\" data-settings=\"{&quot;jet_parallax_layout_list&quot;:[]}\">\n\t\t\t\t\t<div class=\"e-con-inner\">\n\t\t\t\t<div class=\"elementor-element elementor-element-fef024f elementor-widget elementor-widget-heading\" data-id=\"fef024f\" data-element_type=\"widget\" data-e-type=\"widget\" data-widget_type=\"heading.default\">\n\t\t\t\t<div class=\"elementor-widget-container\">\n\t\t\t\t\t<h4 class=\"elementor-heading-title elementor-size-default\">Preguntas frecuentes referentes al buscador de campos internacionales<\/h4>\t\t\t\t<\/div>\n\t\t\t\t<\/div>\n\t\t\t\t\t<\/div>\n\t\t\t\t<\/div>\n\t\t<div class=\"elementor-element elementor-element-82c7296 e-flex e-con-boxed e-con e-parent\" data-id=\"82c7296\" data-element_type=\"container\" data-e-type=\"container\" data-settings=\"{&quot;jet_parallax_layout_list&quot;:[]}\">\n\t\t\t\t\t<div class=\"e-con-inner\">\n\t\t\t\t<div class=\"elementor-element elementor-element-0a80015 elementor-widget elementor-widget-text-editor\" data-id=\"0a80015\" data-element_type=\"widget\" data-e-type=\"widget\" data-widget_type=\"text-editor.default\">\n\t\t\t\t<div class=\"elementor-widget-container\">\n\t\t\t\t\t\t\t\t\t<p><strong>\u00bfC\u00f3mo funciona el buscador de campos?<\/strong><\/p><p>Consulta la p\u00e1gina <a class=\"texto-azul-qui-som\" href=\"https:\/\/cocat.org\/es\/inscripciones\/buscador-de-proyectos\/\">Buscador de proyectos<\/a> , all\u00ed encontrar\u00e1s explicado de forma detallada toda la informaci\u00f3n relativa al buscador.<\/p><p><strong>Hace tiempo vi un proyecto en el buscador pero ahora no lo encuentro\u2026 \u00bfqu\u00e9 ha pasado?<\/strong><\/p><p>Los campos de trabajo internacionales que aparecen en nuestra web se van actualizando a lo largo del a\u00f1o, siguiendo los cambios que nos comunican las organizaciones de acogida (los que ya est\u00e1n completos, los que se hayan cancelado, etc.).<\/p><p>Si no encuentras un campo de trabajo que hab\u00edas visto en nuestra web antes, puede que sea porque se haya cancelado el campo, porque ya haya comenzado o bien porque ya no queden plazas libres.<\/p><p><strong>Si en el buscador pone que todav\u00eda quedan plazas disponibles, \u00bfes seguro que me aceptar\u00e1n en el proyecto?<\/strong><\/p><p>En los resultados de la b\u00fasqueda, cuando aparecen las descripciones de los proyectos, hay un apartado donde pone cu\u00e1ntas plazas est\u00e1n disponibles para mujeres y hombres. Esta disponibilidad no es s\u00f3lo para los voluntarios catalanes, sino para los voluntarios de todo el mundo. <\/p><p>En muchos casos la disponibilidad no se muestra en tiempo real, ya que el buscador es una base de datos compartida a nivel mundial por diversas organizaciones.<\/p><p>Aunque ponga que quedan plazas libres, puede que no te acepten en el proyecto por varias razones:<\/p><ul><li>que no queden plazas para espa\u00f1oles (solo se aceptan a dos voluntarios del mismo pa\u00eds en cada proyecto)<\/li><li>que la organizaci\u00f3n de acogida no haya actualizado sus plazas disponibles<\/li><li>que no queden plazas de tu g\u00e9nero (se procura reservar plazas para todos los g\u00e9neros por igual)<\/li><li>que en alguna parte del mundo, otro voluntario se haya apuntado antes que t\u00fa. \u00a1No te esperes demasiado! <\/li><\/ul><p>Te recomendamos que a la hora de inscribirte nos pongas m\u00e1s de una opci\u00f3n, \u00a1agilizar\u00e1 el proceso para poder encontrarte plaza!<\/p>\t\t\t\t\t\t\t\t<\/div>\n\t\t\t\t<\/div>\n\t\t\t\t\t<\/div>\n\t\t\t\t<\/div>\n\t\t\t\t<\/div>\n\t\t","protected":false},"excerpt":{"rendered":"<p>Preguntas frecuentes referentes al buscador de campos internacionales \u00bfC\u00f3mo funciona el buscador de campos? Consulta la p\u00e1gina Buscador de proyectos , all\u00ed encontrar\u00e1s explicado de forma detallada toda la informaci\u00f3n relativa al buscador. Hace tiempo vi un proyecto en el buscador pero ahora no lo encuentro\u2026 \u00bfqu\u00e9 ha pasado? Los campos de trabajo internacionales que &#8230; <a title=\"Plazas disponibles\" class=\"read-more\" href=\"https:\/\/cocat.org\/es\/faq\/plazas-disponibles\/\" aria-label=\"Leer m\u00e1s sobre Plazas disponibles\">Leer m\u00e1s<\/a><\/p>\n","protected":false},"author":1,"featured_media":0,"parent":2228,"menu_order":0,"comment_status":"closed","ping_status":"closed","template":"elementor_header_footer","meta":{"footnotes":""},"class_list":["post-2290","page","type-page","status-publish"],"_links":{"self":[{"href":"https:\/\/cocat.org\/es\/wp-json\/wp\/v2\/pages\/2290","targetHints":{"allow":["GET"]}}],"collection":[{"href":"https:\/\/cocat.org\/es\/wp-json\/wp\/v2\/pages"}],"about":[{"href":"https:\/\/cocat.org\/es\/wp-json\/wp\/v2\/types\/page"}],"author":[{"embeddable":true,"href":"https:\/\/cocat.org\/es\/wp-json\/wp\/v2\/users\/1"}],"replies":[{"embeddable":true,"href":"https:\/\/cocat.org\/es\/wp-json\/wp\/v2\/comments?post=2290"}],"version-history":[{"count":2,"href":"https:\/\/cocat.org\/es\/wp-json\/wp\/v2\/pages\/2290\/revisions"}],"predecessor-version":[{"id":2855,"href":"https:\/\/cocat.org\/es\/wp-json\/wp\/v2\/pages\/2290\/revisions\/2855"}],"up":[{"embeddable":true,"href":"https:\/\/cocat.org\/es\/wp-json\/wp\/v2\/pages\/2228"}],"wp:attachment":[{"href":"https:\/\/cocat.org\/es\/wp-json\/wp\/v2\/media?parent=2290"}],"curies":[{"name":"wp","href":"https:\/\/api.w.org\/{rel}","templated":true}]}}