{"id":2293,"date":"2024-07-03T20:27:39","date_gmt":"2024-07-03T18:27:39","guid":{"rendered":"https:\/\/cocat.c.wetopi.com\/faq\/preparacion-del-viaje\/"},"modified":"2026-02-01T21:22:37","modified_gmt":"2026-02-01T20:22:37","slug":"preparacion-del-viaje","status":"publish","type":"page","link":"https:\/\/cocat.org\/es\/faq\/preparacion-del-viaje\/","title":{"rendered":"Preparaci\u00f3n del viaje"},"content":{"rendered":"\t\t<div data-elementor-type=\"wp-page\" data-elementor-id=\"2293\" class=\"elementor elementor-2293 elementor-841\" data-elementor-post-type=\"page\">\n\t\t\t\t<div class=\"elementor-element elementor-element-426b64c e-flex e-con-boxed e-con e-parent\" data-id=\"426b64c\" data-element_type=\"container\" data-e-type=\"container\" data-settings=\"{&quot;jet_parallax_layout_list&quot;:[]}\">\n\t\t\t\t\t<div class=\"e-con-inner\">\n\t\t\t\t<div class=\"elementor-element elementor-element-fef024f elementor-widget elementor-widget-heading\" data-id=\"fef024f\" data-element_type=\"widget\" data-e-type=\"widget\" data-widget_type=\"heading.default\">\n\t\t\t\t<div class=\"elementor-widget-container\">\n\t\t\t\t\t<h4 class=\"elementor-heading-title elementor-size-default\">Preguntas frecuentes referentes a la preparaci\u00f3n del viaje<\/h4>\t\t\t\t<\/div>\n\t\t\t\t<\/div>\n\t\t\t\t\t<\/div>\n\t\t\t\t<\/div>\n\t\t<div class=\"elementor-element elementor-element-82c7296 e-flex e-con-boxed e-con e-parent\" data-id=\"82c7296\" data-element_type=\"container\" data-e-type=\"container\" data-settings=\"{&quot;jet_parallax_layout_list&quot;:[]}\">\n\t\t\t\t\t<div class=\"e-con-inner\">\n\t\t\t\t<div class=\"elementor-element elementor-element-0a80015 elementor-widget elementor-widget-text-editor\" data-id=\"0a80015\" data-element_type=\"widget\" data-e-type=\"widget\" data-widget_type=\"text-editor.default\">\n\t\t\t\t<div class=\"elementor-widget-container\">\n\t\t\t\t\t\t\t\t\t<p><strong>\u00bfPuedo viajar directamente sin que se me haya confirmado la plaza?<\/strong><\/p><p>No es posible: tanto las organizaciones que env\u00edan a los voluntarios como las que los reciben, necesitan tener los datos de los voluntarios que participar\u00e1n en los campos de trabajo previamente al inicio del campo. Es una cuesti\u00f3n de organizaci\u00f3n, seguridad y respeto. <\/p><p>Las organizaciones de acogida no permitir\u00e1n el paso al campo de trabajo a aquellas personas que no hayan sido confirmadas con anterioridad y enviadas por la organizaci\u00f3n responsable del pa\u00eds de procedencia.<\/p><p><strong>Recib\u00ed la confirmaci\u00f3n por correo electr\u00f3nico pero todav\u00eda no me ha llegado la informaci\u00f3n detallada del proyecto (infosheet). \u00bfPuedo comprar ya los billetes? <\/strong><\/p><p>Una vez te confirmemos por correo electr\u00f3nico tu plaza, puedes empezar a organizar el viaje. Te recordamos que la gesti\u00f3n del transporte hasta el campo es tu responsabilidad. <\/p><p>Unos 15-30 d\u00edas antes del proyecto te llegar\u00e1 un documento con toda la informaci\u00f3n sobre d\u00f3nde y cu\u00e1ndo debes llegar el primer d\u00eda del campo de trabajo. Puedes comprar el billete antes de que te llegue este documento, pero \u00a1NUNCA ANTES DEL CORREO DE CONFIRMACI\u00d3N! Te recomendamos que tengas en cuenta reservar un billete madrugador para el mismo d\u00eda que comience el campo, para poder llegar con tiempo al lugar de encuentro del grupo, que por lo general es al mediod\u00eda o por la tarde del d\u00eda de convocatoria.  <\/p><p>En cuanto a la vuelta, plant\u00e9ate dejar unos d\u00edas en la cola despu\u00e9s del campo, para viajar por tu cuenta o con los compa\u00f1eros del campo, \u00a1es una buena idea!<\/p><p><strong>\u00bfPuedo llegar unos d\u00edas despu\u00e9s del comienzo del proyecto o irme unos d\u00edas antes de que acabe?<\/strong><\/p><p>No es posible: la participaci\u00f3n en el proyecto, desde el primer hasta el \u00faltimo d\u00eda, es un compromiso fundamental del voluntario. Esto comportar\u00eda problemas log\u00edsticos y de din\u00e1mica de grupo, por tanto las organizaciones no lo permiten. Si el voluntario tuviera alg\u00fan problema serio, deber\u00eda avisarnos con antelaci\u00f3n y justificar su situaci\u00f3n.  <\/p><p><strong>\u00bfC\u00f3mo puedo tramitar mi seguro y saber si necesito vacunas y visado?<\/strong><\/p>\t\t\t\t\t\t\t\t<\/div>\n\t\t\t\t<\/div>\n\t\t\t\t<div class=\"elementor-element elementor-element-fb7c51c elementor-widget elementor-widget-text-editor\" data-id=\"fb7c51c\" data-element_type=\"widget\" data-e-type=\"widget\" data-widget_type=\"text-editor.default\">\n\t\t\t\t<div class=\"elementor-widget-container\">\n\t\t\t\t\t\t\t\t\t<span style=\"color: #7eba02;\"><strong>SEGURO<\/strong><\/span>\n\nEs obligaci\u00f3n del voluntario ir asegurado en el campo de trabajo.\nEs decisi\u00f3n tuya si s\u00f3lo contratas seguro m\u00e9dico o contratas un seguro que te cubra todo el viaje.\n\n<strong>Seguro m\u00e9dico<\/strong>\n Si viajas a un pa\u00eds de la Uni\u00f3n Europea, puedes solicitar la <a class=\"texto-azul-qui-som\" href=\"http:\/\/www.seg-social.es\/wps\/portal\/wss\/internet\/Trabajadores\/PrestacionesPensionesTrabajadores\/10938\/11566\/1761#128805\" target=\"_blank\" rel=\"noopener noreferrer\">Tarjeta Sanitaria Europea (TSE)<\/a> en cualquier delegaci\u00f3n de la Seguridad Social. Es un documento personal e intransferible que acredita el derecho a recibir las mismas prestaciones sanitarias que recibe en Espa\u00f1a durante tu estancia. \n\nSi viajas fuera de la Uni\u00f3n Europea, en caso de que seas de ninguna mutua privada, consulta si tienes cobertura internacional y qu\u00e9 cubre. Si no, te aconsejamos que te hagas un seguro de viaje a una agencia de viajes (\u00a1aprovecha cuando compres el billete!). Aseg\u00farate de que el seguro cubre todos los d\u00edas que vas a pasar fuera y que te cubre como m\u00ednimo la parte m\u00e9dica.  \n\n<strong>Seguro de viaje<\/strong>\n Si contratas el desplazamiento a trav\u00e9s de una agencia de viajes puedes pedir que te tramite un seguro de viaje. Si tienes tarjeta Visa, puedes mirar qu\u00e9 te cubre el seguro de tu tarjeta, cons\u00faltalo con tu banco. \n\nTe aconsejamos consultar las condiciones del seguro de asistencia en viajes internacionales del <a class=\"texto-azul-qui-som\" href=\"https:\/\/www.carnetjove.cat\/ca\/informacio\/asseguranca\" target=\"_blank\" rel=\"noopener noreferrer\">Carnet Jove<\/a> . Tenga en cuenta que en este caso cada viaje no puede superar los 90 d\u00edas consecutivos. \t\t\t\t\t\t\t\t<\/div>\n\t\t\t\t<\/div>\n\t\t\t\t<div class=\"elementor-element elementor-element-eff5106 elementor-widget elementor-widget-text-editor\" data-id=\"eff5106\" data-element_type=\"widget\" data-e-type=\"widget\" data-widget_type=\"text-editor.default\">\n\t\t\t\t<div class=\"elementor-widget-container\">\n\t\t\t\t\t\t\t\t\t<p><span style=\"color: #7eba02;\"><strong>VACUNAS<\/strong><\/span><br> Para saber si necesitas vacunarte te aconsejamos que eches un vistazo a estas webs:<\/p><p><a href=\"https:\/\/salutpublica.gencat.cat\/ca\/ambits\/promocio\/vacunacions\/vacunacio-internacional\/index.html\" target=\"_blank\" rel=\"noopener\">Vacunaci\u00f3n y consejos sanitarios para viajes internacionales<\/a><\/p><p><a href=\"https:\/\/canalsalut.gencat.cat\/ca\/vida-saludable\/lleure-seguretat\/viatges\/vacunacio\/\" target=\"_blank\" rel=\"noopener\">Vacunaci\u00f3n internacional<\/a><\/p><p>Para vacunaciones en Barcelona, \u200b\u200bpuede dirigirse a:<\/p><p><a class=\"texto-azul-qui-som\" href=\"http:\/\/guia.barcelona.cat\/detall\/_92086021251.html\" target=\"_blank\" rel=\"noopener\">Centro de Vacunaci\u00f3n Internacional (CVI)<\/a><br> <a class=\"texto-azul-qui-som\" href=\"http:\/\/www.barnaclinic.com\/savi\/index.html?servei%29\" target=\"_blank\" rel=\"noopener\">Centro de Vacunaciones Internacionales del Hospital Cl\u00ednic de Barcelona<\/a><br> <a class=\"texto-azul-qui-som\" href=\"http:\/\/guia.barcelona.cat\/detall\/_99400020308.html\" target=\"_blank\" rel=\"noopener noreferrer\">Unidad de Vacunaciones Internacionales Astilleros<\/a><br> <a class=\"texto-azul-qui-som\" href=\"http:\/\/canalsalut.gencat.cat\/ca\/\" target=\"_blank\" rel=\"noopener noreferrer\">Canal Salud de la Generalidad de Catalu\u00f1a<\/a><\/p><p><span style=\"color: #7eba02;\"><strong>VISADO<\/strong><\/span><br> Para saber si necesitas tramitar un visado para viajar y tener informaci\u00f3n sobre c\u00f3mo tramitarlo te recomendamos que hables con la embajada o consulado del pa\u00eds de destino. Encontrar\u00e1s toda la informaci\u00f3n relativa a embajadas y consulados en el directorio en la web del Ministerio de Asuntos Exteriores. <\/p><p>Consulta todas las <a href=\"https:\/\/www.exteriores.gob.es\/ca\/ServiciosAlCiudadano\/Paginas\/Recomendaciones-de-viaje.aspx\" target=\"_blank\" rel=\"noopener\">recomendaciones oficiales de viaje<\/a> por cada Pa\u00eds.<\/p><p>Atenci\u00f3n: \u00a1No te duermas! Ten en cuenta que hay pa\u00edses donde la tramitaci\u00f3n del visado es muy lenta y sin visado no le dejar\u00e1n entrar ni salir del pa\u00eds. <\/p><p><strong>\u00bfCu\u00e1ndo recibir\u00e9 la informaci\u00f3n m\u00e1s detallada del proyecto (infosheet)?<\/strong><\/p><p>Toda la informaci\u00f3n que tenemos de los proyectos la encontrar\u00e1s en el <a class=\"texto-azul-qui-som\" href=\"https:\/\/cocat.org\/es\/inscripciones\/buscador-de-proyectos\/\" target=\"_blank\" rel=\"noopener noreferrer\">Buscador<\/a> de nuestra web. No tenemos m\u00e1s informaci\u00f3n. Unos 15-30 d\u00edas antes del proyecto, te llegar\u00e1 el infosheet, es un documento con toda la informaci\u00f3n detallada del proyecto y el contacto de los organizadores.  <\/p><p><strong>\u00bfLo tendr\u00e9 todo pagado o tengo que llevarme dinero?<\/strong><\/p><p>Siempre es recomendable llevar algo de <strong>dinero de bolsillo<\/strong> por si acaso. Los gastos generales est\u00e1n cubiertos pero no est\u00e1 cubierto si un d\u00eda salga con los compa\u00f1eros a tomar algo o excursiones opcionales. Por otro lado, debes contar con que tendr\u00e1s que coger un segundo transporte de llegada al campo (tren, bus, taxi\u2026) una vez llegues a la ciudad m\u00e1s cercana. Este transporte tambi\u00e9n tendr\u00e1s que abonarlo t\u00fa.   <\/p><p>Siempre es importante llevar el dinero en un sitio seguro; y no llevarlos todos al mismo sitio. Hay ri\u00f1oneras que se pueden llevar dentro del pantal\u00f3n, siempre puedes coser bolsillos internos en la mochila o la ropa, etc. <\/p><p>En cuanto al tipo de moneda, siempre es recomendable que lleve dinero en la <strong>moneda local<\/strong> del pa\u00eds donde viaja. Si por ejemplo, llega de noche y debe tomar un transporte hasta llegar al campo o hacer noche antes de llegar al campo no tendr\u00e1 problemas para hacerlo. Puede que no tenga que llevar todo el dinero en la moneda local del pa\u00eds donde viaja. Puede llevar <strong>Euros<\/strong> y si tiene necesidad o posibilidad ir cambiando a los bancos. El precio siempre le saldr\u00e1 m\u00e1s econ\u00f3mico en moneda local.    <\/p><p><strong>\u00bfHabr\u00e1 m\u00e1s catalanes en el campo de trabajo? \u00bfPodr\u00e9 contactar con ellos antes de irme? <\/strong><\/p><p>Uno de los principales objetivos de los campos de trabajo es promover el encuentro entre j\u00f3venes de distintas nacionalidades, or\u00edgenes, culturas. As\u00ed, normalmente hay un m\u00e1ximo de 1 o 2 j\u00f3venes del mismo origen (en su caso, catalanes) en cada campo de trabajo. No podremos facilitarte los datos de otro voluntario pero si nos env\u00edas un mail, podemos dar tu contacto a otros voluntarios catalanes de tu mismo campo para que, si quieren, se ponga en contacto contigo. Puedes pedirlo haciendo un correo a <a class=\"texto-azul-qui-som\" href=\"mailto:outgoing@cocat.org\" target=\"_blank\" rel=\"noopener noreferrer\">outgoing@cocat.org<\/a> .   <\/p><p>Por otro lado, organizaremos unas charlas para dar informaci\u00f3n sobre los pa\u00edses a los que viaja. \u00c9sta puede ser una buena oportunidad para conocer a las personas que viajar\u00e1n al mismo pa\u00eds y mismo campo que vosotros. <\/p><p>Cuando le confirmamos que ha sido aceptado en el campo de trabajo recibir\u00e1, entre otras informaciones, una hoja con el calendario de estas charlas.<br> Os animamos a venir!<\/p><p><strong>Si el campo est\u00e1 en un lugar muy aislado, \u00bfc\u00f3mo llego? \u00bfD\u00f3nde estar\u00e1 el punto de encuentro? <\/strong><\/p><p>Unos 15-20 d\u00edas antes de que comience el proyecto recibir\u00e1s el infosheet, que te explicar\u00e1 todo lo que debes saber para llegar al punto de encuentro desde varias terminales de transporte (aeropuertos y estaciones de tren).<\/p><p>Ten en cuenta que el punto de encuentro ser\u00e1 cercano al proyecto, o bien lo m\u00e1s cercano posible al proyecto desde una opci\u00f3n de transporte. As\u00ed que en caso de que el proyecto est\u00e9 lejos, el punto de encuentro seguramente ser\u00e1 en la estaci\u00f3n m\u00e1s cercana a donde t\u00fa puedas llegar por tus medios. <\/p><p><strong>\u00bfLos participantes del mismo pa\u00eds viajan juntos y\/o acompa\u00f1ados por alguien de la organizaci\u00f3n?<\/strong><\/p><p>Los campos de trabajo que ofrecemos son internacionales por tanto se intenta respetar un equilibrio de nacionalidades. No hay un grupo que salga desde Catalu\u00f1a y viajen juntos, sino como mucho un\/a otro voluntario\/a, si se han aceptado otro voluntario enviado por COCAT. <\/p><p><strong>\u00bfA la llegada la organizaci\u00f3n suele recoger a los participantes?<\/strong><\/p><p>Hay organizaciones que ofrecen servicio de recogida de los participantes en el aeropuerto, sobre todo en los Pa\u00edses del Sur. Si se da el caso de la existencia de este servicio, se especificar\u00e1 en la descripci\u00f3n del proyecto y\/o en el infosheet, as\u00ed como se especificar\u00e1 si supone un gasto extra. <\/p><p>Sin embargo la mayor\u00eda de las organizaciones suelen establecer un punto\/horario de encuentro para todos\/as, que no necesariamente ser\u00e1 el aeropuerto de llegada, pero en cualquier caso ser\u00e1 siempre un lugar cercano. La organizaci\u00f3n de acogida facilitar\u00e1 al infosheet todos los detalles de c\u00f3mo llegar, as\u00ed como los contactos para poder comunicarte con los responsables. <\/p>\t\t\t\t\t\t\t\t<\/div>\n\t\t\t\t<\/div>\n\t\t\t\t\t<\/div>\n\t\t\t\t<\/div>\n\t\t\t\t<\/div>\n\t\t","protected":false},"excerpt":{"rendered":"<p>Preguntas frecuentes referentes a la preparaci\u00f3n del viaje \u00bfPuedo viajar directamente sin que se me haya confirmado la plaza? No es posible: tanto las organizaciones que env\u00edan a los voluntarios como las que los reciben, necesitan tener los datos de los voluntarios que participar\u00e1n en los campos de trabajo previamente al inicio del campo. Es &#8230; <a title=\"Preparaci\u00f3n del viaje\" class=\"read-more\" href=\"https:\/\/cocat.org\/es\/faq\/preparacion-del-viaje\/\" aria-label=\"Leer m\u00e1s sobre Preparaci\u00f3n del viaje\">Leer m\u00e1s<\/a><\/p>\n","protected":false},"author":1,"featured_media":0,"parent":2228,"menu_order":0,"comment_status":"closed","ping_status":"closed","template":"elementor_header_footer","meta":{"footnotes":""},"class_list":["post-2293","page","type-page","status-publish"],"_links":{"self":[{"href":"https:\/\/cocat.org\/es\/wp-json\/wp\/v2\/pages\/2293","targetHints":{"allow":["GET"]}}],"collection":[{"href":"https:\/\/cocat.org\/es\/wp-json\/wp\/v2\/pages"}],"about":[{"href":"https:\/\/cocat.org\/es\/wp-json\/wp\/v2\/types\/page"}],"author":[{"embeddable":true,"href":"https:\/\/cocat.org\/es\/wp-json\/wp\/v2\/users\/1"}],"replies":[{"embeddable":true,"href":"https:\/\/cocat.org\/es\/wp-json\/wp\/v2\/comments?post=2293"}],"version-history":[{"count":2,"href":"https:\/\/cocat.org\/es\/wp-json\/wp\/v2\/pages\/2293\/revisions"}],"predecessor-version":[{"id":2859,"href":"https:\/\/cocat.org\/es\/wp-json\/wp\/v2\/pages\/2293\/revisions\/2859"}],"up":[{"embeddable":true,"href":"https:\/\/cocat.org\/es\/wp-json\/wp\/v2\/pages\/2228"}],"wp:attachment":[{"href":"https:\/\/cocat.org\/es\/wp-json\/wp\/v2\/media?parent=2293"}],"curies":[{"name":"wp","href":"https:\/\/api.w.org\/{rel}","templated":true}]}}