{"id":2297,"date":"2024-07-02T20:41:15","date_gmt":"2024-07-02T18:41:15","guid":{"rendered":"https:\/\/cocat.c.wetopi.com\/inscripciones\/condiciones-de-participacion-en-los-proyectos-de-media-y-larga-duracion\/"},"modified":"2026-02-02T09:13:12","modified_gmt":"2026-02-02T08:13:12","slug":"condiciones-de-participacion-en-los-proyectos-de-media-y-larga-duracion","status":"publish","type":"page","link":"https:\/\/cocat.org\/es\/inscripciones\/condiciones-de-participacion-en-los-proyectos-de-media-y-larga-duracion\/","title":{"rendered":"Condiciones de participaci\u00f3n en los proyectos de media y larga duraci\u00f3n"},"content":{"rendered":"\t\t<div data-elementor-type=\"wp-page\" data-elementor-id=\"2297\" class=\"elementor elementor-2297 elementor-735\" data-elementor-post-type=\"page\">\n\t\t\t\t<div class=\"elementor-element elementor-element-7ed4bdca e-con-full e-flex e-con e-parent\" data-id=\"7ed4bdca\" data-element_type=\"container\" data-e-type=\"container\" data-settings=\"{&quot;jet_parallax_layout_list&quot;:[],&quot;background_background&quot;:&quot;classic&quot;}\">\n\t\t\t\t<\/div>\n\t\t<div class=\"elementor-element elementor-element-426b64c e-flex e-con-boxed e-con e-parent\" data-id=\"426b64c\" data-element_type=\"container\" data-e-type=\"container\" data-settings=\"{&quot;jet_parallax_layout_list&quot;:[]}\">\n\t\t\t\t\t<div class=\"e-con-inner\">\n\t\t\t\t<div class=\"elementor-element elementor-element-fef024f elementor-widget elementor-widget-heading\" data-id=\"fef024f\" data-element_type=\"widget\" data-e-type=\"widget\" data-widget_type=\"heading.default\">\n\t\t\t\t<div class=\"elementor-widget-container\">\n\t\t\t\t\t<h4 class=\"elementor-heading-title elementor-size-default\">Condiciones de participaci\u00f3n en los proyectos de media y larga duraci\u00f3n\n\n<\/h4>\t\t\t\t<\/div>\n\t\t\t\t<\/div>\n\t\t\t\t\t<\/div>\n\t\t\t\t<\/div>\n\t\t<div class=\"elementor-element elementor-element-95364ec e-flex e-con-boxed e-con e-parent\" data-id=\"95364ec\" data-element_type=\"container\" data-e-type=\"container\" data-settings=\"{&quot;jet_parallax_layout_list&quot;:[]}\">\n\t\t\t\t\t<div class=\"e-con-inner\">\n\t\t\t\t<div class=\"elementor-element elementor-element-525f670 elementor-widget elementor-widget-jet-accordion\" data-id=\"525f670\" data-element_type=\"widget\" data-e-type=\"widget\" data-widget_type=\"jet-accordion.default\">\n\t\t\t\t<div class=\"elementor-widget-container\">\n\t\t\t\t\t\t\t\t\t<div class=\"jet-accordion\" data-settings=\"{&quot;collapsible&quot;:false,&quot;ajaxTemplate&quot;:false,&quot;switchScrolling&quot;:false,&quot;switchScrollingTablet&quot;:false,&quot;switchScrollingMobile&quot;:false,&quot;switchScrollingOffset&quot;:{&quot;size&quot;:0,&quot;unit&quot;:&quot;px&quot;},&quot;switchScrollingOffsetTablet&quot;:{&quot;size&quot;:0,&quot;unit&quot;:&quot;px&quot;},&quot;switchScrollingOffsetMobile&quot;:{&quot;size&quot;:0,&quot;unit&quot;:&quot;px&quot;},&quot;switchScrollingDelay&quot;:500,&quot;switchScrollingDelayTablet&quot;:500,&quot;switchScrollingDelayMobile&quot;:500}\">\n\t\t\t<div class=\"jet-accordion__inner\">\n\t\t\t\t<div class=\" jet-accordion__item jet-toggle jet-toggle-move-up-effect \">\n\t\t\t\t\t\t\t<div id=\"jet-toggle-control-8631\" class=\"jet-toggle__control elementor-menu-anchor\" data-toggle=\"1\" role=\"button\" tabindex=\"0\" aria-controls=\"jet-toggle-content-8631\" aria-expanded=\"false\" data-template-id=\"false\">\n\t\t\t\t\t\t\t\t<div class=\"jet-toggle__label-icon jet-toggle-icon-position-left\"><span class=\"jet-toggle__icon icon-normal jet-tabs-icon\"><svg class=\"e-font-icon-svg e-fas-plus\" viewBox=\"0 0 448 512\" xmlns=\"http:\/\/www.w3.org\/2000\/svg\"><path d=\"M416 208H272V64c0-17.67-14.33-32-32-32h-32c-17.67 0-32 14.33-32 32v144H32c-17.67 0-32 14.33-32 32v32c0 17.67 14.33 32 32 32h144v144c0 17.67 14.33 32 32 32h32c17.67 0 32-14.33 32-32V304h144c17.67 0 32-14.33 32-32v-32c0-17.67-14.33-32-32-32z\"><\/path><\/svg><\/span><span class=\"jet-toggle__icon icon-active jet-tabs-icon\"><svg class=\"e-font-icon-svg e-fas-minus\" viewBox=\"0 0 448 512\" xmlns=\"http:\/\/www.w3.org\/2000\/svg\"><path d=\"M416 208H32c-17.67 0-32 14.33-32 32v32c0 17.67 14.33 32 32 32h384c17.67 0 32-14.33 32-32v-32c0-17.67-14.33-32-32-32z\"><\/path><\/svg><\/span><\/div><div class=\"jet-toggle__label-text\">Requisitos<\/div>\t\t\t\t\t\t\t<\/div>\n\t\t\t\t\t\t\t<div id=\"jet-toggle-content-8631\" class=\"jet-toggle__content\" data-toggle=\"1\" role=\"region\" data-template-id=\"false\">\n\t\t\t\t\t\t\t\t<div class=\"jet-toggle__content-inner\"><p><strong>Edad para participar<\/strong><\/p>\n<ul>\n<li>A partir de 18* a\u00f1os (sin l\u00edmite de edad) para participar en proyectos de pa\u00edses del norte (Europa, Turqu\u00eda, Armenia, Estados Unidos, Canad\u00e1, Jap\u00f3n, Taiw\u00e1n y Corea).<\/li>\n<li>A partir de 20* a\u00f1os (sin l\u00edmite de edad) por participar en proyectos de pa\u00edses del sur (Latinoam\u00e9rica, \u00c1frica y Asia, excepto Jap\u00f3n, Taiw\u00e1n y Corea).<\/li>\n<\/ul>\n<p><em>*Es imprescindible que est\u00e9n cumplidos el 1er d\u00eda del proyecto.<\/em><\/p>\n<p><strong>Participar en el proceso de acompa\u00f1amiento de COCAT<\/strong><br \/> Para poder realizar un buen seguimiento de tu proyecto de voluntariado, en COCAT tenemos un proceso de acompa\u00f1amiento que empieza desde el momento en que pides informaci\u00f3n para realizar un voluntariado y que finaliza con el retorno de tu experiencia, a veces incluso m\u00e1s all\u00e1 de la evaluaci\u00f3n final del proyecto.<\/p>\n<p>El compromiso obligatorio constar\u00e1 como m\u00ednimo de:<\/p>\n<ol>\n<li>Asistir a una charla informativa antes de realizar la inscripci\u00f3n (si no fuera posible desplazarte a Barcelona, \u200b\u200bpodr\u00edamos mirar la opci\u00f3n de hacerla v\u00eda Skype).<\/li>\n<li>Despu\u00e9s de la confirmaci\u00f3n: asistir a una formaci\u00f3n y enviarnos escaneado tu pasaporte o DNI y un seguro de salud.<\/li>\n<li>Durante el proyecto: enviar un correo quincenal para permitir a COCAT realizar el seguimiento.<\/li>\n<li>Despu\u00e9s del proyecto: enviar una evaluaci\u00f3n de la experiencia.<\/li>\n<\/ol>\n<p><strong>Importante:<\/strong> antes de inscribirte, debes estar seguro de que tienes disponibilidad para participar en una de nuestras charlas-encuentros y, despu\u00e9s de recibir la confirmaci\u00f3n de la plaza, en una de las formaciones antes de la salida que se llevar\u00e1n a cabo en la ciudad de Barcelona.<\/p>\n<p><strong>Actitud<\/strong><br \/> Para realizar un proyecto de voluntariado de larga duraci\u00f3n no son necesarias unas habilidades espec\u00edficas (a menos que el proyecto en el que quieres participar lo requiera) pero s\u00ed que es necesaria tu predisposici\u00f3n a participar con motivaci\u00f3n, flexibilidad, proactividad, implicaci\u00f3n, compromiso, iniciativa, ganas de conocer e integrarte en una nueva cultura y una nueva organizaci\u00f3n.<\/p>\n<\/div>\n\t\t\t\t\t\t\t<\/div>\n\t\t\t\t\t\t<\/div><div class=\" jet-accordion__item jet-toggle jet-toggle-move-up-effect \">\n\t\t\t\t\t\t\t<div id=\"jet-toggle-control-8632\" class=\"jet-toggle__control elementor-menu-anchor\" data-toggle=\"2\" role=\"button\" tabindex=\"0\" aria-controls=\"jet-toggle-content-8632\" aria-expanded=\"false\" data-template-id=\"false\">\n\t\t\t\t\t\t\t\t<div class=\"jet-toggle__label-icon jet-toggle-icon-position-left\"><span class=\"jet-toggle__icon icon-normal jet-tabs-icon\"><svg class=\"e-font-icon-svg e-fas-plus\" viewBox=\"0 0 448 512\" xmlns=\"http:\/\/www.w3.org\/2000\/svg\"><path d=\"M416 208H272V64c0-17.67-14.33-32-32-32h-32c-17.67 0-32 14.33-32 32v144H32c-17.67 0-32 14.33-32 32v32c0 17.67 14.33 32 32 32h144v144c0 17.67 14.33 32 32 32h32c17.67 0 32-14.33 32-32V304h144c17.67 0 32-14.33 32-32v-32c0-17.67-14.33-32-32-32z\"><\/path><\/svg><\/span><span class=\"jet-toggle__icon icon-active jet-tabs-icon\"><svg class=\"e-font-icon-svg e-fas-minus\" viewBox=\"0 0 448 512\" xmlns=\"http:\/\/www.w3.org\/2000\/svg\"><path d=\"M416 208H32c-17.67 0-32 14.33-32 32v32c0 17.67 14.33 32 32 32h384c17.67 0 32-14.33 32-32v-32c0-17.67-14.33-32-32-32z\"><\/path><\/svg><\/span><\/div><div class=\"jet-toggle__label-text\">Aconsejamos<\/div>\t\t\t\t\t\t\t<\/div>\n\t\t\t\t\t\t\t<div id=\"jet-toggle-content-8632\" class=\"jet-toggle__content\" data-toggle=\"2\" role=\"region\" data-template-id=\"false\">\n\t\t\t\t\t\t\t\t<div class=\"jet-toggle__content-inner\"><p><strong>Experiencia previa en voluntariados<\/strong><br \/> Creemos que es importante que la persona que participe haya tenido alguna experiencia previa en voluntariado, ya sea tanto a nivel internacional como a nivel local; tanto de forma puntual, como de forma permanente.<\/p>\n<p><strong>Experiencia previa en estancias internacionales<\/strong><br \/> En la misma l\u00ednea de la experiencia en voluntariado, creemos que es bueno que la persona que participe en un proyecto de voluntariado de larga duraci\u00f3n tenga ya alguna experiencia internacional, ya sea habiendo vivido en el extranjero una temporada o habiendo realizado cualquier otra estancia relacionada con programas de voluntariado o de formaci\u00f3n.<\/p>\n<\/div>\n\t\t\t\t\t\t\t<\/div>\n\t\t\t\t\t\t<\/div><div class=\" jet-accordion__item jet-toggle jet-toggle-move-up-effect \">\n\t\t\t\t\t\t\t<div id=\"jet-toggle-control-8633\" class=\"jet-toggle__control elementor-menu-anchor\" data-toggle=\"3\" role=\"button\" tabindex=\"0\" aria-controls=\"jet-toggle-content-8633\" aria-expanded=\"false\" data-template-id=\"false\">\n\t\t\t\t\t\t\t\t<div class=\"jet-toggle__label-icon jet-toggle-icon-position-left\"><span class=\"jet-toggle__icon icon-normal jet-tabs-icon\"><svg class=\"e-font-icon-svg e-fas-plus\" viewBox=\"0 0 448 512\" xmlns=\"http:\/\/www.w3.org\/2000\/svg\"><path d=\"M416 208H272V64c0-17.67-14.33-32-32-32h-32c-17.67 0-32 14.33-32 32v144H32c-17.67 0-32 14.33-32 32v32c0 17.67 14.33 32 32 32h144v144c0 17.67 14.33 32 32 32h32c17.67 0 32-14.33 32-32V304h144c17.67 0 32-14.33 32-32v-32c0-17.67-14.33-32-32-32z\"><\/path><\/svg><\/span><span class=\"jet-toggle__icon icon-active jet-tabs-icon\"><svg class=\"e-font-icon-svg e-fas-minus\" viewBox=\"0 0 448 512\" xmlns=\"http:\/\/www.w3.org\/2000\/svg\"><path d=\"M416 208H32c-17.67 0-32 14.33-32 32v32c0 17.67 14.33 32 32 32h384c17.67 0 32-14.33 32-32v-32c0-17.67-14.33-32-32-32z\"><\/path><\/svg><\/span><\/div><div class=\"jet-toggle__label-text\">Condiciones econ\u00f3micas<\/div>\t\t\t\t\t\t\t<\/div>\n\t\t\t\t\t\t\t<div id=\"jet-toggle-content-8633\" class=\"jet-toggle__content\" data-toggle=\"3\" role=\"region\" data-template-id=\"false\">\n\t\t\t\t\t\t\t\t<div class=\"jet-toggle__content-inner\"><p><strong>Cuota de inscripci\u00f3n<\/strong><br \/> Cuando te inscribes en un proyecto de media\/larga duraci\u00f3n debes pagar una cuota de inscripci\u00f3n de 150\u20ac, que incluye la tramitaci\u00f3n de la inscripci\u00f3n, el asesoramiento, la formaci\u00f3n, el seguimiento y la evaluaci\u00f3n final por parte de COCAT. Esta cuota tambi\u00e9n garantiza el alojamiento y la manutenci\u00f3n durante su estancia en el proyecto. <\/p>\n<p><strong>Cuota extra<\/strong><br \/> Algunas organizaciones de acogida piden, adem\u00e1s, una cuota extra, cuyo importe depende de la entidad de acogida y se paga directamente a la propia entidad (y no a COCAT). La cuota extra var\u00eda en funci\u00f3n de las necesidades del proyecto, de la organizaci\u00f3n o del pa\u00eds: pueden servir para cubrir el alojamiento y la manutenci\u00f3n, para apoyar el proyecto en el que se participa, o viene para apoyar a la organizaci\u00f3n que impulsa el proyecto oa la que la coordina. <\/p>\n<p>La cuota extra se indicar\u00e1 en la descripci\u00f3n del proyecto y la persona voluntaria se comprometer\u00e1 a pagarla en la forma y plazos que indique la entidad de acogida.<\/p>\n<p>Durante la estancia en el proyecto, se te garantizar\u00e1 el alojamiento y la manutenci\u00f3n del primer d\u00eda al \u00faltimo, as\u00ed como el proceso de formaci\u00f3n, seguimiento y evaluaci\u00f3n.<\/p>\n<p><strong>No se incluye<\/strong><\/p>\n<ul>\n<li>Transporte desde el pa\u00eds de env\u00edo hasta el punto de encuentro del pa\u00eds de acogida.<\/li>\n<li>Transporte interno en el pa\u00eds de acogida fuera de las necesidades del proyecto.<\/li>\n<li>Seguro m\u00e9dico (la persona voluntaria tiene la obligaci\u00f3n de contar con un seguro m\u00e9dico personal).<\/li>\n<li>Actividades realizadas fuera de las labores del proyecto.<\/li>\n<li>Visado y todos los gastos relativos a su tramitaci\u00f3n.<\/li>\n<li>Vacunaci\u00f3n (aunque podemos hacerte un certificado de participaci\u00f3n para que obtengas un descuento).<\/li>\n<\/ul>\n<\/div>\n\t\t\t\t\t\t\t<\/div>\n\t\t\t\t\t\t<\/div><div class=\" jet-accordion__item jet-toggle jet-toggle-move-up-effect \">\n\t\t\t\t\t\t\t<div id=\"jet-toggle-control-8634\" class=\"jet-toggle__control elementor-menu-anchor\" data-toggle=\"4\" role=\"button\" tabindex=\"0\" aria-controls=\"jet-toggle-content-8634\" aria-expanded=\"false\" data-template-id=\"false\">\n\t\t\t\t\t\t\t\t<div class=\"jet-toggle__label-icon jet-toggle-icon-position-left\"><span class=\"jet-toggle__icon icon-normal jet-tabs-icon\"><svg class=\"e-font-icon-svg e-fas-plus\" viewBox=\"0 0 448 512\" xmlns=\"http:\/\/www.w3.org\/2000\/svg\"><path d=\"M416 208H272V64c0-17.67-14.33-32-32-32h-32c-17.67 0-32 14.33-32 32v144H32c-17.67 0-32 14.33-32 32v32c0 17.67 14.33 32 32 32h144v144c0 17.67 14.33 32 32 32h32c17.67 0 32-14.33 32-32V304h144c17.67 0 32-14.33 32-32v-32c0-17.67-14.33-32-32-32z\"><\/path><\/svg><\/span><span class=\"jet-toggle__icon icon-active jet-tabs-icon\"><svg class=\"e-font-icon-svg e-fas-minus\" viewBox=\"0 0 448 512\" xmlns=\"http:\/\/www.w3.org\/2000\/svg\"><path d=\"M416 208H32c-17.67 0-32 14.33-32 32v32c0 17.67 14.33 32 32 32h384c17.67 0 32-14.33 32-32v-32c0-17.67-14.33-32-32-32z\"><\/path><\/svg><\/span><\/div><div class=\"jet-toggle__label-text\">Bajas y devoluciones<\/div>\t\t\t\t\t\t\t<\/div>\n\t\t\t\t\t\t\t<div id=\"jet-toggle-content-8634\" class=\"jet-toggle__content\" data-toggle=\"4\" role=\"region\" data-template-id=\"false\">\n\t\t\t\t\t\t\t\t<div class=\"jet-toggle__content-inner\"><p>Hay varias casu\u00edsticas que detienen el proceso de inscripci\u00f3n y la asistencia a un proyecto. En estos casos se genera una cancelaci\u00f3n. Las resumimos en tres grupos.  <\/p>\n<div class=\"clearfix \">\n<div class=\"wpb_wrapper\">\n<p><strong>1. No hay plaza que corresponda a tus prioridades<\/strong><\/p>\n<p>1.1. No hay plaza que corresponda a tus prioridades: te proponemos otro proyecto y si no va bien te devolvemos la cuota, excepto 45\u20ac de gastos administrativos.<\/p>\n<p>1.2. No hemos empezado a gestionar tu solicitud porque las opciones que has indicado en el formulario de inscripci\u00f3n no est\u00e1n disponibles: te proponemos otro proyecto y si no va bien te devolvemos la cuota \u00edntegra.<\/p>\n<p>En cualquier caso la comisi\u00f3n por la transferencia corre a cargo del\/la participante (2\u20ac).<\/p>\n<div class=\"clearfix \">\n<div class=\"wpb_wrapper\">\n<p><strong>2. El\/la participante cancela<\/strong><\/p>\n<p>Una vez realizada la inscripci\u00f3n, cualquier modificaci\u00f3n de lugar, pa\u00eds o fechas ser\u00e1 considerada como cancelaci\u00f3n por tu parte. Tienes que notificarlo por escrito al correo <a class=\"texto-azul-qui-som\" href=\"mailto:outgoing@cocat.org\" target=\"_blank\" rel=\"noopener noreferrer\">outgoing@cocat.org<\/a> para que conste por correo la fecha en la que cancelas. <\/p>\n<p>Cualquier modificaci\u00f3n por tu parte una vez has sido confirmada en un campo de trabajo se considera una cancelaci\u00f3n. Por eso pedimos que la b\u00fasqueda de opciones se haga con cuidado, teniendo en cuenta tus condicionantes (disponibilidad de fechas, motivaci\u00f3n hacia el proyecto, etc.) <\/p>\n<p>Si la cancelaci\u00f3n se produce en los 7 d\u00edas naturales despu\u00e9s de recibir el correo electr\u00f3nico con la carta confirmaci\u00f3n y siempre que falten m\u00e1s de 30 d\u00edas naturales para que comience el campo, te devolvemos la cuota integra excepto 70\u20ac. La parte restante que se deduce de la cuota es en concepto de gastos administrativos y de gesti\u00f3n. <\/p>\n<p>Pasados \u200b\u200blos 7 d\u00edas naturales despu\u00e9s de recibir el correo electr\u00f3nico con la carta de confirmaci\u00f3n no existe opci\u00f3n a ning\u00fan reembolso.<\/p>\n<p>A menos de 30 d\u00edas naturales que comience el campo no hay opci\u00f3n a ning\u00fan reembolso de la cuota.<\/p>\n<p>Las personas que no comparecen en el campo no tendr\u00e1n derecho a ning\u00fan reembolso de la cuota.<\/p>\n<p>Por causas de fuerza mayor que puedan ser justificadas y que te impidan viajar te devolvemos la cuota integra excepto 45\u20ac por gastos administrativos. Deber\u00e1n estar justificadas con un informe oficial o certificado m\u00e9dico. <\/p>\n<p>En cualquier caso la comisi\u00f3n por la transferencia corre a cargo del\/la participante (2\u20ac).<\/p>\n<p><strong>3. La entidad extranjera cancela<\/strong><br \/> COCAT te ofrecer\u00e1 otras actividades con similares caracter\u00edsticas y fechas. En caso de no aceptar las ofertas alternativas, te devolvemos la cuota \u00edntegra, excepto 45\u20ac por gastos administrativos y excluyendo toda demanda de da\u00f1os e intereses. <\/p>\n<p>En cualquier caso la comisi\u00f3n por la transferencia corre a cargo del\/la participante (2\u20ac).<\/p>\n<p>Si decides participar en otro proyecto, estar\u00e1s renunciando a cualquier reclamaci\u00f3n respecto a los campos anteriores. COCAT no se realizar\u00e1, en ning\u00fan caso, responsable del reembolso de los gastos de desplazamiento. <\/p>\n<\/div>\n<\/div>\n<\/div>\n<\/div>\n<\/div>\n\t\t\t\t\t\t\t<\/div>\n\t\t\t\t\t\t<\/div>\t\t\t<\/div>\n\t\t<\/div>\n\t\t\t\t\t\t<\/div>\n\t\t\t\t<\/div>\n\t\t\t\t<div class=\"elementor-element elementor-element-91f0dbb elementor-align-left elementor-widget elementor-widget-button\" data-id=\"91f0dbb\" data-element_type=\"widget\" data-e-type=\"widget\" data-widget_type=\"button.default\">\n\t\t\t\t<div class=\"elementor-widget-container\">\n\t\t\t\t\t\t\t\t\t<div class=\"elementor-button-wrapper\">\n\t\t\t\t\t<a class=\"elementor-button elementor-button-link elementor-size-sm\" href=\"https:\/\/cocat.org\/projectes-de-mitja-i-llarga-durada\/\">\n\t\t\t\t\t\t<span class=\"elementor-button-content-wrapper\">\n\t\t\t\t\t\t\t\t\t<span class=\"elementor-button-text\">INSCRIPCI\u00d3N PASO A PASO<\/span>\n\t\t\t\t\t<\/span>\n\t\t\t\t\t<\/a>\n\t\t\t\t<\/div>\n\t\t\t\t\t\t\t\t<\/div>\n\t\t\t\t<\/div>\n\t\t\t\t\t<\/div>\n\t\t\t\t<\/div>\n\t\t<div class=\"elementor-element elementor-element-f7bd4c0 e-flex e-con-boxed e-con e-parent\" data-id=\"f7bd4c0\" data-element_type=\"container\" data-e-type=\"container\" data-settings=\"{&quot;jet_parallax_layout_list&quot;:[]}\">\n\t\t\t\t\t<div class=\"e-con-inner\">\n\t\t\t\t<div class=\"elementor-element elementor-element-5866acb elementor-widget elementor-widget-text-editor\" data-id=\"5866acb\" data-element_type=\"widget\" data-e-type=\"widget\" data-widget_type=\"text-editor.default\">\n\t\t\t\t<div class=\"elementor-widget-container\">\n\t\t\t\t\t\t\t\t\t<div class=\"krown-alert alert-success\"><p>Si est\u00e1s interesado\/a en realizar un proyecto de media o larga duraci\u00f3n puedes contactarnos en el correo <a href=\"mailto:outgoing@cocat.org\">outgoing@cocat.org<\/a> y te asesoraremos.<\/p><\/div>\t\t\t\t\t\t\t\t<\/div>\n\t\t\t\t<\/div>\n\t\t\t\t<div class=\"elementor-element elementor-element-aa8d7b1 elementor-align-center elementor-widget elementor-widget-button\" data-id=\"aa8d7b1\" data-element_type=\"widget\" data-e-type=\"widget\" data-widget_type=\"button.default\">\n\t\t\t\t<div class=\"elementor-widget-container\">\n\t\t\t\t\t\t\t\t\t<div class=\"elementor-button-wrapper\">\n\t\t\t\t\t<a class=\"elementor-button elementor-button-link elementor-size-sm\" href=\"https:\/\/cocat.org\/wp-content\/uploads\/2024\/07\/CONDICIONS-PARTICIPACIO-CONDICIONS-GENERALS-CONTRACTACIO.pdf\" target=\"_blank\">\n\t\t\t\t\t\t<span class=\"elementor-button-content-wrapper\">\n\t\t\t\t\t\t\t\t\t<span class=\"elementor-button-text\">CONSULTA LAS CONDICIONES GENERALES DE CONTRATACI\u00d3N<\/span>\n\t\t\t\t\t<\/span>\n\t\t\t\t\t<\/a>\n\t\t\t\t<\/div>\n\t\t\t\t\t\t\t\t<\/div>\n\t\t\t\t<\/div>\n\t\t\t\t\t<\/div>\n\t\t\t\t<\/div>\n\t\t\t\t<\/div>\n\t\t","protected":false},"excerpt":{"rendered":"<p>Condiciones de participaci\u00f3n en los proyectos de media y larga duraci\u00f3n Requisitos Edad para participar A partir de 18* a\u00f1os (sin l\u00edmite de edad) para participar en proyectos de pa\u00edses del norte (Europa, Turqu\u00eda, Armenia, Estados Unidos, Canad\u00e1, Jap\u00f3n, Taiw\u00e1n y Corea). A partir de 20* a\u00f1os (sin l\u00edmite de edad) por participar en proyectos &#8230; <a title=\"Condiciones de participaci\u00f3n en los proyectos de media y larga duraci\u00f3n\" class=\"read-more\" href=\"https:\/\/cocat.org\/es\/inscripciones\/condiciones-de-participacion-en-los-proyectos-de-media-y-larga-duracion\/\" aria-label=\"Leer m\u00e1s sobre Condiciones de participaci\u00f3n en los proyectos de media y larga duraci\u00f3n\">Leer m\u00e1s<\/a><\/p>\n","protected":false},"author":1,"featured_media":0,"parent":2285,"menu_order":0,"comment_status":"closed","ping_status":"closed","template":"elementor_header_footer","meta":{"footnotes":""},"class_list":["post-2297","page","type-page","status-publish"],"_links":{"self":[{"href":"https:\/\/cocat.org\/es\/wp-json\/wp\/v2\/pages\/2297","targetHints":{"allow":["GET"]}}],"collection":[{"href":"https:\/\/cocat.org\/es\/wp-json\/wp\/v2\/pages"}],"about":[{"href":"https:\/\/cocat.org\/es\/wp-json\/wp\/v2\/types\/page"}],"author":[{"embeddable":true,"href":"https:\/\/cocat.org\/es\/wp-json\/wp\/v2\/users\/1"}],"replies":[{"embeddable":true,"href":"https:\/\/cocat.org\/es\/wp-json\/wp\/v2\/comments?post=2297"}],"version-history":[{"count":1,"href":"https:\/\/cocat.org\/es\/wp-json\/wp\/v2\/pages\/2297\/revisions"}],"predecessor-version":[{"id":2298,"href":"https:\/\/cocat.org\/es\/wp-json\/wp\/v2\/pages\/2297\/revisions\/2298"}],"up":[{"embeddable":true,"href":"https:\/\/cocat.org\/es\/wp-json\/wp\/v2\/pages\/2285"}],"wp:attachment":[{"href":"https:\/\/cocat.org\/es\/wp-json\/wp\/v2\/media?parent=2297"}],"curies":[{"name":"wp","href":"https:\/\/api.w.org\/{rel}","templated":true}]}}