{"id":2299,"date":"2024-07-02T21:17:51","date_gmt":"2024-07-02T19:17:51","guid":{"rendered":"https:\/\/cocat.c.wetopi.com\/inscripciones\/proyectos-de-media-y-larga-duracion-mtv-y-ltv\/"},"modified":"2026-01-22T19:47:20","modified_gmt":"2026-01-22T18:47:20","slug":"proyectos-de-media-y-larga-duracion-mtv-y-ltv","status":"publish","type":"page","link":"https:\/\/cocat.org\/es\/inscripciones\/proyectos-de-media-y-larga-duracion-mtv-y-ltv\/","title":{"rendered":"Proyectos de Media y Larga duraci\u00f3n (MTV y LTV)"},"content":{"rendered":"\t\t<div data-elementor-type=\"wp-page\" data-elementor-id=\"2299\" class=\"elementor elementor-2299 elementor-762\" data-elementor-post-type=\"page\">\n\t\t\t\t<div class=\"elementor-element elementor-element-7ed4bdca e-con-full e-flex e-con e-parent\" data-id=\"7ed4bdca\" data-element_type=\"container\" data-e-type=\"container\" data-settings=\"{&quot;jet_parallax_layout_list&quot;:[],&quot;background_background&quot;:&quot;classic&quot;}\">\n\t\t\t\t<\/div>\n\t\t<div class=\"elementor-element elementor-element-426b64c e-flex e-con-boxed e-con e-parent\" data-id=\"426b64c\" data-element_type=\"container\" data-e-type=\"container\" data-settings=\"{&quot;jet_parallax_layout_list&quot;:[]}\">\n\t\t\t\t\t<div class=\"e-con-inner\">\n\t\t\t\t<div class=\"elementor-element elementor-element-fef024f elementor-widget elementor-widget-heading\" data-id=\"fef024f\" data-element_type=\"widget\" data-e-type=\"widget\" data-widget_type=\"heading.default\">\n\t\t\t\t<div class=\"elementor-widget-container\">\n\t\t\t\t\t<h4 class=\"elementor-heading-title elementor-size-default\">Proyectos de Media y Larga duraci\u00f3n (MTV y LTV)\n<\/h4>\t\t\t\t<\/div>\n\t\t\t\t<\/div>\n\t\t\t\t\t<\/div>\n\t\t\t\t<\/div>\n\t\t<div class=\"elementor-element elementor-element-d0a3d29 e-flex e-con-boxed e-con e-parent\" data-id=\"d0a3d29\" data-element_type=\"container\" data-e-type=\"container\" data-settings=\"{&quot;jet_parallax_layout_list&quot;:[]}\">\n\t\t\t\t\t<div class=\"e-con-inner\">\n\t\t<div class=\"elementor-element elementor-element-3efd8a4 e-con-full e-flex e-con e-child\" data-id=\"3efd8a4\" data-element_type=\"container\" data-e-type=\"container\" data-settings=\"{&quot;jet_parallax_layout_list&quot;:[]}\">\n\t\t\t\t<div class=\"elementor-element elementor-element-8497c13 elementor-widget elementor-widget-text-editor\" data-id=\"8497c13\" data-element_type=\"widget\" data-e-type=\"widget\" data-widget_type=\"text-editor.default\">\n\t\t\t\t<div class=\"elementor-widget-container\">\n\t\t\t\t\t\t\t\t\t<h5><span style=\"color: #7eba02;\"><strong>Introducci\u00f3n<\/strong><\/span><\/h5><p>Los proyectos de larga duraci\u00f3n que ver\u00e1s en el buscador son todos proyectos de entidades con las que COCAT lleva tiempo colaborando y que tiene buenas referencias. Para complementar la informaci\u00f3n sobre las entidades organizadoras del proyecto escogido, puedes consultar la secci\u00f3n <a class=\"texto-azul-qui-som\" href=\"https:\/\/cocat.c.wetopi.com\/qui-som\/\" target=\"_blank\" rel=\"noopener\">Qui\u00e9nes somos<\/a> de la web. Te recomendamos tambi\u00e9n que visites la secci\u00f3n <a class=\"texto-azul-qui-som\" href=\"https:\/\/cocat.c.wetopi.com\/experiencies\/\" target=\"_blank\" rel=\"noopener\">Experiencias de los participantes<\/a> donde encontrar\u00e1s informaci\u00f3n pr\u00e1ctica sobre los campos por pa\u00edses con comentarios de los participantes. En la secci\u00f3n <a class=\"texto-azul-qui-som\" href=\"https:\/\/cocat.c.wetopi.com\/experiencies\/amb-els-vostres-ulls\/\" target=\"_blank\" rel=\"noopener\">Con sus ojos<\/a> , donde encontrar\u00e1s una selecci\u00f3n de las mejores fotograf\u00edas del concurso que celebramos anualmente.   <\/p><p>En tanto que los proyectos de media\/larga duraci\u00f3n se suelen realizar individualmente y que la estancia en el proyecto es larga, te pedimos que participes en un proceso de acompa\u00f1amiento con COCAT. Empieza desde el momento en que pides informaci\u00f3n y finaliza con el retorno de tu experiencia, a veces incluso m\u00e1s all\u00e1 de la evaluaci\u00f3n final del proyecto. <\/p><p>Antes de dar los pasos de inscripci\u00f3n aseg\u00farate de poder participar en una de nuestras charlas.<\/p><h5><span style=\"color: #7eba02;\"><strong>Participantes<\/strong><\/span><\/h5><p>COCAT s\u00f3lo gestiona las inscripciones a proyectos de media y larga duraci\u00f3n de personas mayores de 18 a\u00f1os, de todo el estado espa\u00f1ol. En las <a href=\"https:\/\/cocat.c.wetopi.com\/inscripcions\/condicions-de-participacio-als-projectes-de-mitja-i-llarga-durada\/\" target=\"_blank\" rel=\"noopener\">condiciones de participaci\u00f3n para proyectos de media y larga duraci\u00f3n<\/a> encontrar\u00e1s m\u00e1s detalles sobre los requisitos de edad seg\u00fan destino. <\/p><p>La oferta de proyectos de este buscador que ves a continuaci\u00f3n es general, es decir, aparecen todos los proyectos gestionados por las entidades internacionales con las que colabora COCAT.<\/p>\t\t\t\t\t\t\t\t<\/div>\n\t\t\t\t<\/div>\n\t\t\t\t<\/div>\n\t\t<div class=\"elementor-element elementor-element-35c1611 e-con-full e-flex e-con e-child\" data-id=\"35c1611\" data-element_type=\"container\" data-e-type=\"container\" data-settings=\"{&quot;jet_parallax_layout_list&quot;:[]}\">\n\t\t\t\t<div class=\"elementor-element elementor-element-5f1823c elementor-widget elementor-widget-text-editor\" data-id=\"5f1823c\" data-element_type=\"widget\" data-e-type=\"widget\" data-widget_type=\"text-editor.default\">\n\t\t\t\t<div class=\"elementor-widget-container\">\n\t\t\t\t\t\t\t\t\t<h5><strong><span style=\"color: #7db901;\">C\u00f3mo elegir el proyecto<\/span><\/strong><\/h5><p><strong>Busca el proyecto<\/strong><br> Una vez en el <a href=\"https:\/\/cocat.c.wetopi.com\/es\/inscripciones\/buscador-de-proyectos\/\" target=\"_blank\" rel=\"noopener noreferrer\">buscador<\/a> , elige el continente y pa\u00eds al que quieras ir. Te recomendamos que dejes el rango de fechas abierto para realizar la b\u00fasqueda, ya que as\u00ed limitas menos la oferta. <\/p><p>Deber\u00e1s fijarte en la opci\u00f3n \u00ab\u00bfQu\u00e9 duraci\u00f3n quieres que tenga tu proyecto?\u00bb y marcar las opciones \u201c30-89 days\u201d o \u201c90-365 days\u201d dependiendo de si quieres realizar un proyecto de medio o largo plazo.<\/p><p>Tambi\u00e9n podr\u00e1s filtrar por tem\u00e1tica desde la columna \u00abtipo de proyecto\u00bb de la ventana de resultados.<\/p><p><strong>Listado de proyectos<\/strong><br> Una vez introducidos los criterios de b\u00fasqueda, aparecer\u00e1 una pantalla con el listado de proyectos y su correspondiente c\u00f3digo, pa\u00eds, tipolog\u00eda, trabajo a realizar, fechas, duraci\u00f3n, edad y disponibilidad de plazas.<\/p><p><strong>Descripci\u00f3n<\/strong><br> Para ver la descripci\u00f3n completa de los proyectos, debes clicar en \u201cvisualiza los detalles\u201d all\u00ed encontrar\u00e1s el detalle de las tareas y condiciones de vida del proyecto, as\u00ed como tambi\u00e9n los requerimientos especiales especificados, si existen (cuota extra, carta de motivaci\u00f3n, certificados espec\u00edficos, etc.).<\/p>\t\t\t\t\t\t\t\t<\/div>\n\t\t\t\t<\/div>\n\t\t\t\t<\/div>\n\t\t<div class=\"elementor-element elementor-element-ba1d0b1 e-con-full e-flex e-con e-child\" data-id=\"ba1d0b1\" data-element_type=\"container\" data-e-type=\"container\" data-settings=\"{&quot;jet_parallax_layout_list&quot;:[]}\">\n\t\t\t\t<div class=\"elementor-element elementor-element-b4914c2 elementor-widget elementor-widget-text-editor\" data-id=\"b4914c2\" data-element_type=\"widget\" data-e-type=\"widget\" data-widget_type=\"text-editor.default\">\n\t\t\t\t<div class=\"elementor-widget-container\">\n\t\t\t\t\t\t\t\t\t<p><strong>Elecci\u00f3n de proyectos<\/strong><br> Una vez elegidos los proyectos que te interesen, seleccionelos y se a\u00f1adir\u00e1n a tu lista de preferencias. Te pedimos que varios proyectos para que tengamos m\u00e1s opciones de encontrar una plaza en cualquiera de ellos, por si alguna de tus opciones ya est\u00e1 llena. <\/p><p><strong>Disponibilidad de plazas<\/strong><br> La disponibilidad de plazas que se indica en la descripci\u00f3n del proyecto es la misma para todos los voluntarios y voluntarias de todo el mundo. Esto significa que, aunque se indique que quedan plazas disponibles, podr\u00eda ser que las plazas de tu g\u00e9nero o nacionalidad ya estuvieran cubiertas. Tambi\u00e9n existe la posibilidad de que, en el momento de inscribirte, poco antes que t\u00fa, otro aspirante de alguna otra parte del mundo se ha inscrito, y su inscripci\u00f3n todav\u00eda no ha sido actualizada en el buscador. Te recomendamos que elijas varios proyectos as\u00ed podremos acelerar el proceso en caso de que se llene tu primera opci\u00f3n mientras te tramitamos.<\/p><p><strong>Participaci\u00f3n en el proyecto<\/strong><br> Aseg\u00farate de que puedas asistir a las fechas se\u00f1aladas del proyecto seleccionado, desde el primer fin al \u00faltimo d\u00eda escogidos. En cuanto a los proyectos permanentes, antes de confirmarte plaza deberemos consultar con la entidad de acogida la disponibilidad de plazas seg\u00fan el per\u00edodo de tiempo que hayas propuesto en la inscripci\u00f3n. <\/p>\t\t\t\t\t\t\t\t<\/div>\n\t\t\t\t<\/div>\n\t\t\t\t<\/div>\n\t\t<div class=\"elementor-element elementor-element-905307e e-con-full e-flex e-con e-child\" data-id=\"905307e\" data-element_type=\"container\" data-e-type=\"container\" data-settings=\"{&quot;jet_parallax_layout_list&quot;:[]}\">\n\t\t\t\t<div class=\"elementor-element elementor-element-06d291a elementor-widget elementor-widget-text-editor\" data-id=\"06d291a\" data-element_type=\"widget\" data-e-type=\"widget\" data-widget_type=\"text-editor.default\">\n\t\t\t\t<div class=\"elementor-widget-container\">\n\t\t\t\t\t\t\t\t\t<h5><strong><span style=\"color: #7db901;\">Preguntas frecuentes<\/span><\/strong><\/h5><p>En el apartado <a class=\"texto-azul-qui-som\" href=\"https:\/\/cocat.c.wetopi.com\/es\/faq\/proceso-inscripcion\/\" target=\"_blank\" rel=\"noopener\">Preguntas frecuentes<\/a> puedes consultar todas las preguntas y respuestas m\u00e1s habituales en torno al buscador y el proceso de inscripci\u00f3n.<\/p><h5><strong><span style=\"color: #7db901;\">Inscripciones<\/span><\/strong><\/h5><p>Una vez que hayas realizado todos los pasos anteriores, para inscribirte, accede a la secci\u00f3n <a href=\"https:\/\/cocat.c.wetopi.com\/es\/inscripciones\/buscador-de-proyectos\/\" target=\"_blank\" rel=\"noopener\">buscador de proyectos.<\/a><\/p><h5><strong><span style=\"color: #7db901;\">Recomendaciones<\/span><\/strong><\/h5><p>La lengua vehicular del proyecto ser\u00e1 el ingl\u00e9s, as\u00ed que\u2026 \u00a1empieza a practicar!<\/p><p>Ponte en contacto con nosotros en <a href=\"mailto:outgoing@cocat.org\">outgoing@cocat.org<\/a> para conocer un poco mejor las propuestas de media y larga duraci\u00f3n que puedes realizar con COCAT.<\/p>\t\t\t\t\t\t\t\t<\/div>\n\t\t\t\t<\/div>\n\t\t\t\t<\/div>\n\t\t\t\t\t<\/div>\n\t\t\t\t<\/div>\n\t\t\t\t<\/div>\n\t\t","protected":false},"excerpt":{"rendered":"<p>Proyectos de Media y Larga duraci\u00f3n (MTV y LTV) Introducci\u00f3n Los proyectos de larga duraci\u00f3n que ver\u00e1s en el buscador son todos proyectos de entidades con las que COCAT lleva tiempo colaborando y que tiene buenas referencias. Para complementar la informaci\u00f3n sobre las entidades organizadoras del proyecto escogido, puedes consultar la secci\u00f3n Qui\u00e9nes somos de &#8230; <a title=\"Proyectos de Media y Larga duraci\u00f3n (MTV y LTV)\" class=\"read-more\" href=\"https:\/\/cocat.org\/es\/inscripciones\/proyectos-de-media-y-larga-duracion-mtv-y-ltv\/\" aria-label=\"Leer m\u00e1s sobre Proyectos de Media y Larga duraci\u00f3n (MTV y LTV)\">Leer m\u00e1s<\/a><\/p>\n","protected":false},"author":1,"featured_media":0,"parent":2285,"menu_order":0,"comment_status":"closed","ping_status":"closed","template":"elementor_header_footer","meta":{"footnotes":""},"class_list":["post-2299","page","type-page","status-publish"],"_links":{"self":[{"href":"https:\/\/cocat.org\/es\/wp-json\/wp\/v2\/pages\/2299","targetHints":{"allow":["GET"]}}],"collection":[{"href":"https:\/\/cocat.org\/es\/wp-json\/wp\/v2\/pages"}],"about":[{"href":"https:\/\/cocat.org\/es\/wp-json\/wp\/v2\/types\/page"}],"author":[{"embeddable":true,"href":"https:\/\/cocat.org\/es\/wp-json\/wp\/v2\/users\/1"}],"replies":[{"embeddable":true,"href":"https:\/\/cocat.org\/es\/wp-json\/wp\/v2\/comments?post=2299"}],"version-history":[{"count":1,"href":"https:\/\/cocat.org\/es\/wp-json\/wp\/v2\/pages\/2299\/revisions"}],"predecessor-version":[{"id":2301,"href":"https:\/\/cocat.org\/es\/wp-json\/wp\/v2\/pages\/2299\/revisions\/2301"}],"up":[{"embeddable":true,"href":"https:\/\/cocat.org\/es\/wp-json\/wp\/v2\/pages\/2285"}],"wp:attachment":[{"href":"https:\/\/cocat.org\/es\/wp-json\/wp\/v2\/media?parent=2299"}],"curies":[{"name":"wp","href":"https:\/\/api.w.org\/{rel}","templated":true}]}}