{"id":2302,"date":"2024-07-02T21:42:43","date_gmt":"2024-07-02T19:42:43","guid":{"rendered":"https:\/\/cocat.c.wetopi.com\/inscripciones\/condiciones-de-pago\/"},"modified":"2026-03-25T15:14:27","modified_gmt":"2026-03-25T14:14:27","slug":"condiciones-de-pago","status":"publish","type":"page","link":"https:\/\/cocat.org\/es\/inscripciones\/condiciones-de-pago\/","title":{"rendered":"Condiciones de pago"},"content":{"rendered":"\t\t<div data-elementor-type=\"wp-page\" data-elementor-id=\"2302\" class=\"elementor elementor-2302 elementor-774\" data-elementor-post-type=\"page\">\n\t\t\t\t<div class=\"elementor-element elementor-element-7ed4bdca e-con-full e-flex e-con e-parent\" data-id=\"7ed4bdca\" data-element_type=\"container\" data-e-type=\"container\" data-settings=\"{&quot;jet_parallax_layout_list&quot;:[],&quot;background_background&quot;:&quot;classic&quot;}\">\n\t\t\t\t<\/div>\n\t\t<div class=\"elementor-element elementor-element-426b64c e-flex e-con-boxed e-con e-parent\" data-id=\"426b64c\" data-element_type=\"container\" data-e-type=\"container\" data-settings=\"{&quot;jet_parallax_layout_list&quot;:[]}\">\n\t\t\t\t\t<div class=\"e-con-inner\">\n\t\t\t\t<div class=\"elementor-element elementor-element-fef024f elementor-widget elementor-widget-heading\" data-id=\"fef024f\" data-element_type=\"widget\" data-e-type=\"widget\" data-widget_type=\"heading.default\">\n\t\t\t\t<div class=\"elementor-widget-container\">\n\t\t\t\t\t<h4 class=\"elementor-heading-title elementor-size-default\">Condiciones de pago<\/h4>\t\t\t\t<\/div>\n\t\t\t\t<\/div>\n\t\t\t\t\t<\/div>\n\t\t\t\t<\/div>\n\t\t<div class=\"elementor-element elementor-element-dca201f e-flex e-con-boxed e-con e-parent\" data-id=\"dca201f\" data-element_type=\"container\" data-e-type=\"container\" data-settings=\"{&quot;jet_parallax_layout_list&quot;:[]}\">\n\t\t\t\t\t<div class=\"e-con-inner\">\n\t\t\t\t<div class=\"elementor-element elementor-element-866f0b8 elementor-widget elementor-widget-text-editor\" data-id=\"866f0b8\" data-element_type=\"widget\" data-e-type=\"widget\" data-widget_type=\"text-editor.default\">\n\t\t\t\t<div class=\"elementor-widget-container\">\n\t\t\t\t\t\t\t\t\t<h5><strong><span style=\"color: #7cb900;\">Formas de pago<\/span><\/strong><\/h5><p>Recordamos que para empezar a tramitar tu solicitud es imprescindible que te hayas inscrito con el formulario de inscripci\u00f3n del buscador de proyectos y hayas dado todos los pasos. Lee atentamente el apartado <a href=\"https:\/\/cocat.org\/que-es-un-camp-de-treball\/\">Pasos a seguir para inscribirse en Campos de Trabajo Internacionales<\/a> o bien <a href=\"https:\/\/cocat.org\/projectes-de-mitja-i-llarga-durada\/\">Proyectos de Media y Larga duraci\u00f3n (MTV y LTV)<\/a> . <\/p>\t\t\t\t\t\t\t\t<\/div>\n\t\t\t\t<\/div>\n\t\t\t\t\t<\/div>\n\t\t\t\t<\/div>\n\t\t<div class=\"elementor-element elementor-element-dcd5355 e-flex e-con-boxed e-con e-parent\" data-id=\"dcd5355\" data-element_type=\"container\" data-e-type=\"container\" data-settings=\"{&quot;jet_parallax_layout_list&quot;:[]}\">\n\t\t\t\t\t<div class=\"e-con-inner\">\n\t\t<div class=\"elementor-element elementor-element-8e51525 e-con-full e-flex e-con e-child\" data-id=\"8e51525\" data-element_type=\"container\" data-e-type=\"container\" data-settings=\"{&quot;jet_parallax_layout_list&quot;:[]}\">\n\t\t\t\t<div class=\"elementor-element elementor-element-676ff50 elementor-view-default elementor-widget elementor-widget-icon\" data-id=\"676ff50\" data-element_type=\"widget\" data-e-type=\"widget\" data-widget_type=\"icon.default\">\n\t\t\t\t<div class=\"elementor-widget-container\">\n\t\t\t\t\t\t\t<div class=\"elementor-icon-wrapper\">\n\t\t\t<a class=\"elementor-icon\" href=\"https:\/\/cocat.org\/es\/inscripciones\/pago-por-tarjeta-de-debito-o-credito\/\">\n\t\t\t<svg aria-hidden=\"true\" class=\"e-font-icon-svg e-far-credit-card\" viewBox=\"0 0 576 512\" xmlns=\"http:\/\/www.w3.org\/2000\/svg\"><path d=\"M527.9 32H48.1C21.5 32 0 53.5 0 80v352c0 26.5 21.5 48 48.1 48h479.8c26.6 0 48.1-21.5 48.1-48V80c0-26.5-21.5-48-48.1-48zM54.1 80h467.8c3.3 0 6 2.7 6 6v42H48.1V86c0-3.3 2.7-6 6-6zm467.8 352H54.1c-3.3 0-6-2.7-6-6V256h479.8v170c0 3.3-2.7 6-6 6zM192 332v40c0 6.6-5.4 12-12 12h-72c-6.6 0-12-5.4-12-12v-40c0-6.6 5.4-12 12-12h72c6.6 0 12 5.4 12 12zm192 0v40c0 6.6-5.4 12-12 12H236c-6.6 0-12-5.4-12-12v-40c0-6.6 5.4-12 12-12h136c6.6 0 12 5.4 12 12z\"><\/path><\/svg>\t\t\t<\/a>\n\t\t<\/div>\n\t\t\t\t\t\t<\/div>\n\t\t\t\t<\/div>\n\t\t\t\t<div class=\"elementor-element elementor-element-5b8cd43 elementor-widget elementor-widget-text-editor\" data-id=\"5b8cd43\" data-element_type=\"widget\" data-e-type=\"widget\" data-widget_type=\"text-editor.default\">\n\t\t\t\t<div class=\"elementor-widget-container\">\n\t\t\t\t\t\t\t\t\t<h5><a href=\"https:\/\/cocat.org\/es\/inscripciones\/pago-por-tarjeta-de-debito-o-credito\/\"><strong><span style=\"color: #008bcb;\">Tarjeta<\/span><\/strong><\/a><\/h5><p>Si no eres el\/la titular de la tarjeta, aseg\u00farate de que especifiques tu nombre (el nombre del voluntario\/a que hace la inscripci\u00f3n) y de indicar el mismo correo electr\u00f3nico que nos has facilitado en el formulario de inscripci\u00f3n.<\/p>\t\t\t\t\t\t\t\t<\/div>\n\t\t\t\t<\/div>\n\t\t\t\t<\/div>\n\t\t\t\t\t<\/div>\n\t\t\t\t<\/div>\n\t\t<div class=\"elementor-element elementor-element-8a59435 e-flex e-con-boxed e-con e-parent\" data-id=\"8a59435\" data-element_type=\"container\" data-e-type=\"container\" data-settings=\"{&quot;jet_parallax_layout_list&quot;:[]}\">\n\t\t\t\t\t<div class=\"e-con-inner\">\n\t\t\t\t<div class=\"elementor-element elementor-element-0bc2acb elementor-widget elementor-widget-text-editor\" data-id=\"0bc2acb\" data-element_type=\"widget\" data-e-type=\"widget\" data-widget_type=\"text-editor.default\">\n\t\t\t\t<div class=\"elementor-widget-container\">\n\t\t\t\t\t\t\t\t\t<h5><strong><span style=\"color: #7cb900;\">Cuotas<\/span><\/strong><\/h5><ul><li>Campos de trabajo en el extranjero: 150\u20ac (+18) y 200\u20ac (14-17 a\u00f1os).<\/li><li>Campos de trabajo en Catalu\u00f1a: 145\u20ac (+18) y 200\u20ac (14-17 a\u00f1os).<\/li><li>Media y larga duraci\u00f3n: 150\u20ac (+18)<\/li><li>Campos de trabajo ESC VT: 50\u20ac (fianza)<\/li><\/ul><p>En el caso de inscribirse en m\u00e1s de un campo al mismo a\u00f1o, la cuota es:<\/p><ul><li><strong>A partir del 2\u00ba campo<\/strong> : 120\u20ac (mayores de edad) y 170\u20ac (menores de edad)<\/li><li><strong>A partir del 4\u00ba campo<\/strong> : 50% de descuento (75\u20ac para los mayores de edad y 100\u20ac para los menores).<\/li><\/ul>\t\t\t\t\t\t\t\t<\/div>\n\t\t\t\t<\/div>\n\t\t\t\t\t<\/div>\n\t\t\t\t<\/div>\n\t\t\t\t<\/div>\n\t\t","protected":false},"excerpt":{"rendered":"<p>Condiciones de pago Formas de pago Recordamos que para empezar a tramitar tu solicitud es imprescindible que te hayas inscrito con el formulario de inscripci\u00f3n del buscador de proyectos y hayas dado todos los pasos. Lee atentamente el apartado Pasos a seguir para inscribirse en Campos de Trabajo Internacionales o bien Proyectos de Media y &#8230; <a title=\"Condiciones de pago\" class=\"read-more\" href=\"https:\/\/cocat.org\/es\/inscripciones\/condiciones-de-pago\/\" aria-label=\"Leer m\u00e1s sobre Condiciones de pago\">Leer m\u00e1s<\/a><\/p>\n","protected":false},"author":1,"featured_media":0,"parent":2285,"menu_order":0,"comment_status":"closed","ping_status":"closed","template":"elementor_header_footer","meta":{"footnotes":""},"class_list":["post-2302","page","type-page","status-publish"],"_links":{"self":[{"href":"https:\/\/cocat.org\/es\/wp-json\/wp\/v2\/pages\/2302","targetHints":{"allow":["GET"]}}],"collection":[{"href":"https:\/\/cocat.org\/es\/wp-json\/wp\/v2\/pages"}],"about":[{"href":"https:\/\/cocat.org\/es\/wp-json\/wp\/v2\/types\/page"}],"author":[{"embeddable":true,"href":"https:\/\/cocat.org\/es\/wp-json\/wp\/v2\/users\/1"}],"replies":[{"embeddable":true,"href":"https:\/\/cocat.org\/es\/wp-json\/wp\/v2\/comments?post=2302"}],"version-history":[{"count":8,"href":"https:\/\/cocat.org\/es\/wp-json\/wp\/v2\/pages\/2302\/revisions"}],"predecessor-version":[{"id":3040,"href":"https:\/\/cocat.org\/es\/wp-json\/wp\/v2\/pages\/2302\/revisions\/3040"}],"up":[{"embeddable":true,"href":"https:\/\/cocat.org\/es\/wp-json\/wp\/v2\/pages\/2285"}],"wp:attachment":[{"href":"https:\/\/cocat.org\/es\/wp-json\/wp\/v2\/media?parent=2302"}],"curies":[{"name":"wp","href":"https:\/\/api.w.org\/{rel}","templated":true}]}}